{"id":4106,"date":"2017-09-04T12:40:16","date_gmt":"2017-09-04T10:40:16","guid":{"rendered":"https:\/\/julkaszpulka.pl\/strona-glowna-1\/"},"modified":"2022-10-06T15:04:44","modified_gmt":"2022-10-06T13:04:44","slug":"strona-glowna-1","status":"publish","type":"page","link":"https:\/\/julkaszpulka.pl\/en\/","title":{"rendered":"Home"},"content":{"rendered":"<section class=\"l-section wpb_row us_custom_f3f68ac4 height_medium\"><div class=\"l-section-h i-cf\"><div class=\"g-cols vc_row via_flex valign_top type_default stacking_default\"><div class=\"vc_col-sm-12 wpb_column vc_column_container\"><div class=\"vc_column-inner us_custom_593d0d3d\"><div class=\"wpb_wrapper\"><div id=\"ult-carousel-341876774569e74e4f7a60b\" class=\"ult-carousel-wrapper   ult_horizontal\" data-gutter=\"0\" data-rtl=\"false\" ><div class=\"ult-carousel-1579203269e74e4f7a5e7 \" ><div class=\"ult-item-wrap\" data-animation=\"animated no-animation\"><div class=\"w-image us_custom_c00252cc align_center\"><a title=\"Sklep Julka i Szpulka \" href=\"https:\/\/julkaszpulka.pl\/en\/sklep\/\" aria-label=\"Title\" class=\"w-image-h\"><img loading=\"lazy\" decoding=\"async\" class=\"g-placeholder\" src=\"https:\/\/julkaszpulka.pl\/wp-content\/plugins\/us-core\/assets\/images\/placeholder.svg\" width=\"1140\" height=\"0\" alt><\/a><\/div><\/div><div class=\"ult-item-wrap\" data-animation=\"animated no-animation\"><div class=\"w-image us_custom_c00252cc align_center\"><a title=\"Newsletter Julka i Szpulka\" href=\"https:\/\/julkaszpulka.pl\/en\/newsletter\/\" aria-label=\"Title\" class=\"w-image-h\"><img loading=\"lazy\" decoding=\"async\" class=\"g-placeholder\" src=\"https:\/\/julkaszpulka.pl\/wp-content\/plugins\/us-core\/assets\/images\/placeholder.svg\" width=\"1140\" height=\"0\" alt><\/a><\/div><\/div><div class=\"ult-item-wrap\" data-animation=\"animated no-animation\"><div class=\"w-image us_custom_c00252cc align_center\"><a title=\"Akcja \u015aledcza KONCENTRACJA\" href=\"https:\/\/julkaszpulka.pl\/en\/o-serii\/\" aria-label=\"Title\" class=\"w-image-h\"><img loading=\"lazy\" decoding=\"async\" class=\"g-placeholder\" src=\"https:\/\/julkaszpulka.pl\/wp-content\/plugins\/us-core\/assets\/images\/placeholder.svg\" width=\"1140\" height=\"0\" alt><\/a><\/div><\/div><\/div><\/div>\t\t\t<script type=\"text\/javascript\">\n\t\t\t\tjQuery(document).ready(function ($) {\n\t\t\t\t\tif( typeof jQuery('.ult-carousel-1579203269e74e4f7a5e7').slick == \"function\"){\n\t\t\t\t\t\t$('.ult-carousel-1579203269e74e4f7a5e7').slick({dots: true,autoplay: true,autoplaySpeed: \"4000\",speed: \"500\",infinite: true,arrows: false,slidesToScroll:1,slidesToShow:1,swipe: true,draggable: true,touchMove: true,pauseOnHover: true,pauseOnFocus: false,responsive: [\n\t\t\t\t\t\t\t{\n\t\t\t\t\t\t\t  breakpoint: 1026,\n\t\t\t\t\t\t\t  settings: {\n\t\t\t\t\t\t\t\tslidesToShow: 1,\n\t\t\t\t\t\t\t\tslidesToScroll: 1,  \n\t\t\t\t\t\t\t  }\n\t\t\t\t\t\t\t},\n\t\t\t\t\t\t\t{\n\t\t\t\t\t\t\t  breakpoint: 1025,\n\t\t\t\t\t\t\t  settings: {\n\t\t\t\t\t\t\t\tslidesToShow: 1,\n\t\t\t\t\t\t\t\tslidesToScroll: 1\n\t\t\t\t\t\t\t  }\n\t\t\t\t\t\t\t},\n\t\t\t\t\t\t\t{\n\t\t\t\t\t\t\t  breakpoint: 760,\n\t\t\t\t\t\t\t  settings: {\n\t\t\t\t\t\t\t\tslidesToShow: 1,\n\t\t\t\t\t\t\t\tslidesToScroll: 1\n\t\t\t\t\t\t\t  }\n\t\t\t\t\t\t\t}\n\t\t\t\t\t\t],pauseOnDotsHover: true,customPaging: function(slider, i) {\n                   return '<i type=\"button\" style= \"color:#333333;\" class=\"ultsl-record\" data-role=\"none\"><\/i>';\n                },});\n\t\t\t\t\t}\n\t\t\t\t});\n\t\t\t<\/script>\n\t\t\t<\/div><\/div><\/div><\/div><\/div><\/section><section class=\"l-section wpb_row us_custom_5cd26a65 height_medium\" id=\"block-info\"><div class=\"l-section-h i-cf\"><div class=\"g-cols vc_row via_flex valign_top type_default stacking_default\"><div class=\"vc_col-sm-4 wpb_column vc_column_container\"><div class=\"vc_column-inner\"><div class=\"wpb_wrapper\"><div class=\"g-cols wpb_row via_flex valign_top type_default stacking_default\"><div class=\"vc_col-sm-12 wpb_column vc_column_container\"><div class=\"vc_column-inner\"><div class=\"wpb_wrapper\"><div id=\"ultimate-heading-594969e74e4f7b464\" class=\"uvc-heading ult-adjust-bottom-margin ultimate-heading-594969e74e4f7b464 uvc-944 \" data-hspacer=\"no_spacer\"  data-halign=\"center\" style=\"text-align:center\"><div class=\"uvc-heading-spacer no_spacer\" style=\"top\"><\/div><div class=\"uvc-sub-heading ult-responsive\"  data-ultimate-target='.uvc-heading.ultimate-heading-594969e74e4f7b464 .uvc-sub-heading '  data-responsive-json-new='{\"font-size\":\"\",\"line-height\":\"\"}'  style=\"font-weight:normal;margin-bottom:1rem;\">\n<h3 style=\"text-align: center;\"><a href=\"\/julka\/\">JULKA<\/a><\/h3>\n<\/div><\/div><div class=\"w-image align_center\"><a title=\"Julka\" href=\"https:\/\/julkaszpulka.pl\/en\/julka\/\" aria-label=\"poznaj-julke\" class=\"w-image-h\"><img decoding=\"async\" width=\"600\" height=\"600\" src=\"https:\/\/julkaszpulka.pl\/wp-content\/uploads\/2020\/09\/poznaj-julke-600x600.jpg\" class=\"attachment-us_600_0 size-us_600_0\" alt=\"\" loading=\"lazy\" srcset=\"https:\/\/julkaszpulka.pl\/wp-content\/uploads\/2020\/09\/poznaj-julke-600x600.jpg 600w, https:\/\/julkaszpulka.pl\/wp-content\/uploads\/2020\/09\/poznaj-julke-300x300.jpg 300w, https:\/\/julkaszpulka.pl\/wp-content\/uploads\/2020\/09\/poznaj-julke-150x150.jpg 150w, https:\/\/julkaszpulka.pl\/wp-content\/uploads\/2020\/09\/poznaj-julke-400x400.jpg 400w, https:\/\/julkaszpulka.pl\/wp-content\/uploads\/2020\/09\/poznaj-julke-800x800.jpg 800w, https:\/\/julkaszpulka.pl\/wp-content\/uploads\/2020\/09\/poznaj-julke.jpg 1000w\" sizes=\"auto, (max-width: 600px) 100vw, 600px\" \/><\/a><\/div><div class=\"w-separator size_custom\" style=\"height:1rem\"><\/div><div class=\"wpb_text_column us_custom_f2eec366\"><div class=\"wpb_wrapper\"><p>Hi! I&#8217;m Julie. If you want to get to know me better, click on my nose.<\/p>\n<\/div><\/div><\/div><\/div><\/div><\/div><\/div><\/div><\/div><div class=\"vc_col-sm-4 wpb_column vc_column_container\"><div class=\"vc_column-inner\"><div class=\"wpb_wrapper\"><div class=\"g-cols wpb_row via_flex valign_top type_default stacking_default\"><div class=\"vc_col-sm-12 wpb_column vc_column_container\"><div class=\"vc_column-inner\"><div class=\"wpb_wrapper\"><div id=\"ultimate-heading-757169e74e4f7bd70\" class=\"uvc-heading ult-adjust-bottom-margin ultimate-heading-757169e74e4f7bd70 uvc-8422 \" data-hspacer=\"no_spacer\"  data-halign=\"center\" style=\"text-align:center\"><div class=\"uvc-heading-spacer no_spacer\" style=\"top\"><\/div><div class=\"uvc-sub-heading ult-responsive\"  data-ultimate-target='.uvc-heading.ultimate-heading-757169e74e4f7bd70 .uvc-sub-heading '  data-responsive-json-new='{\"font-size\":\"\",\"line-height\":\"\"}'  style=\"font-weight:normal;margin-bottom:1rem;\">\n<h3 style=\"text-align: center;\"><a href=\"\/szpulka\/\">SZPULKA<\/a><\/h3>\n<\/div><\/div><div class=\"w-image align_center\"><a title=\"Szpulka\" href=\"https:\/\/julkaszpulka.pl\/en\/szpulka\/\" aria-label=\"julka-szpulka-poznaj-szpulke\" class=\"w-image-h\"><img decoding=\"async\" width=\"600\" height=\"600\" src=\"https:\/\/julkaszpulka.pl\/wp-content\/uploads\/2020\/09\/julka-szpulka-poznaj-szpulke-600x600.jpg\" class=\"attachment-us_600_0 size-us_600_0\" alt=\"\" loading=\"lazy\" srcset=\"https:\/\/julkaszpulka.pl\/wp-content\/uploads\/2020\/09\/julka-szpulka-poznaj-szpulke-600x600.jpg 600w, https:\/\/julkaszpulka.pl\/wp-content\/uploads\/2020\/09\/julka-szpulka-poznaj-szpulke-300x300.jpg 300w, https:\/\/julkaszpulka.pl\/wp-content\/uploads\/2020\/09\/julka-szpulka-poznaj-szpulke-150x150.jpg 150w, https:\/\/julkaszpulka.pl\/wp-content\/uploads\/2020\/09\/julka-szpulka-poznaj-szpulke-400x400.jpg 400w, https:\/\/julkaszpulka.pl\/wp-content\/uploads\/2020\/09\/julka-szpulka-poznaj-szpulke-800x800.jpg 800w, https:\/\/julkaszpulka.pl\/wp-content\/uploads\/2020\/09\/julka-szpulka-poznaj-szpulke.jpg 1000w\" sizes=\"auto, (max-width: 600px) 100vw, 600px\" \/><\/a><\/div><div class=\"w-separator size_custom\" style=\"height:1rem\"><\/div><div class=\"wpb_text_column us_custom_f2eec366\"><div class=\"wpb_wrapper\"><p>Hi! It&#8217;s Wooly here. Do you want to get to know who am I? Click on my belly!<\/p>\n<\/div><\/div><\/div><\/div><\/div><\/div><\/div><\/div><\/div><div class=\"vc_col-sm-4 wpb_column vc_column_container\"><div class=\"vc_column-inner\"><div class=\"wpb_wrapper\"><div class=\"g-cols wpb_row via_flex valign_top type_default stacking_default\"><div class=\"vc_col-sm-12 wpb_column vc_column_container\"><div class=\"vc_column-inner\"><div class=\"wpb_wrapper\"><div id=\"ultimate-heading-244969e74e4f7c3e3\" class=\"uvc-heading ult-adjust-bottom-margin ultimate-heading-244969e74e4f7c3e3 uvc-8583 \" data-hspacer=\"no_spacer\"  data-halign=\"center\" style=\"text-align:center\"><div class=\"uvc-heading-spacer no_spacer\" style=\"top\"><\/div><div class=\"uvc-sub-heading ult-responsive\"  data-ultimate-target='.uvc-heading.ultimate-heading-244969e74e4f7c3e3 .uvc-sub-heading '  data-responsive-json-new='{\"font-size\":\"\",\"line-height\":\"\"}'  style=\"font-weight:normal;margin-bottom:1rem;\">\n<h3 style=\"text-align: center;\"><a href=\"\/na-nude\/\">NA NUD\u0118<\/a><\/h3>\n<\/div><\/div><div class=\"w-image align_center\"><a title=\"Na nud\u0119\" href=\"https:\/\/julkaszpulka.pl\/en\/na-nude\/\" aria-label=\"julka-szpulka-na-nude\" class=\"w-image-h\"><img decoding=\"async\" width=\"600\" height=\"592\" src=\"https:\/\/julkaszpulka.pl\/wp-content\/uploads\/2020\/09\/julka-szpulka-na-nude-600x592.jpg\" class=\"attachment-us_600_0 size-us_600_0\" alt=\"\" loading=\"lazy\" srcset=\"https:\/\/julkaszpulka.pl\/wp-content\/uploads\/2020\/09\/julka-szpulka-na-nude-600x592.jpg 600w, https:\/\/julkaszpulka.pl\/wp-content\/uploads\/2020\/09\/julka-szpulka-na-nude-300x296.jpg 300w, https:\/\/julkaszpulka.pl\/wp-content\/uploads\/2020\/09\/julka-szpulka-na-nude-800x790.jpg 800w, https:\/\/julkaszpulka.pl\/wp-content\/uploads\/2020\/09\/julka-szpulka-na-nude.jpg 1000w\" sizes=\"auto, (max-width: 600px) 100vw, 600px\" \/><\/a><\/div><div class=\"w-separator size_custom\" style=\"height:1rem\"><\/div><div class=\"wpb_text_column us_custom_f2eec366\"><div class=\"wpb_wrapper\"><p>Are you bored? Look here and you will forget about boredoom!<\/p>\n<\/div><\/div><\/div><\/div><\/div><\/div><\/div><\/div><\/div><\/div><\/div><\/section><section class=\"l-section wpb_row us_custom_5cd26a65 height_medium\"><div class=\"l-section-h i-cf\"><div class=\"g-cols vc_row via_flex valign_top type_default stacking_default\"><div class=\"vc_col-sm-12 wpb_column vc_column_container\"><div class=\"vc_column-inner\"><div class=\"wpb_wrapper\"><div id=\"ultimate-heading-202169e74e4f7cb22\" class=\"uvc-heading ult-adjust-bottom-margin ultimate-heading-202169e74e4f7cb22 uvc-7597 \" data-hspacer=\"no_spacer\"  data-halign=\"center\" style=\"text-align:center\"><div class=\"uvc-heading-spacer no_spacer\" style=\"top\"><\/div><div class=\"uvc-main-heading ult-responsive\"  data-ultimate-target='.uvc-heading.ultimate-heading-202169e74e4f7cb22 h3'  data-responsive-json-new='{\"font-size\":\"\",\"line-height\":\"\"}' ><h3 style=\"font-weight:normal;\">OSTATNIE WPISY<\/h3><\/div><\/div><div class=\"w-separator size_medium\"><\/div><div class=\"w-grid us_grid type_grid layout_2580 hidden cols_3 preload_style_spinner\" id=\"last-post\" style=\"--columns:3;--gap:1.5rem;\" data-filterable=\"true\"><style>@media (max-width:1024px){#last-post{--columns:2!important}}@media (max-width:600px){#last-post{--columns:1!important}}.layout_2580 .w-grid-item-h{}.layout_2580 .usg_post_title_1{font-weight:600!important;line-height:1.2em!important;height:50px!important;margin-top:1rem!important}.layout_2580 .usg_post_taxonomy_1{font-weight:600!important;font-size:14px!important;margin-top:0.2rem!important}.layout_2580 .usg_post_content_1{margin-top:1rem!important}<\/style><div class=\"w-grid-list\"><\/div>\t<div class=\"w-grid-preloader\">\r\n\t\t<div class=\"g-preloader type_1\">\r\n\t\t\t<div><\/div>\r\n\t\t<\/div>\r\n\t<\/div>\r\n\t\t<div class=\"w-grid-json hidden\" onclick='return {&quot;action&quot;:&quot;us_ajax_grid&quot;,&quot;infinite_scroll&quot;:0,&quot;max_num_pages&quot;:0,&quot;pagination&quot;:&quot;none&quot;,&quot;template_vars&quot;:{&quot;columns&quot;:&quot;3&quot;,&quot;exclude_items&quot;:&quot;none&quot;,&quot;img_size&quot;:&quot;default&quot;,&quot;ignore_items_size&quot;:0,&quot;items_layout&quot;:&quot;2580&quot;,&quot;items_offset&quot;:&quot;1&quot;,&quot;load_animation&quot;:&quot;none&quot;,&quot;overriding_link&quot;:&quot;{\\&quot;url\\&quot;:\\&quot;\\&quot;}&quot;,&quot;post_id&quot;:0,&quot;query_args&quot;:{&quot;post_type&quot;:[&quot;post&quot;],&quot;post_status&quot;:[&quot;publish&quot;,&quot;acf-disabled&quot;],&quot;posts_per_page&quot;:&quot;3&quot;},&quot;orderby_query_args&quot;:{&quot;orderby&quot;:{&quot;date&quot;:&quot;DESC&quot;}},&quot;type&quot;:&quot;grid&quot;,&quot;us_grid_post_type&quot;:&quot;post&quot;,&quot;us_grid_ajax_index&quot;:1,&quot;us_grid_filter_query_string&quot;:null,&quot;us_grid_index&quot;:1,&quot;page_args&quot;:[],&quot;lang&quot;:&quot;en&quot;}}'><\/div>\r\n\t<\/div><div class=\"w-grid-none type_message\">No results found.<\/div><div class=\"w-separator size_small\"><\/div><div class=\"w-btn-wrapper align_center\"><a class=\"w-btn us-btn-style_1 icon_atleft\" title=\"Blog\" href=\"https:\/\/julkaszpulka.pl\/en\/blog\/\"><i class=\"fas fa-angle-double-right\"><\/i><span class=\"w-btn-label\">Czytaj wi\u0119cej<\/span><\/a><\/div><\/div><\/div><\/div><\/div><\/div><\/section>\n","protected":false},"excerpt":{"rendered":"JULKA Hi! I&#8217;m Julie. If you want to get to know me better, click on my nose. SZPULKA Hi! It&#8217;s Wooly here. Do you want to get to know who am I? Click on my belly! NA NUD\u0118 Are you bored? Look here and you will forget about boredoom! OSTATNIE WPISY No results found.Czytaj wi\u0119cej","protected":false},"author":1,"featured_media":0,"parent":0,"menu_order":5,"comment_status":"closed","ping_status":"closed","template":"","meta":{"_acf_changed":false,"footnotes":""},"class_list":["post-4106","page","type-page","status-publish","hentry"],"acf":[],"yoast_head":"<!-- This site is optimized with the Yoast SEO plugin v27.4 - https:\/\/yoast.com\/product\/yoast-seo-wordpress\/ -->\n<title>Home - Julka i Szpulka - interaktywne ksi\u0105\u017cki detektywistyczne<\/title>\n<meta name=\"robots\" content=\"index, follow, max-snippet:-1, max-image-preview:large, max-video-preview:-1\" \/>\n<link rel=\"canonical\" href=\"https:\/\/julkaszpulka.pl\/en\/\" \/>\n<meta property=\"og:locale\" content=\"en_US\" \/>\n<meta property=\"og:type\" content=\"article\" \/>\n<meta property=\"og:title\" content=\"Home - Julka i Szpulka - interaktywne ksi\u0105\u017cki detektywistyczne\" \/>\n<meta property=\"og:url\" content=\"https:\/\/julkaszpulka.pl\/en\/\" \/>\n<meta property=\"og:site_name\" content=\"Julka i Szpulka - interaktywne ksi\u0105\u017cki detektywistyczne\" \/>\n<meta property=\"article:modified_time\" content=\"2022-10-06T13:04:44+00:00\" \/>\n<meta name=\"twitter:card\" content=\"summary_large_image\" \/>\n<meta name=\"twitter:label1\" content=\"Est. reading time\" \/>\n\t<meta name=\"twitter:data1\" content=\"1 minute\" \/>\n<script type=\"application\/ld+json\" class=\"yoast-schema-graph\">{\"@context\":\"https:\\\/\\\/schema.org\",\"@graph\":[{\"@type\":\"WebPage\",\"@id\":\"https:\\\/\\\/julkaszpulka.pl\\\/en\\\/\",\"url\":\"https:\\\/\\\/julkaszpulka.pl\\\/en\\\/\",\"name\":\"Home - Julka i Szpulka - interaktywne ksi\u0105\u017cki detektywistyczne\",\"isPartOf\":{\"@id\":\"https:\\\/\\\/julkaszpulka.pl\\\/#website\"},\"datePublished\":\"2017-09-04T10:40:16+00:00\",\"dateModified\":\"2022-10-06T13:04:44+00:00\",\"breadcrumb\":{\"@id\":\"https:\\\/\\\/julkaszpulka.pl\\\/en\\\/#breadcrumb\"},\"inLanguage\":\"en-US\",\"potentialAction\":[{\"@type\":\"ReadAction\",\"target\":[\"https:\\\/\\\/julkaszpulka.pl\\\/en\\\/\"]}]},{\"@type\":\"BreadcrumbList\",\"@id\":\"https:\\\/\\\/julkaszpulka.pl\\\/en\\\/#breadcrumb\",\"itemListElement\":[{\"@type\":\"ListItem\",\"position\":1,\"name\":\"Strona g\u0142\u00f3wna\",\"item\":\"https:\\\/\\\/julkaszpulka.pl\\\/en\\\/\"},{\"@type\":\"ListItem\",\"position\":2,\"name\":\"Home\"}]},{\"@type\":\"WebSite\",\"@id\":\"https:\\\/\\\/julkaszpulka.pl\\\/#website\",\"url\":\"https:\\\/\\\/julkaszpulka.pl\\\/\",\"name\":\"Julka i Szpulka - interaktywne ksi\u0105\u017cki detektywistyczne\",\"description\":\"Wyj\u0105tkowa seria interaktywnych ksi\u0105\u017cek detektywistycznych, kt\u00f3re nie tylko si\u0119 czyta.\",\"publisher\":{\"@id\":\"https:\\\/\\\/julkaszpulka.pl\\\/#organization\"},\"potentialAction\":[{\"@type\":\"SearchAction\",\"target\":{\"@type\":\"EntryPoint\",\"urlTemplate\":\"https:\\\/\\\/julkaszpulka.pl\\\/?s={search_term_string}\"},\"query-input\":{\"@type\":\"PropertyValueSpecification\",\"valueRequired\":true,\"valueName\":\"search_term_string\"}}],\"inLanguage\":\"en-US\"},{\"@type\":\"Organization\",\"@id\":\"https:\\\/\\\/julkaszpulka.pl\\\/#organization\",\"name\":\"Julka i Szpulka - interaktywne ksi\u0105\u017cki detektywistyczne\",\"url\":\"https:\\\/\\\/julkaszpulka.pl\\\/\",\"logo\":{\"@type\":\"ImageObject\",\"inLanguage\":\"en-US\",\"@id\":\"https:\\\/\\\/julkaszpulka.pl\\\/#\\\/schema\\\/logo\\\/image\\\/\",\"url\":\"https:\\\/\\\/julkaszpulka.pl\\\/wp-content\\\/uploads\\\/2017\\\/09\\\/julkaszpulka-logo.jpg\",\"contentUrl\":\"https:\\\/\\\/julkaszpulka.pl\\\/wp-content\\\/uploads\\\/2017\\\/09\\\/julkaszpulka-logo.jpg\",\"width\":150,\"height\":100,\"caption\":\"Julka i Szpulka - interaktywne ksi\u0105\u017cki detektywistyczne\"},\"image\":{\"@id\":\"https:\\\/\\\/julkaszpulka.pl\\\/#\\\/schema\\\/logo\\\/image\\\/\"}}]}<\/script>\n<!-- \/ Yoast SEO plugin. -->","yoast_head_json":{"title":"Home - Julka i Szpulka - interaktywne ksi\u0105\u017cki detektywistyczne","robots":{"index":"index","follow":"follow","max-snippet":"max-snippet:-1","max-image-preview":"max-image-preview:large","max-video-preview":"max-video-preview:-1"},"canonical":"https:\/\/julkaszpulka.pl\/en\/","og_locale":"en_US","og_type":"article","og_title":"Home - Julka i Szpulka - interaktywne ksi\u0105\u017cki detektywistyczne","og_url":"https:\/\/julkaszpulka.pl\/en\/","og_site_name":"Julka i Szpulka - interaktywne ksi\u0105\u017cki detektywistyczne","article_modified_time":"2022-10-06T13:04:44+00:00","twitter_card":"summary_large_image","twitter_misc":{"Est. reading time":"1 minute"},"schema":{"@context":"https:\/\/schema.org","@graph":[{"@type":"WebPage","@id":"https:\/\/julkaszpulka.pl\/en\/","url":"https:\/\/julkaszpulka.pl\/en\/","name":"Home - Julka i Szpulka - interaktywne ksi\u0105\u017cki detektywistyczne","isPartOf":{"@id":"https:\/\/julkaszpulka.pl\/#website"},"datePublished":"2017-09-04T10:40:16+00:00","dateModified":"2022-10-06T13:04:44+00:00","breadcrumb":{"@id":"https:\/\/julkaszpulka.pl\/en\/#breadcrumb"},"inLanguage":"en-US","potentialAction":[{"@type":"ReadAction","target":["https:\/\/julkaszpulka.pl\/en\/"]}]},{"@type":"BreadcrumbList","@id":"https:\/\/julkaszpulka.pl\/en\/#breadcrumb","itemListElement":[{"@type":"ListItem","position":1,"name":"Strona g\u0142\u00f3wna","item":"https:\/\/julkaszpulka.pl\/en\/"},{"@type":"ListItem","position":2,"name":"Home"}]},{"@type":"WebSite","@id":"https:\/\/julkaszpulka.pl\/#website","url":"https:\/\/julkaszpulka.pl\/","name":"Julka i Szpulka - interaktywne ksi\u0105\u017cki detektywistyczne","description":"Wyj\u0105tkowa seria interaktywnych ksi\u0105\u017cek detektywistycznych, kt\u00f3re nie tylko si\u0119 czyta.","publisher":{"@id":"https:\/\/julkaszpulka.pl\/#organization"},"potentialAction":[{"@type":"SearchAction","target":{"@type":"EntryPoint","urlTemplate":"https:\/\/julkaszpulka.pl\/?s={search_term_string}"},"query-input":{"@type":"PropertyValueSpecification","valueRequired":true,"valueName":"search_term_string"}}],"inLanguage":"en-US"},{"@type":"Organization","@id":"https:\/\/julkaszpulka.pl\/#organization","name":"Julka i Szpulka - interaktywne ksi\u0105\u017cki detektywistyczne","url":"https:\/\/julkaszpulka.pl\/","logo":{"@type":"ImageObject","inLanguage":"en-US","@id":"https:\/\/julkaszpulka.pl\/#\/schema\/logo\/image\/","url":"https:\/\/julkaszpulka.pl\/wp-content\/uploads\/2017\/09\/julkaszpulka-logo.jpg","contentUrl":"https:\/\/julkaszpulka.pl\/wp-content\/uploads\/2017\/09\/julkaszpulka-logo.jpg","width":150,"height":100,"caption":"Julka i Szpulka - interaktywne ksi\u0105\u017cki detektywistyczne"},"image":{"@id":"https:\/\/julkaszpulka.pl\/#\/schema\/logo\/image\/"}}]}},"jetpack_sharing_enabled":true,"_links":{"self":[{"href":"https:\/\/julkaszpulka.pl\/en\/wp-json\/wp\/v2\/pages\/4106","targetHints":{"allow":["GET"]}}],"collection":[{"href":"https:\/\/julkaszpulka.pl\/en\/wp-json\/wp\/v2\/pages"}],"about":[{"href":"https:\/\/julkaszpulka.pl\/en\/wp-json\/wp\/v2\/types\/page"}],"author":[{"embeddable":true,"href":"https:\/\/julkaszpulka.pl\/en\/wp-json\/wp\/v2\/users\/1"}],"replies":[{"embeddable":true,"href":"https:\/\/julkaszpulka.pl\/en\/wp-json\/wp\/v2\/comments?post=4106"}],"version-history":[{"count":6,"href":"https:\/\/julkaszpulka.pl\/en\/wp-json\/wp\/v2\/pages\/4106\/revisions"}],"predecessor-version":[{"id":5147,"href":"https:\/\/julkaszpulka.pl\/en\/wp-json\/wp\/v2\/pages\/4106\/revisions\/5147"}],"wp:attachment":[{"href":"https:\/\/julkaszpulka.pl\/en\/wp-json\/wp\/v2\/media?parent=4106"}],"curies":[{"name":"wp","href":"https:\/\/api.w.org\/{rel}","templated":true}]}}