{"id":4109,"date":"2020-09-13T00:17:08","date_gmt":"2020-09-12T22:17:08","guid":{"rendered":"https:\/\/julkaszpulka.pl\/na-nude\/"},"modified":"2021-09-19T16:32:44","modified_gmt":"2021-09-19T14:32:44","slug":"na-nude","status":"publish","type":"page","link":"https:\/\/julkaszpulka.pl\/en\/na-nude\/","title":{"rendered":"Na nud\u0119"},"content":{"rendered":"<section class=\"l-section wpb_row us_custom_f3f68ac4 height_medium\"><div class=\"l-section-h i-cf\"><div class=\"g-cols vc_row via_flex valign_top type_default stacking_default\"><div class=\"vc_col-sm-12 wpb_column vc_column_container\"><div class=\"vc_column-inner us_custom_593d0d3d\"><div class=\"wpb_wrapper\"><div id=\"ultimate-heading-351169f9afcc81194\" class=\"uvc-heading ult-adjust-bottom-margin ultimate-heading-351169f9afcc81194 uvc-5840 \" data-hspacer=\"no_spacer\"  data-halign=\"left\" style=\"text-align:left\"><div class=\"uvc-heading-spacer no_spacer\" style=\"top\"><\/div><div class=\"uvc-main-heading ult-responsive\"  data-ultimate-target='.uvc-heading.ultimate-heading-351169f9afcc81194 h1'  data-responsive-json-new='{\"font-size\":\"\",\"line-height\":\"\"}' ><h1 style=\"font-weight:normal;\">Na nud\u0119<\/h1><\/div><\/div><div class=\"w-separator size_medium\"><\/div><div class=\"g-cols wpb_row via_flex valign_middle type_default stacking_default\"><div class=\"vc_col-sm-4 wpb_column vc_column_container\"><div class=\"vc_column-inner\"><div class=\"wpb_wrapper\"><div class=\"w-image align_center\"><div class=\"w-image-h\"><img decoding=\"async\" width=\"600\" height=\"592\" src=\"https:\/\/julkaszpulka.pl\/wp-content\/uploads\/2020\/09\/julka-szpulka-na-nude-600x592.jpg\" class=\"attachment-us_600_0 size-us_600_0\" alt=\"\" loading=\"lazy\" srcset=\"https:\/\/julkaszpulka.pl\/wp-content\/uploads\/2020\/09\/julka-szpulka-na-nude-600x592.jpg 600w, https:\/\/julkaszpulka.pl\/wp-content\/uploads\/2020\/09\/julka-szpulka-na-nude-300x296.jpg 300w, https:\/\/julkaszpulka.pl\/wp-content\/uploads\/2020\/09\/julka-szpulka-na-nude-800x790.jpg 800w, https:\/\/julkaszpulka.pl\/wp-content\/uploads\/2020\/09\/julka-szpulka-na-nude.jpg 1000w\" sizes=\"auto, (max-width: 600px) 100vw, 600px\" \/><\/div><\/div><\/div><\/div><\/div><div class=\"vc_col-sm-8 wpb_column vc_column_container\"><div class=\"vc_column-inner\"><div class=\"wpb_wrapper\"><div class=\"wpb_text_column\"><div class=\"wpb_wrapper\"><p>Nuda! To trzecie, najcz\u0119\u015bciej powtarzane s\u0142owo przez Julk\u0119. Zaraz po \u201emamo!\u201d i \u201ejestem g\u0142odna\u201d (temu ostatniemu najcz\u0119\u015bciej towarzyszy g\u0142o\u015bny trzask drzwi lod\u00f3wki). Na nieustanne wo\u0142anie mamy nic nie poradzimy. Szybko nie przejdzie. Na drugie mo\u017cna zaradzi\u0107, w zale\u017cno\u015bci od zawarto\u015bci jedzenia w kuchni. A na nud\u0119\u2026 dobrze jest mie\u0107 co\u015b gotowego, szczeg\u00f3lnie wtedy, kiedy rodzice maj\u0105 awari\u0119 pomys\u0142\u00f3w.<\/p>\n<p>Poni\u017cej znajdziecie kilka propozycji, kt\u00f3re zajm\u0105 Twoje dziecko cho\u0107 na chwil\u0119, a tak\u017ce pomys\u0142y na wsp\u00f3lne sp\u0119dzanie czasu. Bawcie si\u0119 m\u0105drze!<\/p>\n<\/div><\/div><\/div><\/div><\/div><\/div><\/div><\/div><\/div><\/div><\/div><\/section><section class=\"l-section wpb_row height_medium\" id=\"block-downl\"><div class=\"l-section-h i-cf\"><div class=\"g-cols vc_row via_flex valign_top type_default stacking_default\"><div class=\"vc_col-sm-4 wpb_column vc_column_container\"><div class=\"vc_column-inner\"><div class=\"wpb_wrapper\"><div class=\"g-cols wpb_row via_flex valign_top type_default stacking_default\"><div class=\"vc_col-sm-12 wpb_column vc_column_container\"><div class=\"vc_column-inner\"><div class=\"wpb_wrapper\"><div id=\"ultimate-heading-754169f9afcc82142\" class=\"uvc-heading ult-adjust-bottom-margin ultimate-heading-754169f9afcc82142 uvc-7292 \" data-hspacer=\"no_spacer\"  data-halign=\"center\" style=\"text-align:center\"><div class=\"uvc-heading-spacer no_spacer\" style=\"top\"><\/div><div class=\"uvc-main-heading ult-responsive\"  data-ultimate-target='.uvc-heading.ultimate-heading-754169f9afcc82142 h3'  data-responsive-json-new='{\"font-size\":\"\",\"line-height\":\"\"}' ><h3 style=\"font-weight:normal;margin-bottom:1rem;\">PORTRET PAMI\u0118CIOWY<\/h3><\/div><\/div><div class=\"w-image align_center\"><div class=\"w-image-h\"><img loading=\"lazy\" decoding=\"async\" class=\"g-placeholder\" src=\"https:\/\/julkaszpulka.pl\/wp-content\/plugins\/us-core\/assets\/images\/placeholder.svg\" width=\"800\" height=\"800\" alt><\/div><\/div><div class=\"w-separator size_custom\" style=\"height:1rem\"><\/div><div class=\"wpb_text_column us_custom_f2eec366\"><div class=\"wpb_wrapper\"><p style=\"text-align: center;\">Wydrukuj i przyklej lub w\u0142\u00f3\u017c do ksi\u0105\u017cki \u201eSprawa zagini\u0119cia Lulu\u201d, je\u015bli chcesz poprawi\u0107 lub narysowa\u0107 raz jeszcze lalk\u0119 Lulu. Portret mo\u017cesz tak\u017ce wykorzysta\u0107 do w\u0142asnego \u015bledztwa, gdy co\u015b zgubisz i nie mo\u017cesz tego znale\u017a\u0107.<\/p>\n<\/div><\/div><div class=\"w-btn-wrapper align_center\"><a class=\"w-btn us-btn-style_1 icon_atleft\" target=\" _blank\" rel=\"nofollow\" href=\"https:\/\/julkaszpulka.pl\/wp-content\/uploads\/2020\/09\/portret-pamieciowy.pdf\"><i class=\"fas fa-cloud-download-alt\"><\/i><span class=\"w-btn-label\">Pobierz<\/span><\/a><\/div><\/div><\/div><\/div><\/div><\/div><\/div><\/div><div class=\"vc_col-sm-4 wpb_column vc_column_container\"><div class=\"vc_column-inner\"><div class=\"wpb_wrapper\"><div class=\"g-cols wpb_row via_flex valign_top type_default stacking_default\"><div class=\"vc_col-sm-12 wpb_column vc_column_container\"><div class=\"vc_column-inner\"><div class=\"wpb_wrapper\"><div id=\"ultimate-heading-898369f9afcc82933\" class=\"uvc-heading ult-adjust-bottom-margin ultimate-heading-898369f9afcc82933 uvc-1599 \" data-hspacer=\"no_spacer\"  data-halign=\"center\" style=\"text-align:center\"><div class=\"uvc-heading-spacer no_spacer\" style=\"top\"><\/div><div class=\"uvc-main-heading ult-responsive\"  data-ultimate-target='.uvc-heading.ultimate-heading-898369f9afcc82933 h3'  data-responsive-json-new='{\"font-size\":\"\",\"line-height\":\"\"}' ><h3 style=\"font-weight:normal;margin-bottom:1rem;\">ZNAJD\u0179 Z\u0141O\u015a\u0106<\/h3><\/div><\/div><div class=\"w-image align_center\"><div class=\"w-image-h\"><img loading=\"lazy\" decoding=\"async\" class=\"g-placeholder\" src=\"https:\/\/julkaszpulka.pl\/wp-content\/plugins\/us-core\/assets\/images\/placeholder.svg\" width=\"800\" height=\"800\" alt><\/div><\/div><div class=\"w-separator size_custom\" style=\"height:1rem\"><\/div><div class=\"wpb_text_column us_custom_f2eec366\"><div class=\"wpb_wrapper\"><p style=\"text-align: center;\">Pobierz ilustracj\u0119 i wsp\u00f3lnie z dzie\u0107mi zaznaczcie, jakie cz\u0119\u015bci cia\u0142a Julki, wyra\u017caj\u0105 z\u0142o\u015b\u0107. To dobra okazja do porozmawiania, czym jest z\u0142o\u015b\u0107. Pomog\u0105 Ci w tym Karty \u201eRadz\u0119 sobie ze z\u0142o\u015bci\u0105\u201d. Otrzymasz je zapisuj\u0105c si\u0119 na <a href=\"https:\/\/julkaszpulka.pl\/newsletter\/\">NEWSLETTER<\/a>.<\/p>\n<\/div><\/div><div class=\"w-btn-wrapper align_center\"><a class=\"w-btn us-btn-style_1 icon_atleft\" target=\" _blank\" rel=\"nofollow\" href=\"https:\/\/julkaszpulka.pl\/wp-content\/uploads\/2020\/09\/julka-sie-zlosci.pdf\"><i class=\"fas fa-cloud-download-alt\"><\/i><span class=\"w-btn-label\">Pobierz<\/span><\/a><\/div><\/div><\/div><\/div><\/div><\/div><\/div><\/div><div class=\"vc_col-sm-4 wpb_column vc_column_container\"><div class=\"vc_column-inner\"><div class=\"wpb_wrapper\"><div class=\"g-cols wpb_row via_flex valign_top type_default stacking_default\"><div class=\"vc_col-sm-12 wpb_column vc_column_container\"><div class=\"vc_column-inner\"><div class=\"wpb_wrapper\"><div id=\"ultimate-heading-765769f9afcc83083\" class=\"uvc-heading ult-adjust-bottom-margin ultimate-heading-765769f9afcc83083 uvc-6787 \" data-hspacer=\"no_spacer\"  data-halign=\"center\" style=\"text-align:center\"><div class=\"uvc-heading-spacer no_spacer\" style=\"top\"><\/div><div class=\"uvc-main-heading ult-responsive\"  data-ultimate-target='.uvc-heading.ultimate-heading-765769f9afcc83083 h3'  data-responsive-json-new='{\"font-size\":\"\",\"line-height\":\"\"}' ><h3 style=\"font-weight:normal;margin-bottom:1rem;\">ZR\u00d3B ILUSTRACJ\u0118<\/h3><\/div><\/div><div class=\"w-image align_center\"><div class=\"w-image-h\"><img loading=\"lazy\" decoding=\"async\" class=\"g-placeholder\" src=\"https:\/\/julkaszpulka.pl\/wp-content\/plugins\/us-core\/assets\/images\/placeholder.svg\" width=\"800\" height=\"800\" alt><\/div><\/div><div class=\"w-separator size_custom\" style=\"height:1rem\"><\/div><div class=\"wpb_text_column us_custom_f2eec366\"><div class=\"wpb_wrapper\"><p style=\"text-align: center;\">Pobierz i wydrukuj malowank\u0119. Pomaluj j\u0105, wyklej, ozd\u00f3b plastelin\u0105 lub czymkolwiek zechcesz.<br \/>\nJulka i Szpulka uciesz\u0105 si\u0119, je\u015bli wy\u015blesz zdj\u0119cie wykonanej przez dziecko pracy na <a href=\"mailto:kontakt@julkaszpulka.pl\">kontakt@julkaszpulka.pl<\/a>.<\/p>\n<\/div><\/div><div class=\"w-btn-wrapper align_center\"><a class=\"w-btn us-btn-style_1 icon_atleft\" target=\" _blank\" rel=\"nofollow\" href=\"https:\/\/julkaszpulka.pl\/wp-content\/uploads\/2020\/09\/Wybierz-trop-malowanka.pdf\"><i class=\"fas fa-cloud-download-alt\"><\/i><span class=\"w-btn-label\">Pobierz<\/span><\/a><\/div><\/div><\/div><\/div><\/div><\/div><\/div><\/div><\/div><\/div><\/section><section class=\"l-section wpb_row height_medium\" id=\"block-down2\"><div class=\"l-section-h i-cf\"><div class=\"g-cols vc_row via_flex valign_top type_default stacking_default\"><div class=\"vc_col-sm-4 wpb_column vc_column_container\"><div class=\"vc_column-inner\"><div class=\"wpb_wrapper\"><div class=\"g-cols wpb_row via_flex valign_top type_default stacking_default\"><div class=\"vc_col-sm-12 wpb_column vc_column_container\"><div class=\"vc_column-inner\"><div class=\"wpb_wrapper\"><div id=\"ultimate-heading-998569f9afcc83a4c\" class=\"uvc-heading ult-adjust-bottom-margin ultimate-heading-998569f9afcc83a4c uvc-5609 \" data-hspacer=\"no_spacer\"  data-halign=\"center\" style=\"text-align:center\"><div class=\"uvc-heading-spacer no_spacer\" style=\"top\"><\/div><div class=\"uvc-main-heading ult-responsive\"  data-ultimate-target='.uvc-heading.ultimate-heading-998569f9afcc83a4c h3'  data-responsive-json-new='{\"font-size\":\"\",\"line-height\":\"\"}' ><h3 style=\"font-weight:normal;margin-bottom:1rem;\">KO\u015aCIOCHRUPEK - MAPA<\/h3><\/div><\/div><div class=\"w-image align_center\"><div class=\"w-image-h\"><img decoding=\"async\" width=\"800\" height=\"800\" src=\"https:\/\/julkaszpulka.pl\/wp-content\/uploads\/2021\/07\/22_small-800x800.jpg\" class=\"attachment-us_800_800_crop size-us_800_800_crop\" alt=\"\" loading=\"lazy\" srcset=\"https:\/\/julkaszpulka.pl\/wp-content\/uploads\/2021\/07\/22_small.jpg 800w, https:\/\/julkaszpulka.pl\/wp-content\/uploads\/2021\/07\/22_small-300x300.jpg 300w, https:\/\/julkaszpulka.pl\/wp-content\/uploads\/2021\/07\/22_small-150x150.jpg 150w, https:\/\/julkaszpulka.pl\/wp-content\/uploads\/2021\/07\/22_small-600x600.jpg 600w, https:\/\/julkaszpulka.pl\/wp-content\/uploads\/2021\/07\/22_small-400x400.jpg 400w\" sizes=\"auto, (max-width: 800px) 100vw, 800px\" \/><\/div><\/div><\/div><\/div><\/div><\/div><div class=\"wpb_text_column us_custom_f2eec366\"><div class=\"wpb_wrapper\"><p style=\"text-align: center;\">Pobierz map\u0119 do ksi\u0105\u017cki &#8220;Julka i Szpulka. Ko\u015bciochrupek&#8221; i przeprowad\u017a \u015bledztwo jeszcze raz! Zamiast nalepek mo\u017cesz samodzielnie narysowa\u0107 odnalezione w ksi\u0105\u017cce tropy.<\/p>\n<\/div><\/div><div class=\"w-btn-wrapper align_center\"><a class=\"w-btn us-btn-style_1 icon_atleft\" target=\" _blank\" rel=\"nofollow\" href=\"https:\/\/julkaszpulka.pl\/kosciochrupek-mapa\/\"><i class=\"fas fa-cloud-download-alt\"><\/i><span class=\"w-btn-label\">POBIERZ<\/span><\/a><\/div><\/div><\/div><\/div><div class=\"vc_col-sm-4 wpb_column vc_column_container\"><div class=\"vc_column-inner\"><div class=\"wpb_wrapper\"><div class=\"g-cols wpb_row via_flex valign_top type_default stacking_default\"><div class=\"vc_col-sm-12 wpb_column vc_column_container\"><div class=\"vc_column-inner\"><div class=\"wpb_wrapper\"><div id=\"ultimate-heading-464469f9afcc842ec\" class=\"uvc-heading ult-adjust-bottom-margin ultimate-heading-464469f9afcc842ec uvc-9730 \" data-hspacer=\"no_spacer\"  data-halign=\"center\" style=\"text-align:center\"><div class=\"uvc-heading-spacer no_spacer\" style=\"top\"><\/div><div class=\"uvc-main-heading ult-responsive\"  data-ultimate-target='.uvc-heading.ultimate-heading-464469f9afcc842ec h3'  data-responsive-json-new='{\"font-size\":\"\",\"line-height\":\"\"}' ><h3 style=\"font-weight:normal;margin-bottom:1rem;\">KARTY NA Z\u0141O\u015a\u0106<\/h3><\/div><\/div><div class=\"w-image align_center\"><div class=\"w-image-h\"><img decoding=\"async\" width=\"800\" height=\"800\" src=\"https:\/\/julkaszpulka.pl\/wp-content\/uploads\/2021\/07\/Karta-4-800x800.jpg\" class=\"attachment-us_800_800_crop size-us_800_800_crop\" alt=\"\" loading=\"lazy\" srcset=\"https:\/\/julkaszpulka.pl\/wp-content\/uploads\/2021\/07\/Karta-4-800x800.jpg 800w, https:\/\/julkaszpulka.pl\/wp-content\/uploads\/2021\/07\/Karta-4-300x300.jpg 300w, https:\/\/julkaszpulka.pl\/wp-content\/uploads\/2021\/07\/Karta-4-150x150.jpg 150w, https:\/\/julkaszpulka.pl\/wp-content\/uploads\/2021\/07\/Karta-4-400x400.jpg 400w\" sizes=\"auto, (max-width: 800px) 100vw, 800px\" \/><\/div><\/div><div class=\"wpb_text_column us_custom_f2eec366\"><div class=\"wpb_wrapper\"><p style=\"text-align: center;\">Karty Julki i Szpulki &#8220;Radz\u0119 sobie ze z\u0142o\u015bci\u0105&#8221; pomagaj\u0105 w nauce panowania nad tym uczuciem zar\u00f3wno dla dziecka, jak i rodzica. Do kart do\u0142\u0105czona jest instrukcja, jak u\u017cywa\u0107 poszczeg\u00f3lne karty podczas zabawy &#8211; treningu, jak i podczas napadu z\u0142o\u015bci. Karty do pobrania po zapisie na <a href=\"https:\/\/julkaszpulka.pl\/newsletter\/\">NEWSLETTER<\/a>.<\/p>\n<\/div><\/div><div class=\"w-btn-wrapper align_center\"><a class=\"w-btn us-btn-style_1 icon_atleft\" target=\" _blank\" rel=\"nofollow\" href=\"https:\/\/julkaszpulka.pl\/newsletter\/\"><i class=\"fas fa-cloud-download-alt\"><\/i><span class=\"w-btn-label\">POBIERZ<\/span><\/a><\/div><\/div><\/div><\/div><\/div><\/div><\/div><\/div><div class=\"vc_col-sm-4 wpb_column vc_column_container\"><div class=\"vc_column-inner\"><div class=\"wpb_wrapper\"><div class=\"g-cols wpb_row via_flex valign_top type_default stacking_default\"><div class=\"vc_col-sm-12 wpb_column vc_column_container\"><div class=\"vc_column-inner\"><div class=\"wpb_wrapper\"><div id=\"ultimate-heading-647369f9afcc84a6d\" class=\"uvc-heading ult-adjust-bottom-margin ultimate-heading-647369f9afcc84a6d uvc-9625 \" data-hspacer=\"no_spacer\"  data-halign=\"center\" style=\"text-align:center\"><div class=\"uvc-heading-spacer no_spacer\" style=\"top\"><\/div><div class=\"uvc-main-heading ult-responsive\"  data-ultimate-target='.uvc-heading.ultimate-heading-647369f9afcc84a6d h3'  data-responsive-json-new='{\"font-size\":\"\",\"line-height\":\"\"}' ><h3 style=\"font-weight:normal;margin-bottom:1rem;\">PO NITCE DO SZPULKI<\/h3><\/div><\/div><div class=\"w-image align_center\"><div class=\"w-image-h\"><img decoding=\"async\" width=\"800\" height=\"800\" src=\"https:\/\/julkaszpulka.pl\/wp-content\/uploads\/2021\/07\/Karta-4-800x800.jpg\" class=\"attachment-us_800_800_crop size-us_800_800_crop\" alt=\"\" loading=\"lazy\" srcset=\"https:\/\/julkaszpulka.pl\/wp-content\/uploads\/2021\/07\/Karta-4-800x800.jpg 800w, https:\/\/julkaszpulka.pl\/wp-content\/uploads\/2021\/07\/Karta-4-300x300.jpg 300w, https:\/\/julkaszpulka.pl\/wp-content\/uploads\/2021\/07\/Karta-4-150x150.jpg 150w, https:\/\/julkaszpulka.pl\/wp-content\/uploads\/2021\/07\/Karta-4-400x400.jpg 400w\" sizes=\"auto, (max-width: 800px) 100vw, 800px\" \/><\/div><\/div><div class=\"wpb_text_column us_custom_f2eec366\"><div class=\"wpb_wrapper\"><p style=\"text-align: center;\">Szpulka wpad\u0142a w k\u0142\u0119bki tak, \u017ce jej nitki &#8211; nerwy zapl\u0105ta\u0142y si\u0119 o zwyk\u0142e nitki. Powsta\u0142 z tego skomplikowany labirynt. Detektywie, pom\u00f3\u017c Szpulce odnale\u017a\u0107 nitki i rozpl\u0105cz pozosta\u0142e zadania.<\/p>\n<\/div><\/div><div class=\"w-btn-wrapper align_center\"><a class=\"w-btn us-btn-style_1 icon_atleft\" target=\" _blank\" rel=\"nofollow\" href=\"https:\/\/julkaszpulka.pl\/labirynt\/\"><i class=\"fas fa-cloud-download-alt\"><\/i><span class=\"w-btn-label\">POBIERZ<\/span><\/a><\/div><\/div><\/div><\/div><\/div><\/div><\/div><\/div><\/div><\/div><\/section>\n","protected":false},"excerpt":{"rendered":"Na nud\u0119Nuda! To trzecie, najcz\u0119\u015bciej powtarzane s\u0142owo przez Julk\u0119. Zaraz po \u201emamo!\u201d i \u201ejestem g\u0142odna\u201d (temu ostatniemu najcz\u0119\u015bciej towarzyszy g\u0142o\u015bny trzask drzwi lod\u00f3wki). Na nieustanne wo\u0142anie mamy nic nie poradzimy. Szybko nie przejdzie. Na drugie mo\u017cna zaradzi\u0107, w zale\u017cno\u015bci od zawarto\u015bci jedzenia w kuchni. A na nud\u0119\u2026 dobrze jest mie\u0107 co\u015b gotowego, szczeg\u00f3lnie wtedy, kiedy...","protected":false},"author":1,"featured_media":0,"parent":0,"menu_order":26,"comment_status":"closed","ping_status":"closed","template":"","meta":{"_acf_changed":false,"footnotes":""},"class_list":["post-4109","page","type-page","status-publish","hentry"],"acf":[],"yoast_head":"<!-- This site is optimized with the Yoast SEO plugin v27.5 - https:\/\/yoast.com\/product\/yoast-seo-wordpress\/ -->\n<title>Na nud\u0119 - Julka i Szpulka - interaktywne ksi\u0105\u017cki detektywistyczne<\/title>\n<meta name=\"robots\" content=\"index, follow, max-snippet:-1, max-image-preview:large, max-video-preview:-1\" \/>\n<link rel=\"canonical\" href=\"https:\/\/julkaszpulka.pl\/en\/na-nude\/\" \/>\n<meta property=\"og:locale\" content=\"en_US\" \/>\n<meta property=\"og:type\" content=\"article\" \/>\n<meta property=\"og:title\" content=\"Na nud\u0119 - Julka i Szpulka - interaktywne ksi\u0105\u017cki detektywistyczne\" \/>\n<meta property=\"og:url\" content=\"https:\/\/julkaszpulka.pl\/en\/na-nude\/\" \/>\n<meta property=\"og:site_name\" content=\"Julka i Szpulka - interaktywne ksi\u0105\u017cki detektywistyczne\" \/>\n<meta property=\"article:modified_time\" content=\"2021-09-19T14:32:44+00:00\" \/>\n<meta name=\"twitter:card\" content=\"summary_large_image\" \/>\n<meta name=\"twitter:label1\" content=\"Est. reading time\" \/>\n\t<meta name=\"twitter:data1\" content=\"5 minutes\" \/>\n<script type=\"application\/ld+json\" class=\"yoast-schema-graph\">{\"@context\":\"https:\\\/\\\/schema.org\",\"@graph\":[{\"@type\":\"WebPage\",\"@id\":\"https:\\\/\\\/julkaszpulka.pl\\\/en\\\/na-nude\\\/\",\"url\":\"https:\\\/\\\/julkaszpulka.pl\\\/en\\\/na-nude\\\/\",\"name\":\"Na nud\u0119 - Julka i Szpulka - interaktywne ksi\u0105\u017cki detektywistyczne\",\"isPartOf\":{\"@id\":\"https:\\\/\\\/julkaszpulka.pl\\\/#website\"},\"datePublished\":\"2020-09-12T22:17:08+00:00\",\"dateModified\":\"2021-09-19T14:32:44+00:00\",\"breadcrumb\":{\"@id\":\"https:\\\/\\\/julkaszpulka.pl\\\/en\\\/na-nude\\\/#breadcrumb\"},\"inLanguage\":\"en-US\",\"potentialAction\":[{\"@type\":\"ReadAction\",\"target\":[\"https:\\\/\\\/julkaszpulka.pl\\\/en\\\/na-nude\\\/\"]}]},{\"@type\":\"BreadcrumbList\",\"@id\":\"https:\\\/\\\/julkaszpulka.pl\\\/en\\\/na-nude\\\/#breadcrumb\",\"itemListElement\":[{\"@type\":\"ListItem\",\"position\":1,\"name\":\"Strona g\u0142\u00f3wna\",\"item\":\"https:\\\/\\\/julkaszpulka.pl\\\/en\\\/\"},{\"@type\":\"ListItem\",\"position\":2,\"name\":\"Na nud\u0119\"}]},{\"@type\":\"WebSite\",\"@id\":\"https:\\\/\\\/julkaszpulka.pl\\\/#website\",\"url\":\"https:\\\/\\\/julkaszpulka.pl\\\/\",\"name\":\"Julka i Szpulka - interaktywne ksi\u0105\u017cki detektywistyczne\",\"description\":\"Wyj\u0105tkowa seria interaktywnych ksi\u0105\u017cek detektywistycznych, kt\u00f3re nie tylko si\u0119 czyta.\",\"publisher\":{\"@id\":\"https:\\\/\\\/julkaszpulka.pl\\\/#organization\"},\"potentialAction\":[{\"@type\":\"SearchAction\",\"target\":{\"@type\":\"EntryPoint\",\"urlTemplate\":\"https:\\\/\\\/julkaszpulka.pl\\\/?s={search_term_string}\"},\"query-input\":{\"@type\":\"PropertyValueSpecification\",\"valueRequired\":true,\"valueName\":\"search_term_string\"}}],\"inLanguage\":\"en-US\"},{\"@type\":\"Organization\",\"@id\":\"https:\\\/\\\/julkaszpulka.pl\\\/#organization\",\"name\":\"Julka i Szpulka - interaktywne ksi\u0105\u017cki detektywistyczne\",\"url\":\"https:\\\/\\\/julkaszpulka.pl\\\/\",\"logo\":{\"@type\":\"ImageObject\",\"inLanguage\":\"en-US\",\"@id\":\"https:\\\/\\\/julkaszpulka.pl\\\/#\\\/schema\\\/logo\\\/image\\\/\",\"url\":\"https:\\\/\\\/julkaszpulka.pl\\\/wp-content\\\/uploads\\\/2017\\\/09\\\/julkaszpulka-logo.jpg\",\"contentUrl\":\"https:\\\/\\\/julkaszpulka.pl\\\/wp-content\\\/uploads\\\/2017\\\/09\\\/julkaszpulka-logo.jpg\",\"width\":150,\"height\":100,\"caption\":\"Julka i Szpulka - interaktywne ksi\u0105\u017cki detektywistyczne\"},\"image\":{\"@id\":\"https:\\\/\\\/julkaszpulka.pl\\\/#\\\/schema\\\/logo\\\/image\\\/\"}}]}<\/script>\n<!-- \/ Yoast SEO plugin. -->","yoast_head_json":{"title":"Na nud\u0119 - Julka i Szpulka - interaktywne ksi\u0105\u017cki detektywistyczne","robots":{"index":"index","follow":"follow","max-snippet":"max-snippet:-1","max-image-preview":"max-image-preview:large","max-video-preview":"max-video-preview:-1"},"canonical":"https:\/\/julkaszpulka.pl\/en\/na-nude\/","og_locale":"en_US","og_type":"article","og_title":"Na nud\u0119 - Julka i Szpulka - interaktywne ksi\u0105\u017cki detektywistyczne","og_url":"https:\/\/julkaszpulka.pl\/en\/na-nude\/","og_site_name":"Julka i Szpulka - interaktywne ksi\u0105\u017cki detektywistyczne","article_modified_time":"2021-09-19T14:32:44+00:00","twitter_card":"summary_large_image","twitter_misc":{"Est. reading time":"5 minutes"},"schema":{"@context":"https:\/\/schema.org","@graph":[{"@type":"WebPage","@id":"https:\/\/julkaszpulka.pl\/en\/na-nude\/","url":"https:\/\/julkaszpulka.pl\/en\/na-nude\/","name":"Na nud\u0119 - Julka i Szpulka - interaktywne ksi\u0105\u017cki detektywistyczne","isPartOf":{"@id":"https:\/\/julkaszpulka.pl\/#website"},"datePublished":"2020-09-12T22:17:08+00:00","dateModified":"2021-09-19T14:32:44+00:00","breadcrumb":{"@id":"https:\/\/julkaszpulka.pl\/en\/na-nude\/#breadcrumb"},"inLanguage":"en-US","potentialAction":[{"@type":"ReadAction","target":["https:\/\/julkaszpulka.pl\/en\/na-nude\/"]}]},{"@type":"BreadcrumbList","@id":"https:\/\/julkaszpulka.pl\/en\/na-nude\/#breadcrumb","itemListElement":[{"@type":"ListItem","position":1,"name":"Strona g\u0142\u00f3wna","item":"https:\/\/julkaszpulka.pl\/en\/"},{"@type":"ListItem","position":2,"name":"Na nud\u0119"}]},{"@type":"WebSite","@id":"https:\/\/julkaszpulka.pl\/#website","url":"https:\/\/julkaszpulka.pl\/","name":"Julka i Szpulka - interaktywne ksi\u0105\u017cki detektywistyczne","description":"Wyj\u0105tkowa seria interaktywnych ksi\u0105\u017cek detektywistycznych, kt\u00f3re nie tylko si\u0119 czyta.","publisher":{"@id":"https:\/\/julkaszpulka.pl\/#organization"},"potentialAction":[{"@type":"SearchAction","target":{"@type":"EntryPoint","urlTemplate":"https:\/\/julkaszpulka.pl\/?s={search_term_string}"},"query-input":{"@type":"PropertyValueSpecification","valueRequired":true,"valueName":"search_term_string"}}],"inLanguage":"en-US"},{"@type":"Organization","@id":"https:\/\/julkaszpulka.pl\/#organization","name":"Julka i Szpulka - interaktywne ksi\u0105\u017cki detektywistyczne","url":"https:\/\/julkaszpulka.pl\/","logo":{"@type":"ImageObject","inLanguage":"en-US","@id":"https:\/\/julkaszpulka.pl\/#\/schema\/logo\/image\/","url":"https:\/\/julkaszpulka.pl\/wp-content\/uploads\/2017\/09\/julkaszpulka-logo.jpg","contentUrl":"https:\/\/julkaszpulka.pl\/wp-content\/uploads\/2017\/09\/julkaszpulka-logo.jpg","width":150,"height":100,"caption":"Julka i Szpulka - interaktywne ksi\u0105\u017cki detektywistyczne"},"image":{"@id":"https:\/\/julkaszpulka.pl\/#\/schema\/logo\/image\/"}}]}},"jetpack_sharing_enabled":true,"_links":{"self":[{"href":"https:\/\/julkaszpulka.pl\/en\/wp-json\/wp\/v2\/pages\/4109","targetHints":{"allow":["GET"]}}],"collection":[{"href":"https:\/\/julkaszpulka.pl\/en\/wp-json\/wp\/v2\/pages"}],"about":[{"href":"https:\/\/julkaszpulka.pl\/en\/wp-json\/wp\/v2\/types\/page"}],"author":[{"embeddable":true,"href":"https:\/\/julkaszpulka.pl\/en\/wp-json\/wp\/v2\/users\/1"}],"replies":[{"embeddable":true,"href":"https:\/\/julkaszpulka.pl\/en\/wp-json\/wp\/v2\/comments?post=4109"}],"version-history":[{"count":1,"href":"https:\/\/julkaszpulka.pl\/en\/wp-json\/wp\/v2\/pages\/4109\/revisions"}],"predecessor-version":[{"id":4112,"href":"https:\/\/julkaszpulka.pl\/en\/wp-json\/wp\/v2\/pages\/4109\/revisions\/4112"}],"wp:attachment":[{"href":"https:\/\/julkaszpulka.pl\/en\/wp-json\/wp\/v2\/media?parent=4109"}],"curies":[{"name":"wp","href":"https:\/\/api.w.org\/{rel}","templated":true}]}}