{"id":4132,"date":"2021-09-19T16:38:30","date_gmt":"2021-09-19T14:38:30","guid":{"rendered":"https:\/\/julkaszpulka.pl\/?page_id=4132"},"modified":"2021-09-19T16:38:30","modified_gmt":"2021-09-19T14:38:30","slug":"blog","status":"publish","type":"page","link":"https:\/\/julkaszpulka.pl\/en\/blog\/","title":{"rendered":"Blog"},"content":{"rendered":"<section class=\"l-section wpb_row us_custom_f3f68ac4 height_medium\"><div class=\"l-section-h i-cf\"><div class=\"g-cols vc_row via_flex valign_top type_default stacking_default\"><div class=\"vc_col-sm-8 vc_col-md-9 wpb_column vc_column_container\"><div class=\"vc_column-inner\"><div class=\"wpb_wrapper\"><div id=\"ultimate-heading-205469e5af8165b07\" class=\"uvc-heading ult-adjust-bottom-margin ultimate-heading-205469e5af8165b07 uvc-7098 \" data-hspacer=\"no_spacer\"  data-halign=\"left\" style=\"text-align:left\"><div class=\"uvc-heading-spacer no_spacer\" style=\"top\"><\/div><div class=\"uvc-main-heading ult-responsive\"  data-ultimate-target='.uvc-heading.ultimate-heading-205469e5af8165b07 h1'  data-responsive-json-new='{\"font-size\":\"\",\"line-height\":\"\"}' ><h1 style=\"font-weight:normal;\">Blog<\/h1><\/div><\/div><div class=\"w-separator size_medium\"><\/div><div class=\"w-grid us_grid type_grid layout_2451 hidden cols_1 pagination_infinite preload_style_spinner\" id=\"blog-list\" style=\"--columns:1;--gap:3rem;\" data-filterable=\"true\"><style>.layout_2451 .w-grid-item-h{}.layout_2451 .usg_hwrapper_1{margin-bottom:4rem!important}.layout_2451 .usg_vwrapper_1{width:33%!important}.layout_2451 .usg_vwrapper_2{width:66%!important}.layout_2451 .usg_post_image_1{text-align:center!important}.layout_2451 .usg_post_title_1{margin-bottom:0.5rem!important}.layout_2451 .usg_post_date_1{font-weight:600!important;font-size:14px!important}.layout_2451 .usg_hwrapper_2{margin-bottom:1rem!important}.layout_2451 .usg_vwrapper_3{margin-right:0!important}.layout_2451 .usg_post_taxonomy_1{font-weight:600!important;font-size:14px!important}<\/style><div class=\"w-grid-list\"><\/div>\t<div class=\"w-grid-preloader\">\r\n\t\t<div class=\"g-preloader type_1\">\r\n\t\t\t<div><\/div>\r\n\t\t<\/div>\r\n\t<\/div>\r\n\t\t<div class=\"w-grid-json hidden\" onclick='return {&quot;action&quot;:&quot;us_ajax_grid&quot;,&quot;infinite_scroll&quot;:0,&quot;max_num_pages&quot;:0,&quot;pagination&quot;:&quot;infinite&quot;,&quot;template_vars&quot;:{&quot;columns&quot;:&quot;1&quot;,&quot;exclude_items&quot;:&quot;none&quot;,&quot;img_size&quot;:&quot;default&quot;,&quot;ignore_items_size&quot;:0,&quot;items_layout&quot;:&quot;2451&quot;,&quot;items_offset&quot;:&quot;1&quot;,&quot;load_animation&quot;:&quot;none&quot;,&quot;overriding_link&quot;:&quot;{\\&quot;url\\&quot;:\\&quot;\\&quot;}&quot;,&quot;post_id&quot;:0,&quot;query_args&quot;:{&quot;post_type&quot;:[&quot;post&quot;],&quot;post_status&quot;:[&quot;publish&quot;,&quot;acf-disabled&quot;],&quot;posts_per_page&quot;:&quot;10&quot;},&quot;orderby_query_args&quot;:{&quot;orderby&quot;:{&quot;date&quot;:&quot;DESC&quot;}},&quot;type&quot;:&quot;grid&quot;,&quot;us_grid_post_type&quot;:&quot;post&quot;,&quot;us_grid_ajax_index&quot;:1,&quot;us_grid_filter_query_string&quot;:null,&quot;us_grid_index&quot;:1,&quot;page_args&quot;:[],&quot;lang&quot;:&quot;en&quot;}}'><\/div>\r\n\t<\/div><div class=\"w-grid-none type_message\">No results found.<\/div><\/div><\/div><\/div><div class=\"vc_col-sm-4 vc_col-md-3 wpb_column vc_column_container sidebar\"><div class=\"vc_column-inner us_custom_ab2365b5\"><div class=\"wpb_wrapper\"><div class=\"g-cols wpb_row us_custom_703b2333 via_flex valign_top type_default stacking_default\"><div class=\"vc_col-sm-12 wpb_column vc_column_container\"><div class=\"vc_column-inner\"><div class=\"wpb_wrapper\"><section class=\"l-section wpb_row height_auto width_full\"><div class=\"l-section-h i-cf\"><div class=\"g-cols vc_row via_flex valign_top type_default stacking_default\"><div class=\"vc_col-sm-12 wpb_column vc_column_container\"><div class=\"vc_column-inner\"><div class=\"wpb_wrapper\"><div id=\"ultimate-heading-294869e5af8167bf6\" class=\"uvc-heading ult-adjust-bottom-margin ultimate-heading-294869e5af8167bf6 uvc-870 \" data-hspacer=\"no_spacer\"  data-halign=\"left\" style=\"text-align:left\"><div class=\"uvc-heading-spacer no_spacer\" style=\"top\"><\/div><div class=\"uvc-main-heading ult-responsive\"  data-ultimate-target='.uvc-heading.ultimate-heading-294869e5af8167bf6 h4'  data-responsive-json-new='{\"font-size\":\"\",\"line-height\":\"\"}' ><h4 style=\"font-weight:normal;margin-bottom:1rem;\">POZNAJ JULK\u0118<\/h4><\/div><\/div><div class=\"wpb_text_column us_custom_f2eec366\"><div class=\"wpb_wrapper\"><p>Cze\u015b\u0107, jestem Julka!<\/p>\n<\/div><\/div><div class=\"w-image align_center\"><div class=\"w-image-h\"><img decoding=\"async\" width=\"600\" height=\"600\" src=\"https:\/\/julkaszpulka.pl\/wp-content\/uploads\/2020\/09\/julka-szpulka-poznaj-julke-600x600.jpg\" class=\"attachment-us_600_0 size-us_600_0\" alt=\"\" loading=\"lazy\" srcset=\"https:\/\/julkaszpulka.pl\/wp-content\/uploads\/2020\/09\/julka-szpulka-poznaj-julke-600x600.jpg 600w, https:\/\/julkaszpulka.pl\/wp-content\/uploads\/2020\/09\/julka-szpulka-poznaj-julke-300x300.jpg 300w, https:\/\/julkaszpulka.pl\/wp-content\/uploads\/2020\/09\/julka-szpulka-poznaj-julke-150x150.jpg 150w, https:\/\/julkaszpulka.pl\/wp-content\/uploads\/2020\/09\/julka-szpulka-poznaj-julke-400x400.jpg 400w, https:\/\/julkaszpulka.pl\/wp-content\/uploads\/2020\/09\/julka-szpulka-poznaj-julke-800x800.jpg 800w, https:\/\/julkaszpulka.pl\/wp-content\/uploads\/2020\/09\/julka-szpulka-poznaj-julke.jpg 1000w\" sizes=\"auto, (max-width: 600px) 100vw, 600px\" \/><\/div><\/div><div class=\"w-separator size_custom\" style=\"height:1rem\"><\/div><div class=\"w-btn-wrapper align_none\"><a class=\"w-btn us-btn-style_1 icon_atleft\" title=\"Julka\" href=\"\/julka\/\"><i class=\"fas fa-angle-double-right\"><\/i><span class=\"w-btn-label\">Poznaj Julk\u0119<\/span><\/a><\/div><\/div><\/div><\/div><\/div><\/div><\/section>\n<\/div><\/div><\/div><\/div><div class=\"g-cols wpb_row us_custom_10679678 via_flex valign_top type_default stacking_default\"><div class=\"vc_col-sm-12 wpb_column vc_column_container\"><div class=\"vc_column-inner\"><div class=\"wpb_wrapper\"><section class=\"l-section wpb_row height_auto width_full\"><div class=\"l-section-h i-cf\"><div class=\"g-cols vc_row via_flex valign_top type_default stacking_default\"><div class=\"vc_col-sm-12 wpb_column vc_column_container\"><div class=\"vc_column-inner\"><div class=\"wpb_wrapper\"><div id=\"ultimate-heading-123669e5af8168a9e\" class=\"uvc-heading ult-adjust-bottom-margin ultimate-heading-123669e5af8168a9e uvc-4319 \" data-hspacer=\"no_spacer\"  data-halign=\"left\" style=\"text-align:left\"><div class=\"uvc-heading-spacer no_spacer\" style=\"top\"><\/div><div class=\"uvc-main-heading ult-responsive\"  data-ultimate-target='.uvc-heading.ultimate-heading-123669e5af8168a9e h4'  data-responsive-json-new='{\"font-size\":\"\",\"line-height\":\"\"}' ><h4 style=\"font-weight:normal;margin-bottom:1rem;\">POZNAJ SZPULK\u0118<\/h4><\/div><\/div><div class=\"wpb_text_column us_custom_f2eec366\"><div class=\"wpb_wrapper\"><p>Cze\u015b\u0107, jestem Szpulka.<\/p>\n<\/div><\/div><div class=\"w-image align_center\"><div class=\"w-image-h\"><img decoding=\"async\" width=\"600\" height=\"600\" src=\"https:\/\/julkaszpulka.pl\/wp-content\/uploads\/2020\/09\/julka-szpulka-poznaj-szpulke-600x600.jpg\" class=\"attachment-us_600_0 size-us_600_0\" alt=\"\" loading=\"lazy\" srcset=\"https:\/\/julkaszpulka.pl\/wp-content\/uploads\/2020\/09\/julka-szpulka-poznaj-szpulke-600x600.jpg 600w, https:\/\/julkaszpulka.pl\/wp-content\/uploads\/2020\/09\/julka-szpulka-poznaj-szpulke-300x300.jpg 300w, https:\/\/julkaszpulka.pl\/wp-content\/uploads\/2020\/09\/julka-szpulka-poznaj-szpulke-150x150.jpg 150w, https:\/\/julkaszpulka.pl\/wp-content\/uploads\/2020\/09\/julka-szpulka-poznaj-szpulke-400x400.jpg 400w, https:\/\/julkaszpulka.pl\/wp-content\/uploads\/2020\/09\/julka-szpulka-poznaj-szpulke-800x800.jpg 800w, https:\/\/julkaszpulka.pl\/wp-content\/uploads\/2020\/09\/julka-szpulka-poznaj-szpulke.jpg 1000w\" sizes=\"auto, (max-width: 600px) 100vw, 600px\" \/><\/div><\/div><div class=\"w-separator size_custom\" style=\"height:1rem\"><\/div><div class=\"w-btn-wrapper align_none\"><a class=\"w-btn us-btn-style_1 icon_atleft\" title=\"Szpulka\" href=\"\/szpulka\/\"><i class=\"fas fa-angle-double-right\"><\/i><span class=\"w-btn-label\">Poznaj Szpulk\u0119<\/span><\/a><\/div><\/div><\/div><\/div><\/div><\/div><\/section>\n<\/div><\/div><\/div><\/div><div class=\"g-cols wpb_row us_custom_10679678 via_flex valign_top type_default stacking_default\"><div class=\"vc_col-sm-12 wpb_column vc_column_container\"><div class=\"vc_column-inner\"><div class=\"wpb_wrapper\"><section class=\"l-section wpb_row height_auto width_full\"><div class=\"l-section-h i-cf\"><div class=\"g-cols vc_row via_flex valign_top type_default stacking_default\"><div class=\"vc_col-sm-12 wpb_column vc_column_container\"><div class=\"vc_column-inner\"><div class=\"wpb_wrapper\"><div id=\"ultimate-heading-334969e5af81697ba\" class=\"uvc-heading ult-adjust-bottom-margin ultimate-heading-334969e5af81697ba uvc-9753 \" data-hspacer=\"no_spacer\"  data-halign=\"left\" style=\"text-align:left\"><div class=\"uvc-heading-spacer no_spacer\" style=\"top\"><\/div><div class=\"uvc-main-heading ult-responsive\"  data-ultimate-target='.uvc-heading.ultimate-heading-334969e5af81697ba h4'  data-responsive-json-new='{\"font-size\":\"\",\"line-height\":\"\"}' ><h4 style=\"font-weight:normal;margin-bottom:1rem;\">KSI\u0104\u017bKA<\/h4><\/div><\/div><div class=\"w-image align_center\"><div class=\"w-image-h\"><img loading=\"lazy\" decoding=\"async\" class=\"g-placeholder\" src=\"https:\/\/julkaszpulka.pl\/wp-content\/plugins\/us-core\/assets\/images\/placeholder.svg\" width=\"600\" height=\"0\" alt><\/div><\/div><div class=\"w-separator size_custom\" style=\"height:1rem\"><\/div><div class=\"wpb_text_column us_custom_f2eec366\"><div class=\"wpb_wrapper\"><p>Przeprowad\u017a nowe \u015bledztwo z Julk\u0105 i Szpulk\u0105!<\/p>\n<\/div><\/div><div class=\"w-btn-wrapper align_none\"><a class=\"w-btn us-btn-style_1 ukryte icon_atleft\" title=\"Julka i Szpulka. Ko\u015bciochrupek\" href=\"\/sklep\/julka-i-szpulka-kosciochrupek\/\"><i class=\"fas fa-shopping-basket\"><\/i><span class=\"w-btn-label\">Kup teraz<\/span><\/a><\/div><\/div><\/div><\/div><\/div><\/div><\/section>\n<\/div><\/div><\/div><\/div><div class=\"g-cols wpb_row us_custom_10679678 via_flex valign_top type_default stacking_default\"><div class=\"vc_col-sm-12 wpb_column vc_column_container\"><div class=\"vc_column-inner\"><div class=\"wpb_wrapper\"><section class=\"l-section wpb_row height_auto width_full\"><div class=\"l-section-h i-cf\"><div class=\"g-cols vc_row via_flex valign_top type_default stacking_default\"><div class=\"vc_col-sm-12 wpb_column vc_column_container\"><div class=\"vc_column-inner\"><div class=\"wpb_wrapper\"><div id=\"ultimate-heading-463269e5af816a43c\" class=\"uvc-heading ult-adjust-bottom-margin ultimate-heading-463269e5af816a43c uvc-9458 \" data-hspacer=\"no_spacer\"  data-halign=\"left\" style=\"text-align:left\"><div class=\"uvc-heading-spacer no_spacer\" style=\"top\"><\/div><div class=\"uvc-main-heading ult-responsive\"  data-ultimate-target='.uvc-heading.ultimate-heading-463269e5af816a43c h4'  data-responsive-json-new='{\"font-size\":\"\",\"line-height\":\"\"}' ><h4 style=\"font-weight:normal;margin-bottom:1rem;\">NASZA SPO\u0141ECZNO\u015a\u0106<\/h4><\/div><\/div>[vc_raw_html]JTNDZGl2JTIwY2xhc3MlM0QlMjJmYi1wYWdlJTIyJTIwZGF0YS1ocmVmJTNEJTIyaHR0cHMlM0ElMkYlMkZ3d3cuZmFjZWJvb2suY29tJTJGc2VyaWEuanVsa2Euc3pwdWxrYSUyMiUyMGRhdGEtdGFicyUzRCUyMiUyMiUyMGRhdGEtd2lkdGglM0QlMjIlMjIlMjBkYXRhLWhlaWdodCUzRCUyMiUyMiUyMGRhdGEtc21hbGwtaGVhZGVyJTNEJTIyZmFsc2UlMjIlMjBkYXRhLWFkYXB0LWNvbnRhaW5lci13aWR0aCUzRCUyMnRydWUlMjIlMjBkYXRhLWhpZGUtY292ZXIlM0QlMjJ0cnVlJTIyJTIwZGF0YS1zaG93LWZhY2VwaWxlJTNEJTIyZmFsc2UlMjIlM0UlM0NibG9ja3F1b3RlJTIwY2l0ZSUzRCUyMmh0dHBzJTNBJTJGJTJGd3d3LmZhY2Vib29rLmNvbSUyRnNlcmlhLmp1bGthLnN6cHVsa2ElMjIlMjBjbGFzcyUzRCUyMmZiLXhmYm1sLXBhcnNlLWlnbm9yZSUyMiUzRSUzQ2ElMjBocmVmJTNEJTIyaHR0cHMlM0ElMkYlMkZ3d3cuZmFjZWJvb2suY29tJTJGc2VyaWEuanVsa2Euc3pwdWxrYSUyMiUzRUp1bGthJTIwaSUyMFN6cHVsa2ElM0MlMkZhJTNFJTNDJTJGYmxvY2txdW90ZSUzRSUzQyUyRmRpdiUzRQ==[\/vc_raw_html]<\/div><\/div><\/div><\/div><\/div><\/section>\n<\/div><\/div><\/div><\/div><div class=\"g-cols wpb_row us_custom_10679678 via_flex valign_top type_default stacking_default\"><div class=\"vc_col-sm-12 wpb_column vc_column_container\"><div class=\"vc_column-inner\"><div class=\"wpb_wrapper\"><section class=\"l-section wpb_row height_auto width_full\"><div class=\"l-section-h i-cf\"><div class=\"g-cols vc_row via_flex valign_top type_default stacking_default\"><div class=\"vc_col-sm-12 wpb_column vc_column_container\"><div class=\"vc_column-inner\"><div class=\"wpb_wrapper\"><div id=\"ultimate-heading-587669e5af816ab61\" class=\"uvc-heading ult-adjust-bottom-margin ultimate-heading-587669e5af816ab61 uvc-6194 \" data-hspacer=\"no_spacer\"  data-halign=\"left\" style=\"text-align:left\"><div class=\"uvc-heading-spacer no_spacer\" style=\"top\"><\/div><div class=\"uvc-main-heading ult-responsive\"  data-ultimate-target='.uvc-heading.ultimate-heading-587669e5af816ab61 h4'  data-responsive-json-new='{\"font-size\":\"\",\"line-height\":\"\"}' ><h4 style=\"font-weight:normal;margin-bottom:1rem;\">WPISZ TROP...<\/h4><\/div><\/div>[vc_wp_search]<\/div><\/div><\/div><\/div><\/div><\/section>\n<\/div><\/div><\/div><\/div><\/div><\/div><\/div><\/div><\/div><\/section>\n","protected":false},"excerpt":{"rendered":"Blog No results found.POZNAJ JULK\u0118Cze\u015b\u0107, jestem Julka! Poznaj Julk\u0119 POZNAJ SZPULK\u0118Cze\u015b\u0107, jestem Szpulka. Poznaj Szpulk\u0119 KSI\u0104\u017bKAPrzeprowad\u017a nowe \u015bledztwo z Julk\u0105 i Szpulk\u0105! Kup teraz NASZA SPO\u0141ECZNO\u015a\u0106[vc_raw_html]JTNDZGl2JTIwY2xhc3MlM0QlMjJmYi1wYWdlJTIyJTIwZGF0YS1ocmVmJTNEJTIyaHR0cHMlM0ElMkYlMkZ3d3cuZmFjZWJvb2suY29tJTJGc2VyaWEuanVsa2Euc3pwdWxrYSUyMiUyMGRhdGEtdGFicyUzRCUyMiUyMiUyMGRhdGEtd2lkdGglM0QlMjIlMjIlMjBkYXRhLWhlaWdodCUzRCUyMiUyMiUyMGRhdGEtc21hbGwtaGVhZGVyJTNEJTIyZmFsc2UlMjIlMjBkYXRhLWFkYXB0LWNvbnRhaW5lci13aWR0aCUzRCUyMnRydWUlMjIlMjBkYXRhLWhpZGUtY292ZXIlM0QlMjJ0cnVlJTIyJTIwZGF0YS1zaG93LWZhY2VwaWxlJTNEJTIyZmFsc2UlMjIlM0UlM0NibG9ja3F1b3RlJTIwY2l0ZSUzRCUyMmh0dHBzJTNBJTJGJTJGd3d3LmZhY2Vib29rLmNvbSUyRnNlcmlhLmp1bGthLnN6cHVsa2ElMjIlMjBjbGFzcyUzRCUyMmZiLXhmYm1sLXBhcnNlLWlnbm9yZSUyMiUzRSUzQ2ElMjBocmVmJTNEJTIyaHR0cHMlM0ElMkYlMkZ3d3cuZmFjZWJvb2suY29tJTJGc2VyaWEuanVsa2Euc3pwdWxrYSUyMiUzRUp1bGthJTIwaSUyMFN6cHVsa2ElM0MlMkZhJTNFJTNDJTJGYmxvY2txdW90ZSUzRSUzQyUyRmRpdiUzRQ==[\/vc_raw_html] WPISZ TROP...[vc_wp_search]","protected":false},"author":1,"featured_media":0,"parent":0,"menu_order":28,"comment_status":"closed","ping_status":"closed","template":"","meta":{"_acf_changed":false,"footnotes":""},"class_list":["post-4132","page","type-page","status-publish","hentry"],"acf":[],"yoast_head":"<!-- This site is optimized with the Yoast SEO plugin v27.4 - https:\/\/yoast.com\/product\/yoast-seo-wordpress\/ -->\n<title>Blog - Julka i Szpulka - interaktywne ksi\u0105\u017cki detektywistyczne<\/title>\n<meta name=\"robots\" content=\"index, follow, max-snippet:-1, max-image-preview:large, max-video-preview:-1\" \/>\n<link rel=\"canonical\" href=\"https:\/\/julkaszpulka.pl\/en\/blog\/\" \/>\n<meta property=\"og:locale\" content=\"en_US\" \/>\n<meta property=\"og:type\" content=\"article\" \/>\n<meta property=\"og:title\" content=\"Blog - Julka i Szpulka - interaktywne ksi\u0105\u017cki detektywistyczne\" \/>\n<meta property=\"og:url\" content=\"https:\/\/julkaszpulka.pl\/en\/blog\/\" \/>\n<meta property=\"og:site_name\" content=\"Julka i Szpulka - interaktywne ksi\u0105\u017cki detektywistyczne\" \/>\n<meta name=\"twitter:card\" content=\"summary_large_image\" \/>\n<meta name=\"twitter:label1\" content=\"Est. reading time\" \/>\n\t<meta name=\"twitter:data1\" content=\"1 minute\" \/>\n<script type=\"application\/ld+json\" class=\"yoast-schema-graph\">{\"@context\":\"https:\\\/\\\/schema.org\",\"@graph\":[{\"@type\":\"WebPage\",\"@id\":\"https:\\\/\\\/julkaszpulka.pl\\\/en\\\/blog\\\/\",\"url\":\"https:\\\/\\\/julkaszpulka.pl\\\/en\\\/blog\\\/\",\"name\":\"Blog - Julka i Szpulka - interaktywne ksi\u0105\u017cki detektywistyczne\",\"isPartOf\":{\"@id\":\"https:\\\/\\\/julkaszpulka.pl\\\/#website\"},\"datePublished\":\"2021-09-19T14:38:30+00:00\",\"breadcrumb\":{\"@id\":\"https:\\\/\\\/julkaszpulka.pl\\\/en\\\/blog\\\/#breadcrumb\"},\"inLanguage\":\"en-US\",\"potentialAction\":[{\"@type\":\"ReadAction\",\"target\":[\"https:\\\/\\\/julkaszpulka.pl\\\/en\\\/blog\\\/\"]}]},{\"@type\":\"BreadcrumbList\",\"@id\":\"https:\\\/\\\/julkaszpulka.pl\\\/en\\\/blog\\\/#breadcrumb\",\"itemListElement\":[{\"@type\":\"ListItem\",\"position\":1,\"name\":\"Strona g\u0142\u00f3wna\",\"item\":\"https:\\\/\\\/julkaszpulka.pl\\\/en\\\/\"},{\"@type\":\"ListItem\",\"position\":2,\"name\":\"Blog\"}]},{\"@type\":\"WebSite\",\"@id\":\"https:\\\/\\\/julkaszpulka.pl\\\/#website\",\"url\":\"https:\\\/\\\/julkaszpulka.pl\\\/\",\"name\":\"Julka i Szpulka - interaktywne ksi\u0105\u017cki detektywistyczne\",\"description\":\"Wyj\u0105tkowa seria interaktywnych ksi\u0105\u017cek detektywistycznych, kt\u00f3re nie tylko si\u0119 czyta.\",\"publisher\":{\"@id\":\"https:\\\/\\\/julkaszpulka.pl\\\/#organization\"},\"potentialAction\":[{\"@type\":\"SearchAction\",\"target\":{\"@type\":\"EntryPoint\",\"urlTemplate\":\"https:\\\/\\\/julkaszpulka.pl\\\/?s={search_term_string}\"},\"query-input\":{\"@type\":\"PropertyValueSpecification\",\"valueRequired\":true,\"valueName\":\"search_term_string\"}}],\"inLanguage\":\"en-US\"},{\"@type\":\"Organization\",\"@id\":\"https:\\\/\\\/julkaszpulka.pl\\\/#organization\",\"name\":\"Julka i Szpulka - interaktywne ksi\u0105\u017cki detektywistyczne\",\"url\":\"https:\\\/\\\/julkaszpulka.pl\\\/\",\"logo\":{\"@type\":\"ImageObject\",\"inLanguage\":\"en-US\",\"@id\":\"https:\\\/\\\/julkaszpulka.pl\\\/#\\\/schema\\\/logo\\\/image\\\/\",\"url\":\"https:\\\/\\\/julkaszpulka.pl\\\/wp-content\\\/uploads\\\/2017\\\/09\\\/julkaszpulka-logo.jpg\",\"contentUrl\":\"https:\\\/\\\/julkaszpulka.pl\\\/wp-content\\\/uploads\\\/2017\\\/09\\\/julkaszpulka-logo.jpg\",\"width\":150,\"height\":100,\"caption\":\"Julka i Szpulka - interaktywne ksi\u0105\u017cki detektywistyczne\"},\"image\":{\"@id\":\"https:\\\/\\\/julkaszpulka.pl\\\/#\\\/schema\\\/logo\\\/image\\\/\"}}]}<\/script>\n<!-- \/ Yoast SEO plugin. -->","yoast_head_json":{"title":"Blog - Julka i Szpulka - interaktywne ksi\u0105\u017cki detektywistyczne","robots":{"index":"index","follow":"follow","max-snippet":"max-snippet:-1","max-image-preview":"max-image-preview:large","max-video-preview":"max-video-preview:-1"},"canonical":"https:\/\/julkaszpulka.pl\/en\/blog\/","og_locale":"en_US","og_type":"article","og_title":"Blog - Julka i Szpulka - interaktywne ksi\u0105\u017cki detektywistyczne","og_url":"https:\/\/julkaszpulka.pl\/en\/blog\/","og_site_name":"Julka i Szpulka - interaktywne ksi\u0105\u017cki detektywistyczne","twitter_card":"summary_large_image","twitter_misc":{"Est. reading time":"1 minute"},"schema":{"@context":"https:\/\/schema.org","@graph":[{"@type":"WebPage","@id":"https:\/\/julkaszpulka.pl\/en\/blog\/","url":"https:\/\/julkaszpulka.pl\/en\/blog\/","name":"Blog - Julka i Szpulka - interaktywne ksi\u0105\u017cki detektywistyczne","isPartOf":{"@id":"https:\/\/julkaszpulka.pl\/#website"},"datePublished":"2021-09-19T14:38:30+00:00","breadcrumb":{"@id":"https:\/\/julkaszpulka.pl\/en\/blog\/#breadcrumb"},"inLanguage":"en-US","potentialAction":[{"@type":"ReadAction","target":["https:\/\/julkaszpulka.pl\/en\/blog\/"]}]},{"@type":"BreadcrumbList","@id":"https:\/\/julkaszpulka.pl\/en\/blog\/#breadcrumb","itemListElement":[{"@type":"ListItem","position":1,"name":"Strona g\u0142\u00f3wna","item":"https:\/\/julkaszpulka.pl\/en\/"},{"@type":"ListItem","position":2,"name":"Blog"}]},{"@type":"WebSite","@id":"https:\/\/julkaszpulka.pl\/#website","url":"https:\/\/julkaszpulka.pl\/","name":"Julka i Szpulka - interaktywne ksi\u0105\u017cki detektywistyczne","description":"Wyj\u0105tkowa seria interaktywnych ksi\u0105\u017cek detektywistycznych, kt\u00f3re nie tylko si\u0119 czyta.","publisher":{"@id":"https:\/\/julkaszpulka.pl\/#organization"},"potentialAction":[{"@type":"SearchAction","target":{"@type":"EntryPoint","urlTemplate":"https:\/\/julkaszpulka.pl\/?s={search_term_string}"},"query-input":{"@type":"PropertyValueSpecification","valueRequired":true,"valueName":"search_term_string"}}],"inLanguage":"en-US"},{"@type":"Organization","@id":"https:\/\/julkaszpulka.pl\/#organization","name":"Julka i Szpulka - interaktywne ksi\u0105\u017cki detektywistyczne","url":"https:\/\/julkaszpulka.pl\/","logo":{"@type":"ImageObject","inLanguage":"en-US","@id":"https:\/\/julkaszpulka.pl\/#\/schema\/logo\/image\/","url":"https:\/\/julkaszpulka.pl\/wp-content\/uploads\/2017\/09\/julkaszpulka-logo.jpg","contentUrl":"https:\/\/julkaszpulka.pl\/wp-content\/uploads\/2017\/09\/julkaszpulka-logo.jpg","width":150,"height":100,"caption":"Julka i Szpulka - interaktywne ksi\u0105\u017cki detektywistyczne"},"image":{"@id":"https:\/\/julkaszpulka.pl\/#\/schema\/logo\/image\/"}}]}},"jetpack_sharing_enabled":true,"_links":{"self":[{"href":"https:\/\/julkaszpulka.pl\/en\/wp-json\/wp\/v2\/pages\/4132","targetHints":{"allow":["GET"]}}],"collection":[{"href":"https:\/\/julkaszpulka.pl\/en\/wp-json\/wp\/v2\/pages"}],"about":[{"href":"https:\/\/julkaszpulka.pl\/en\/wp-json\/wp\/v2\/types\/page"}],"author":[{"embeddable":true,"href":"https:\/\/julkaszpulka.pl\/en\/wp-json\/wp\/v2\/users\/1"}],"replies":[{"embeddable":true,"href":"https:\/\/julkaszpulka.pl\/en\/wp-json\/wp\/v2\/comments?post=4132"}],"version-history":[{"count":1,"href":"https:\/\/julkaszpulka.pl\/en\/wp-json\/wp\/v2\/pages\/4132\/revisions"}],"predecessor-version":[{"id":4135,"href":"https:\/\/julkaszpulka.pl\/en\/wp-json\/wp\/v2\/pages\/4132\/revisions\/4135"}],"wp:attachment":[{"href":"https:\/\/julkaszpulka.pl\/en\/wp-json\/wp\/v2\/media?parent=4132"}],"curies":[{"name":"wp","href":"https:\/\/api.w.org\/{rel}","templated":true}]}}