{"id":4134,"date":"2021-09-19T16:38:46","date_gmt":"2021-09-19T14:38:46","guid":{"rendered":"https:\/\/julkaszpulka.pl\/?page_id=4134"},"modified":"2021-09-19T16:38:46","modified_gmt":"2021-09-19T14:38:46","slug":"kontakt","status":"publish","type":"page","link":"https:\/\/julkaszpulka.pl\/en\/kontakt\/","title":{"rendered":"Kontakt"},"content":{"rendered":"<section class=\"l-section wpb_row us_custom_f3f68ac4 height_medium\"><div class=\"l-section-h i-cf\"><div class=\"g-cols vc_row via_flex valign_middle type_default stacking_default\"><div class=\"vc_col-sm-6 wpb_column vc_column_container\"><div class=\"vc_column-inner\"><div class=\"wpb_wrapper\"><div id=\"ultimate-heading-391769e5cc0ebd2f3\" class=\"uvc-heading ult-adjust-bottom-margin ultimate-heading-391769e5cc0ebd2f3 uvc-5775 \" data-hspacer=\"no_spacer\"  data-halign=\"left\" style=\"text-align:left\"><div class=\"uvc-heading-spacer no_spacer\" style=\"top\"><\/div><div class=\"uvc-main-heading ult-responsive\"  data-ultimate-target='.uvc-heading.ultimate-heading-391769e5cc0ebd2f3 h1'  data-responsive-json-new='{\"font-size\":\"\",\"line-height\":\"\"}' ><h1 style=\"font-weight:normal;\">Kontakt<\/h1><\/div><\/div><div class=\"w-separator size_medium\"><\/div><div class=\"wpb_text_column\"><div class=\"wpb_wrapper\"><p>Tu Julka i Szpulka! Cieszymy si\u0119, \u017ce chcesz si\u0119 z nami skontaktowa\u0107.<\/p>\n<p>Lubimy nie tylko zadawa\u0107 pytania, ale przede wszystkim na nie odpowiada\u0107.<\/p>\n<p>W ko\u0144cu tak robi\u0105 detektywi!<\/p>\n<p>Je\u015bli masz jakie\u015b pytanie napisz na <a href=\"mailto:kontakt@julkaszpulka.pl\">kontakt@julkaszpulka.pl<\/a><\/p>\n<p>Postaramy si\u0119 odpowiedzie\u0107, jak najszybciej.<\/p>\n<\/div><\/div><\/div><\/div><\/div><div class=\"vc_col-sm-6 wpb_column vc_column_container\"><div class=\"vc_column-inner\"><div class=\"wpb_wrapper\"><div class=\"w-image align_center\"><div class=\"w-image-h\"><img decoding=\"async\" width=\"600\" height=\"600\" src=\"https:\/\/julkaszpulka.pl\/wp-content\/uploads\/2020\/09\/julka-szpulka-kontakt-600x600.jpg\" class=\"attachment-us_600_0 size-us_600_0\" alt=\"\" loading=\"lazy\" srcset=\"https:\/\/julkaszpulka.pl\/wp-content\/uploads\/2020\/09\/julka-szpulka-kontakt-600x600.jpg 600w, https:\/\/julkaszpulka.pl\/wp-content\/uploads\/2020\/09\/julka-szpulka-kontakt-300x300.jpg 300w, https:\/\/julkaszpulka.pl\/wp-content\/uploads\/2020\/09\/julka-szpulka-kontakt-150x150.jpg 150w, https:\/\/julkaszpulka.pl\/wp-content\/uploads\/2020\/09\/julka-szpulka-kontakt-400x400.jpg 400w, https:\/\/julkaszpulka.pl\/wp-content\/uploads\/2020\/09\/julka-szpulka-kontakt-800x800.jpg 800w, https:\/\/julkaszpulka.pl\/wp-content\/uploads\/2020\/09\/julka-szpulka-kontakt.jpg 1000w\" sizes=\"auto, (max-width: 600px) 100vw, 600px\" \/><\/div><\/div><\/div><\/div><\/div><div class=\"vc_col-sm-12 wpb_column vc_column_container\"><div class=\"vc_column-inner\"><div class=\"wpb_wrapper\"><div class=\"w-separator size_medium\"><\/div><div class=\"wpb_text_column\"><div class=\"wpb_wrapper\"><p>Je\u015bli masz pytania dotycz\u0105ce zakupu ksi\u0105\u017cki lub co\u015b posz\u0142o nie tak podczas realizacji zam\u00f3wienia \u2013 wy\u015blij e-mail na adres: <a href=\"mailto:sklep@julkaszpulka.pl\">sklep@julkaszpulka.pl<\/a><\/p>\n<p>Je\u015bli chcesz zosta\u0107 naszym informatorem, napisz na <a href=\"mailto:media@julkaszpulka.pl\">media@julkaszpulka.pl<\/a><\/p>\n<p>Je\u015bli chcesz nawi\u0105za\u0107 z nami wsp\u00f3\u0142prac\u0119, skontaktuj si\u0119 z nami: <a href=\"mailto:wspolpraca@julkaszpulka.pl\">wspolpraca@julkaszpulka.pl<\/a><\/p>\n<p>Mo\u017cesz te\u017c skorzysta\u0107 z formularza kontaktowego.<\/p>\n<\/div><\/div><\/div><\/div><\/div><\/div><\/div><\/section><section class=\"l-section wpb_row us_custom_3dcc548a height_medium\"><div class=\"l-section-overlay\" style=\"background:rgba(255,255,255,0.5)\"><\/div><div class=\"l-section-h i-cf\"><div class=\"g-cols vc_row via_flex valign_top type_default stacking_default\"><div class=\"vc_col-sm-6 vc_col-sm-offset-3 wpb_column vc_column_container has_bg_color\"><div class=\"vc_column-inner us_custom_fcb89dfa\"><div class=\"wpb_wrapper\"><div id=\"ultimate-heading-227969e5cc0ebdf99\" class=\"uvc-heading ult-adjust-bottom-margin ultimate-heading-227969e5cc0ebdf99 uvc-1024 \" data-hspacer=\"no_spacer\"  data-halign=\"left\" style=\"text-align:left\"><div class=\"uvc-heading-spacer no_spacer\" style=\"top\"><\/div><div class=\"uvc-main-heading ult-responsive\"  data-ultimate-target='.uvc-heading.ultimate-heading-227969e5cc0ebdf99 h3'  data-responsive-json-new='{\"font-size\":\"\",\"line-height\":\"\"}' ><h3 style=\"font-weight:normal;margin-bottom:1rem;\">Formularz kontaktowy<\/h3><\/div><div class=\"uvc-sub-heading ult-responsive\"  data-ultimate-target='.uvc-heading.ultimate-heading-227969e5cc0ebdf99 .uvc-sub-heading '  data-responsive-json-new='{\"font-size\":\"\",\"line-height\":\"\"}'  style=\"font-weight:normal;\">Masz pytania? Napisz do nas&#8230;<\/div><\/div><div class=\"w-separator size_small\"><\/div><form class=\"w-form  us-field-style_1 layout_ver show_message_after_sending for_cform us_form_1\" action=\"https:\/\/julkaszpulka.pl\/en\/wp-json\/wp\/v2\/pages\/4134\" method=\"post\"><div class=\"w-form-h\"><div class=\"w-form-row for_text required\">\r\n\t\t<div class=\"w-form-row-field\">\r\n\t\t\t\t\t\t<input aria-label=\"Imi\u0119\" type=\"text\" name=\"us_form_1_text_1\" value placeholder=\"Imi\u0119 *\" data-required=\"true\" aria-required=\"true\"\/>\r\n\t\t\t<\/div>\r\n\t\t<div class=\"w-form-row-state\">Fill out this field<\/div>\r\n<\/div>\r\n<div class=\"w-form-row for_email required\">\r\n\t\t<div class=\"w-form-row-field\">\r\n\t\t\t\t\t\t<input aria-label=\"Email\" type=\"email\" name=\"us_form_1_email_1\" value placeholder=\"Email *\" data-required=\"true\" aria-required=\"true\"\/>\r\n\t\t\t<\/div>\r\n\t\t<div class=\"w-form-row-state\">Please enter a valid email address.<\/div>\r\n<\/div>\r\n<div class=\"w-form-row for_textarea required\">\r\n\t\t<div class=\"w-form-row-field\">\r\n\t\t\t\t\t\t<textarea aria-label=\"Wiadomo\u015b\u0107\" name=\"us_form_1_textarea_1\" placeholder=\"Wiadomo\u015b\u0107 *\" data-required=\"true\" aria-required=\"true\"><\/textarea>\r\n\t\t\t<\/div>\r\n\t\t<div class=\"w-form-row-state\">Fill out this field<\/div>\r\n<\/div>\r\n<div class=\"w-form-row for_agreement required\">\r\n\t\t<div class=\"w-form-row-field\">\r\n\t\t\t\t<label>\r\n\t\t\t<input type=\"checkbox\" value=\"1\" data-required=\"true\" aria-required=\"true\" name=\"us_form_1_agreement_1\"\/>\r\n\t\t\t<span>Zgodnie z art.6 ust.1 lit. a og\u00f3lnego rozporz\u0105dzenia o ochronie danych osobowych z dnia 27 kwietnia 2016 r. (Dz. Urz. UE L 119 z 04.05.2016) wyra\u017cam zgod\u0119 na przetwarzanie moich danych osobowych do cel\u00f3w marketingowych.<\/span>\r\n\t\t<\/label>\r\n\t\t\t<\/div>\r\n\t\t<div class=\"w-form-row-state\">You need to agree with the terms to proceed<\/div>\r\n<\/div>\r\n<input type=\"hidden\" name=\"action\" value=\"us_ajax_cform\" \/>\r\n<input type=\"hidden\" name=\"post_id\" value=\"0\" \/>\r\n<input type=\"hidden\" name=\"form_index\" value=\"1\" \/>\r\n<div class=\"w-form-row for_submit align_none\">\r\n\t<button class=\"w-btn  us-btn-style_1\" aria-label=\"Submit\" type=\"submit\">\r\n\t\t<span class=\"g-preloader type_1\"><\/span>\r\n\t\t\t\t<span class=\"w-btn-label\">Submit<\/span>\r\n\t\t\t<\/button>\r\n\t<\/div>\r\n<\/div><div class=\"w-form-message\"><\/div><div class=\"w-form-json hidden\" onclick='return {&quot;ajaxurl&quot;:&quot;https:\\\/\\\/julkaszpulka.pl\\\/wp-admin\\\/admin-ajax.php&quot;,&quot;messages&quot;:{&quot;err_empty&quot;:&quot;Fill out this field&quot;,&quot;err_size&quot;:&quot;File size cannot exceed %s MB&quot;,&quot;err_extension&quot;:&quot;%s file type is not allowed&quot;,&quot;err_recaptcha_keys&quot;:&quot;reCAPTCHA keys are incorrect&quot;}}'><\/div><\/form><\/div><\/div><\/div><\/div><\/div><\/section><!-- Row Backgrounds --><div class=\"upb_bg_img\" data-ultimate-bg=\"url(https:\/\/julkaszpulka.pl\/wp-content\/uploads\/2020\/09\/wyklejka.jpg)\" data-image-id=\"id^2066|url^https:\/\/julkaszpulka.pl\/wp-content\/uploads\/2020\/09\/wyklejka.jpg|caption^null|alt^null|title^wyklejka|description^null\" data-ultimate-bg-style=\"vcpb-vz-jquery\" data-bg-img-repeat=\"repeat\" data-bg-img-size=\"contain\" data-bg-img-position=\"\" data-parallx_sense=\"30\" data-bg-override=\"0\" data-bg_img_attach=\"scroll\" data-upb-overlay-color=\"\" data-upb-bg-animation=\"\" data-fadeout=\"\" data-bg-animation=\"left-animation\" data-bg-animation-type=\"h\" data-animation-repeat=\"repeat\" data-fadeout-percentage=\"30\" data-parallax-content=\"\" data-parallax-content-sense=\"30\" data-row-effect-mobile-disable=\"true\" data-img-parallax-mobile-disable=\"true\" data-rtl=\"false\"  data-custom-vc-row=\"\"  data-vc=\"8.7.2\"  data-is_old_vc=\"\"  data-theme-support=\"disable\"   data-overlay=\"false\" data-overlay-color=\"\" data-overlay-pattern=\"\" data-overlay-pattern-opacity=\"\" data-overlay-pattern-size=\"\"    ><\/div>\n","protected":false},"excerpt":{"rendered":"KontaktTu Julka i Szpulka! Cieszymy si\u0119, \u017ce chcesz si\u0119 z nami skontaktowa\u0107. Lubimy nie tylko zadawa\u0107 pytania, ale przede wszystkim na nie odpowiada\u0107. W ko\u0144cu tak robi\u0105 detektywi! Je\u015bli masz jakie\u015b pytanie napisz na kontakt@julkaszpulka.pl Postaramy si\u0119 odpowiedzie\u0107, jak najszybciej. Je\u015bli masz pytania dotycz\u0105ce zakupu ksi\u0105\u017cki lub co\u015b posz\u0142o nie tak podczas realizacji zam\u00f3wienia \u2013...","protected":false},"author":1,"featured_media":0,"parent":0,"menu_order":7,"comment_status":"closed","ping_status":"closed","template":"","meta":{"_acf_changed":false,"footnotes":""},"class_list":["post-4134","page","type-page","status-publish","hentry"],"acf":[],"yoast_head":"<!-- This site is optimized with the Yoast SEO plugin v27.4 - https:\/\/yoast.com\/product\/yoast-seo-wordpress\/ -->\n<title>Kontakt - Julka i Szpulka - interaktywne ksi\u0105\u017cki detektywistyczne<\/title>\n<meta name=\"robots\" content=\"index, follow, max-snippet:-1, max-image-preview:large, max-video-preview:-1\" \/>\n<link rel=\"canonical\" href=\"https:\/\/julkaszpulka.pl\/en\/kontakt\/\" \/>\n<meta property=\"og:locale\" content=\"en_US\" \/>\n<meta property=\"og:type\" content=\"article\" \/>\n<meta property=\"og:title\" content=\"Kontakt - Julka i Szpulka - interaktywne ksi\u0105\u017cki detektywistyczne\" \/>\n<meta property=\"og:url\" content=\"https:\/\/julkaszpulka.pl\/en\/kontakt\/\" \/>\n<meta property=\"og:site_name\" content=\"Julka i Szpulka - interaktywne ksi\u0105\u017cki detektywistyczne\" \/>\n<meta name=\"twitter:card\" content=\"summary_large_image\" \/>\n<meta name=\"twitter:label1\" content=\"Est. reading time\" \/>\n\t<meta name=\"twitter:data1\" content=\"1 minute\" \/>\n<script type=\"application\/ld+json\" class=\"yoast-schema-graph\">{\"@context\":\"https:\\\/\\\/schema.org\",\"@graph\":[{\"@type\":\"WebPage\",\"@id\":\"https:\\\/\\\/julkaszpulka.pl\\\/en\\\/kontakt\\\/\",\"url\":\"https:\\\/\\\/julkaszpulka.pl\\\/en\\\/kontakt\\\/\",\"name\":\"Kontakt - Julka i Szpulka - interaktywne ksi\u0105\u017cki detektywistyczne\",\"isPartOf\":{\"@id\":\"https:\\\/\\\/julkaszpulka.pl\\\/#website\"},\"datePublished\":\"2021-09-19T14:38:46+00:00\",\"breadcrumb\":{\"@id\":\"https:\\\/\\\/julkaszpulka.pl\\\/en\\\/kontakt\\\/#breadcrumb\"},\"inLanguage\":\"en-US\",\"potentialAction\":[{\"@type\":\"ReadAction\",\"target\":[\"https:\\\/\\\/julkaszpulka.pl\\\/en\\\/kontakt\\\/\"]}]},{\"@type\":\"BreadcrumbList\",\"@id\":\"https:\\\/\\\/julkaszpulka.pl\\\/en\\\/kontakt\\\/#breadcrumb\",\"itemListElement\":[{\"@type\":\"ListItem\",\"position\":1,\"name\":\"Strona g\u0142\u00f3wna\",\"item\":\"https:\\\/\\\/julkaszpulka.pl\\\/en\\\/\"},{\"@type\":\"ListItem\",\"position\":2,\"name\":\"Kontakt\"}]},{\"@type\":\"WebSite\",\"@id\":\"https:\\\/\\\/julkaszpulka.pl\\\/#website\",\"url\":\"https:\\\/\\\/julkaszpulka.pl\\\/\",\"name\":\"Julka i Szpulka - interaktywne ksi\u0105\u017cki detektywistyczne\",\"description\":\"Wyj\u0105tkowa seria interaktywnych ksi\u0105\u017cek detektywistycznych, kt\u00f3re nie tylko si\u0119 czyta.\",\"publisher\":{\"@id\":\"https:\\\/\\\/julkaszpulka.pl\\\/#organization\"},\"potentialAction\":[{\"@type\":\"SearchAction\",\"target\":{\"@type\":\"EntryPoint\",\"urlTemplate\":\"https:\\\/\\\/julkaszpulka.pl\\\/?s={search_term_string}\"},\"query-input\":{\"@type\":\"PropertyValueSpecification\",\"valueRequired\":true,\"valueName\":\"search_term_string\"}}],\"inLanguage\":\"en-US\"},{\"@type\":\"Organization\",\"@id\":\"https:\\\/\\\/julkaszpulka.pl\\\/#organization\",\"name\":\"Julka i Szpulka - interaktywne ksi\u0105\u017cki detektywistyczne\",\"url\":\"https:\\\/\\\/julkaszpulka.pl\\\/\",\"logo\":{\"@type\":\"ImageObject\",\"inLanguage\":\"en-US\",\"@id\":\"https:\\\/\\\/julkaszpulka.pl\\\/#\\\/schema\\\/logo\\\/image\\\/\",\"url\":\"https:\\\/\\\/julkaszpulka.pl\\\/wp-content\\\/uploads\\\/2017\\\/09\\\/julkaszpulka-logo.jpg\",\"contentUrl\":\"https:\\\/\\\/julkaszpulka.pl\\\/wp-content\\\/uploads\\\/2017\\\/09\\\/julkaszpulka-logo.jpg\",\"width\":150,\"height\":100,\"caption\":\"Julka i Szpulka - interaktywne ksi\u0105\u017cki detektywistyczne\"},\"image\":{\"@id\":\"https:\\\/\\\/julkaszpulka.pl\\\/#\\\/schema\\\/logo\\\/image\\\/\"}}]}<\/script>\n<!-- \/ Yoast SEO plugin. -->","yoast_head_json":{"title":"Kontakt - Julka i Szpulka - interaktywne ksi\u0105\u017cki detektywistyczne","robots":{"index":"index","follow":"follow","max-snippet":"max-snippet:-1","max-image-preview":"max-image-preview:large","max-video-preview":"max-video-preview:-1"},"canonical":"https:\/\/julkaszpulka.pl\/en\/kontakt\/","og_locale":"en_US","og_type":"article","og_title":"Kontakt - Julka i Szpulka - interaktywne ksi\u0105\u017cki detektywistyczne","og_url":"https:\/\/julkaszpulka.pl\/en\/kontakt\/","og_site_name":"Julka i Szpulka - interaktywne ksi\u0105\u017cki detektywistyczne","twitter_card":"summary_large_image","twitter_misc":{"Est. reading time":"1 minute"},"schema":{"@context":"https:\/\/schema.org","@graph":[{"@type":"WebPage","@id":"https:\/\/julkaszpulka.pl\/en\/kontakt\/","url":"https:\/\/julkaszpulka.pl\/en\/kontakt\/","name":"Kontakt - Julka i Szpulka - interaktywne ksi\u0105\u017cki detektywistyczne","isPartOf":{"@id":"https:\/\/julkaszpulka.pl\/#website"},"datePublished":"2021-09-19T14:38:46+00:00","breadcrumb":{"@id":"https:\/\/julkaszpulka.pl\/en\/kontakt\/#breadcrumb"},"inLanguage":"en-US","potentialAction":[{"@type":"ReadAction","target":["https:\/\/julkaszpulka.pl\/en\/kontakt\/"]}]},{"@type":"BreadcrumbList","@id":"https:\/\/julkaszpulka.pl\/en\/kontakt\/#breadcrumb","itemListElement":[{"@type":"ListItem","position":1,"name":"Strona g\u0142\u00f3wna","item":"https:\/\/julkaszpulka.pl\/en\/"},{"@type":"ListItem","position":2,"name":"Kontakt"}]},{"@type":"WebSite","@id":"https:\/\/julkaszpulka.pl\/#website","url":"https:\/\/julkaszpulka.pl\/","name":"Julka i Szpulka - interaktywne ksi\u0105\u017cki detektywistyczne","description":"Wyj\u0105tkowa seria interaktywnych ksi\u0105\u017cek detektywistycznych, kt\u00f3re nie tylko si\u0119 czyta.","publisher":{"@id":"https:\/\/julkaszpulka.pl\/#organization"},"potentialAction":[{"@type":"SearchAction","target":{"@type":"EntryPoint","urlTemplate":"https:\/\/julkaszpulka.pl\/?s={search_term_string}"},"query-input":{"@type":"PropertyValueSpecification","valueRequired":true,"valueName":"search_term_string"}}],"inLanguage":"en-US"},{"@type":"Organization","@id":"https:\/\/julkaszpulka.pl\/#organization","name":"Julka i Szpulka - interaktywne ksi\u0105\u017cki detektywistyczne","url":"https:\/\/julkaszpulka.pl\/","logo":{"@type":"ImageObject","inLanguage":"en-US","@id":"https:\/\/julkaszpulka.pl\/#\/schema\/logo\/image\/","url":"https:\/\/julkaszpulka.pl\/wp-content\/uploads\/2017\/09\/julkaszpulka-logo.jpg","contentUrl":"https:\/\/julkaszpulka.pl\/wp-content\/uploads\/2017\/09\/julkaszpulka-logo.jpg","width":150,"height":100,"caption":"Julka i Szpulka - interaktywne ksi\u0105\u017cki detektywistyczne"},"image":{"@id":"https:\/\/julkaszpulka.pl\/#\/schema\/logo\/image\/"}}]}},"jetpack_sharing_enabled":true,"_links":{"self":[{"href":"https:\/\/julkaszpulka.pl\/en\/wp-json\/wp\/v2\/pages\/4134","targetHints":{"allow":["GET"]}}],"collection":[{"href":"https:\/\/julkaszpulka.pl\/en\/wp-json\/wp\/v2\/pages"}],"about":[{"href":"https:\/\/julkaszpulka.pl\/en\/wp-json\/wp\/v2\/types\/page"}],"author":[{"embeddable":true,"href":"https:\/\/julkaszpulka.pl\/en\/wp-json\/wp\/v2\/users\/1"}],"replies":[{"embeddable":true,"href":"https:\/\/julkaszpulka.pl\/en\/wp-json\/wp\/v2\/comments?post=4134"}],"version-history":[{"count":1,"href":"https:\/\/julkaszpulka.pl\/en\/wp-json\/wp\/v2\/pages\/4134\/revisions"}],"predecessor-version":[{"id":4137,"href":"https:\/\/julkaszpulka.pl\/en\/wp-json\/wp\/v2\/pages\/4134\/revisions\/4137"}],"wp:attachment":[{"href":"https:\/\/julkaszpulka.pl\/en\/wp-json\/wp\/v2\/media?parent=4134"}],"curies":[{"name":"wp","href":"https:\/\/api.w.org\/{rel}","templated":true}]}}