{"id":4138,"date":"2021-09-19T16:39:54","date_gmt":"2021-09-19T14:39:54","guid":{"rendered":"https:\/\/julkaszpulka.pl\/?page_id=4138"},"modified":"2021-09-19T16:39:54","modified_gmt":"2021-09-19T14:39:54","slug":"julka","status":"publish","type":"page","link":"https:\/\/julkaszpulka.pl\/en\/julka\/","title":{"rendered":"Julka"},"content":{"rendered":"<section class=\"l-section wpb_row us_custom_f3f68ac4 height_medium\"><div class=\"l-section-h i-cf\"><div class=\"g-cols vc_row via_flex valign_top type_default stacking_default\"><div class=\"vc_col-sm-8 vc_col-md-9 wpb_column vc_column_container\"><div class=\"vc_column-inner\"><div class=\"wpb_wrapper\"><div id=\"ultimate-heading-195269e74e495a86f\" class=\"uvc-heading ult-adjust-bottom-margin ultimate-heading-195269e74e495a86f uvc-7472 \" data-hspacer=\"no_spacer\"  data-halign=\"left\" style=\"text-align:left\"><div class=\"uvc-heading-spacer no_spacer\" style=\"top\"><\/div><div class=\"uvc-main-heading ult-responsive\"  data-ultimate-target='.uvc-heading.ultimate-heading-195269e74e495a86f h1'  data-responsive-json-new='{\"font-size\":\"\",\"line-height\":\"\"}' ><h1 style=\"font-weight:normal;\">Julka<\/h1><\/div><\/div><div class=\"w-separator size_medium\"><\/div><div class=\"g-cols wpb_row via_flex valign_middle type_default stacking_default\"><div class=\"vc_col-sm-6 wpb_column vc_column_container\"><div class=\"vc_column-inner\"><div class=\"wpb_wrapper\"><div class=\"w-image align_center\"><div class=\"w-image-h\"><img decoding=\"async\" width=\"600\" height=\"600\" src=\"https:\/\/julkaszpulka.pl\/wp-content\/uploads\/2020\/09\/julka-600x600.jpg\" class=\"attachment-us_600_0 size-us_600_0\" alt=\"\" loading=\"lazy\" srcset=\"https:\/\/julkaszpulka.pl\/wp-content\/uploads\/2020\/09\/julka-600x600.jpg 600w, https:\/\/julkaszpulka.pl\/wp-content\/uploads\/2020\/09\/julka-300x300.jpg 300w, https:\/\/julkaszpulka.pl\/wp-content\/uploads\/2020\/09\/julka-150x150.jpg 150w, https:\/\/julkaszpulka.pl\/wp-content\/uploads\/2020\/09\/julka-400x400.jpg 400w, https:\/\/julkaszpulka.pl\/wp-content\/uploads\/2020\/09\/julka-800x800.jpg 800w, https:\/\/julkaszpulka.pl\/wp-content\/uploads\/2020\/09\/julka.jpg 1000w\" sizes=\"auto, (max-width: 600px) 100vw, 600px\" \/><\/div><\/div><\/div><\/div><\/div><div class=\"vc_col-sm-6 wpb_column vc_column_container\"><div class=\"vc_column-inner\"><div class=\"wpb_wrapper\"><div class=\"wpb_text_column\"><div class=\"wpb_wrapper\"><p><strong>Wiek:<\/strong> ju\u017c du\u017ca.<\/p>\n<p><strong>W\u0142osy:<\/strong> wiatrem czesane (czasami szczotk\u0105).<\/p>\n<p><strong>Oczy:<\/strong> weso\u0142e i rozbiegane.<\/p>\n<p><strong>Ulubiony kolor:<\/strong> t\u0119czowy.<\/p>\n<p><strong>Ulubione jedzenie:<\/strong> par\u00f3wki, kapusta kiszona, S\u0141ODYCZE.<\/p>\n<p><strong>Lubi\u0119 robi\u0107:<\/strong> wszystko, co mi przyjdzie do g\u0142owy, najbardziej rozwi\u0105zywa\u0107 r\u00f3\u017cne, zagadkowe sprawy.<\/p>\n<\/div><\/div><\/div><\/div><\/div><\/div><div class=\"w-separator size_medium\"><\/div><div class=\"wpb_text_column\"><div class=\"wpb_wrapper\"><h3>Cze\u015b\u0107, jestem Julka! Mi\u0142o mi Was pozna\u0107.<\/h3>\n<p>Jestem przedszkolakiem i jestem ju\u017c taka du\u017ca. Sama wyjmuj\u0119 par\u00f3wki z lod\u00f3wki. Umiem te\u017c my\u0107 z\u0119by szczoteczk\u0105 i plu\u0107 na odleg\u0142o\u015b\u0107 do umywalki. Potrafi\u0119 wspina\u0107 si\u0119 na rega\u0142y z ksi\u0105\u017ckami, a nawet na tat\u0119. Lubi\u0119 biega\u0107, skaka\u0107 i je\u017adzi\u0107 na hulajnodze. Mama m\u00f3wi, \u017ce wsz\u0119dzie mnie pe\u0142no. Rozgl\u0105da\u0142am si\u0119 doko\u0142a, ale a\u017c taka du\u017ca to chyba nie jestem.<\/p>\n<p>Cz\u0119sto si\u0119 z\u0142oszcz\u0119. Zw\u0142aszcza wtedy, kiedy co\u015b mi nie wychodzi. W\u015bciekam si\u0119 szybko i \u0142atwo. Raz nawet w napadzie z\u0142o\u015bci zrobi\u0142am dziur\u0119 w pod\u0142odze. Dziwne, prawda? Mam mn\u00f3stwo ciekawych przyg\u00f3d. Chcesz dowiedzie\u0107 si\u0119 jakich? Zagl\u0105daj tu regularnie albo zapisz si\u0119 na <a href=\"\/newsletter\/\">newsletter<\/a>. Wtedy b\u0119d\u0119 wysy\u0142a\u0107 do Ciebie wiadomo\u015bci o tym, co nowego mi si\u0119 przydarzy\u0142o.<\/p>\n<\/div><\/div><\/div><\/div><\/div><div class=\"vc_col-sm-4 vc_col-md-3 wpb_column vc_column_container sidebar\"><div class=\"vc_column-inner us_custom_ab2365b5\"><div class=\"wpb_wrapper\"><div class=\"g-cols wpb_row us_custom_703b2333 via_flex valign_top type_default stacking_default\"><div class=\"vc_col-sm-12 wpb_column vc_column_container\"><div class=\"vc_column-inner\"><div class=\"wpb_wrapper\"><section class=\"l-section wpb_row height_auto width_full\"><div class=\"l-section-h i-cf\"><div class=\"g-cols vc_row via_flex valign_top type_default stacking_default\"><div class=\"vc_col-sm-12 wpb_column vc_column_container\"><div class=\"vc_column-inner\"><div class=\"wpb_wrapper\"><div id=\"ultimate-heading-256569e74e495bf41\" class=\"uvc-heading ult-adjust-bottom-margin ultimate-heading-256569e74e495bf41 uvc-8858 \" data-hspacer=\"no_spacer\"  data-halign=\"left\" style=\"text-align:left\"><div class=\"uvc-heading-spacer no_spacer\" style=\"top\"><\/div><div class=\"uvc-main-heading ult-responsive\"  data-ultimate-target='.uvc-heading.ultimate-heading-256569e74e495bf41 h4'  data-responsive-json-new='{\"font-size\":\"\",\"line-height\":\"\"}' ><h4 style=\"font-weight:normal;margin-bottom:1rem;\">KSI\u0104\u017bKA<\/h4><\/div><\/div><div class=\"w-image align_center\"><div class=\"w-image-h\"><img loading=\"lazy\" decoding=\"async\" class=\"g-placeholder\" src=\"https:\/\/julkaszpulka.pl\/wp-content\/plugins\/us-core\/assets\/images\/placeholder.svg\" width=\"600\" height=\"0\" alt><\/div><\/div><div class=\"w-separator size_custom\" style=\"height:1rem\"><\/div><div class=\"wpb_text_column us_custom_f2eec366\"><div class=\"wpb_wrapper\"><p>Przeprowad\u017a nowe \u015bledztwo z Julk\u0105 i Szpulk\u0105!<\/p>\n<\/div><\/div><div class=\"w-btn-wrapper align_none\"><a class=\"w-btn us-btn-style_1 ukryte icon_atleft\" title=\"Julka i Szpulka. Ko\u015bciochrupek\" href=\"\/sklep\/julka-i-szpulka-kosciochrupek\/\"><i class=\"fas fa-shopping-basket\"><\/i><span class=\"w-btn-label\">Kup teraz<\/span><\/a><\/div><\/div><\/div><\/div><\/div><\/div><\/section>\n<\/div><\/div><\/div><\/div><div class=\"g-cols wpb_row us_custom_10679678 via_flex valign_top type_default stacking_default\"><div class=\"vc_col-sm-12 wpb_column vc_column_container\"><div class=\"vc_column-inner\"><div class=\"wpb_wrapper\"><section class=\"l-section wpb_row height_auto width_full\"><div class=\"l-section-h i-cf\"><div class=\"g-cols vc_row via_flex valign_top type_default stacking_default\"><div class=\"vc_col-sm-12 wpb_column vc_column_container\"><div class=\"vc_column-inner\"><div class=\"wpb_wrapper\"><div id=\"ultimate-heading-152669e74e495ce48\" class=\"uvc-heading ult-adjust-bottom-margin ultimate-heading-152669e74e495ce48 uvc-1310 \" data-hspacer=\"no_spacer\"  data-halign=\"left\" style=\"text-align:left\"><div class=\"uvc-heading-spacer no_spacer\" style=\"top\"><\/div><div class=\"uvc-main-heading ult-responsive\"  data-ultimate-target='.uvc-heading.ultimate-heading-152669e74e495ce48 h4'  data-responsive-json-new='{\"font-size\":\"\",\"line-height\":\"\"}' ><h4 style=\"font-weight:normal;margin-bottom:1rem;\">POZNAJ SZPULK\u0118<\/h4><\/div><\/div><div class=\"wpb_text_column us_custom_f2eec366\"><div class=\"wpb_wrapper\"><p>Cze\u015b\u0107, jestem Szpulka.<\/p>\n<\/div><\/div><div class=\"w-image align_center\"><div class=\"w-image-h\"><img decoding=\"async\" width=\"600\" height=\"600\" src=\"https:\/\/julkaszpulka.pl\/wp-content\/uploads\/2020\/09\/julka-szpulka-poznaj-szpulke-600x600.jpg\" class=\"attachment-us_600_0 size-us_600_0\" alt=\"\" loading=\"lazy\" srcset=\"https:\/\/julkaszpulka.pl\/wp-content\/uploads\/2020\/09\/julka-szpulka-poznaj-szpulke-600x600.jpg 600w, https:\/\/julkaszpulka.pl\/wp-content\/uploads\/2020\/09\/julka-szpulka-poznaj-szpulke-300x300.jpg 300w, https:\/\/julkaszpulka.pl\/wp-content\/uploads\/2020\/09\/julka-szpulka-poznaj-szpulke-150x150.jpg 150w, https:\/\/julkaszpulka.pl\/wp-content\/uploads\/2020\/09\/julka-szpulka-poznaj-szpulke-400x400.jpg 400w, https:\/\/julkaszpulka.pl\/wp-content\/uploads\/2020\/09\/julka-szpulka-poznaj-szpulke-800x800.jpg 800w, https:\/\/julkaszpulka.pl\/wp-content\/uploads\/2020\/09\/julka-szpulka-poznaj-szpulke.jpg 1000w\" sizes=\"auto, (max-width: 600px) 100vw, 600px\" \/><\/div><\/div><div class=\"w-separator size_custom\" style=\"height:1rem\"><\/div><div class=\"w-btn-wrapper align_none\"><a class=\"w-btn us-btn-style_1 icon_atleft\" title=\"Szpulka\" href=\"\/szpulka\/\"><i class=\"fas fa-angle-double-right\"><\/i><span class=\"w-btn-label\">Poznaj Szpulk\u0119<\/span><\/a><\/div><\/div><\/div><\/div><\/div><\/div><\/section>\n<\/div><\/div><\/div><\/div><\/div><\/div><\/div><\/div><\/div><\/section>\n","protected":false},"excerpt":{"rendered":"JulkaWiek: ju\u017c du\u017ca. W\u0142osy: wiatrem czesane (czasami szczotk\u0105). Oczy: weso\u0142e i rozbiegane. Ulubiony kolor: t\u0119czowy. Ulubione jedzenie: par\u00f3wki, kapusta kiszona, S\u0141ODYCZE. Lubi\u0119 robi\u0107: wszystko, co mi przyjdzie do g\u0142owy, najbardziej rozwi\u0105zywa\u0107 r\u00f3\u017cne, zagadkowe sprawy. Cze\u015b\u0107, jestem Julka! Mi\u0142o mi Was pozna\u0107. Jestem przedszkolakiem i jestem ju\u017c taka du\u017ca. Sama wyjmuj\u0119 par\u00f3wki z lod\u00f3wki. Umiem te\u017c...","protected":false},"author":1,"featured_media":0,"parent":0,"menu_order":39,"comment_status":"closed","ping_status":"closed","template":"","meta":{"_acf_changed":false,"footnotes":""},"class_list":["post-4138","page","type-page","status-publish","hentry"],"acf":[],"yoast_head":"<!-- This site is optimized with the Yoast SEO plugin v27.4 - https:\/\/yoast.com\/product\/yoast-seo-wordpress\/ -->\n<title>Julka - Julka i Szpulka - interaktywne ksi\u0105\u017cki detektywistyczne<\/title>\n<meta name=\"robots\" content=\"index, follow, max-snippet:-1, max-image-preview:large, max-video-preview:-1\" \/>\n<link rel=\"canonical\" href=\"https:\/\/julkaszpulka.pl\/en\/julka\/\" \/>\n<meta property=\"og:locale\" content=\"en_US\" \/>\n<meta property=\"og:type\" content=\"article\" \/>\n<meta property=\"og:title\" content=\"Julka - Julka i Szpulka - interaktywne ksi\u0105\u017cki detektywistyczne\" \/>\n<meta property=\"og:url\" content=\"https:\/\/julkaszpulka.pl\/en\/julka\/\" \/>\n<meta property=\"og:site_name\" content=\"Julka i Szpulka - interaktywne ksi\u0105\u017cki detektywistyczne\" \/>\n<meta name=\"twitter:card\" content=\"summary_large_image\" \/>\n<meta name=\"twitter:label1\" content=\"Est. reading time\" \/>\n\t<meta name=\"twitter:data1\" content=\"1 minute\" \/>\n<script type=\"application\/ld+json\" class=\"yoast-schema-graph\">{\"@context\":\"https:\\\/\\\/schema.org\",\"@graph\":[{\"@type\":\"WebPage\",\"@id\":\"https:\\\/\\\/julkaszpulka.pl\\\/en\\\/julka\\\/\",\"url\":\"https:\\\/\\\/julkaszpulka.pl\\\/en\\\/julka\\\/\",\"name\":\"Julka - Julka i Szpulka - interaktywne ksi\u0105\u017cki detektywistyczne\",\"isPartOf\":{\"@id\":\"https:\\\/\\\/julkaszpulka.pl\\\/#website\"},\"datePublished\":\"2021-09-19T14:39:54+00:00\",\"breadcrumb\":{\"@id\":\"https:\\\/\\\/julkaszpulka.pl\\\/en\\\/julka\\\/#breadcrumb\"},\"inLanguage\":\"en-US\",\"potentialAction\":[{\"@type\":\"ReadAction\",\"target\":[\"https:\\\/\\\/julkaszpulka.pl\\\/en\\\/julka\\\/\"]}]},{\"@type\":\"BreadcrumbList\",\"@id\":\"https:\\\/\\\/julkaszpulka.pl\\\/en\\\/julka\\\/#breadcrumb\",\"itemListElement\":[{\"@type\":\"ListItem\",\"position\":1,\"name\":\"Strona g\u0142\u00f3wna\",\"item\":\"https:\\\/\\\/julkaszpulka.pl\\\/en\\\/\"},{\"@type\":\"ListItem\",\"position\":2,\"name\":\"Julka\"}]},{\"@type\":\"WebSite\",\"@id\":\"https:\\\/\\\/julkaszpulka.pl\\\/#website\",\"url\":\"https:\\\/\\\/julkaszpulka.pl\\\/\",\"name\":\"Julka i Szpulka - interaktywne ksi\u0105\u017cki detektywistyczne\",\"description\":\"Wyj\u0105tkowa seria interaktywnych ksi\u0105\u017cek detektywistycznych, kt\u00f3re nie tylko si\u0119 czyta.\",\"publisher\":{\"@id\":\"https:\\\/\\\/julkaszpulka.pl\\\/#organization\"},\"potentialAction\":[{\"@type\":\"SearchAction\",\"target\":{\"@type\":\"EntryPoint\",\"urlTemplate\":\"https:\\\/\\\/julkaszpulka.pl\\\/?s={search_term_string}\"},\"query-input\":{\"@type\":\"PropertyValueSpecification\",\"valueRequired\":true,\"valueName\":\"search_term_string\"}}],\"inLanguage\":\"en-US\"},{\"@type\":\"Organization\",\"@id\":\"https:\\\/\\\/julkaszpulka.pl\\\/#organization\",\"name\":\"Julka i Szpulka - interaktywne ksi\u0105\u017cki detektywistyczne\",\"url\":\"https:\\\/\\\/julkaszpulka.pl\\\/\",\"logo\":{\"@type\":\"ImageObject\",\"inLanguage\":\"en-US\",\"@id\":\"https:\\\/\\\/julkaszpulka.pl\\\/#\\\/schema\\\/logo\\\/image\\\/\",\"url\":\"https:\\\/\\\/julkaszpulka.pl\\\/wp-content\\\/uploads\\\/2017\\\/09\\\/julkaszpulka-logo.jpg\",\"contentUrl\":\"https:\\\/\\\/julkaszpulka.pl\\\/wp-content\\\/uploads\\\/2017\\\/09\\\/julkaszpulka-logo.jpg\",\"width\":150,\"height\":100,\"caption\":\"Julka i Szpulka - interaktywne ksi\u0105\u017cki detektywistyczne\"},\"image\":{\"@id\":\"https:\\\/\\\/julkaszpulka.pl\\\/#\\\/schema\\\/logo\\\/image\\\/\"}}]}<\/script>\n<!-- \/ Yoast SEO plugin. -->","yoast_head_json":{"title":"Julka - Julka i Szpulka - interaktywne ksi\u0105\u017cki detektywistyczne","robots":{"index":"index","follow":"follow","max-snippet":"max-snippet:-1","max-image-preview":"max-image-preview:large","max-video-preview":"max-video-preview:-1"},"canonical":"https:\/\/julkaszpulka.pl\/en\/julka\/","og_locale":"en_US","og_type":"article","og_title":"Julka - Julka i Szpulka - interaktywne ksi\u0105\u017cki detektywistyczne","og_url":"https:\/\/julkaszpulka.pl\/en\/julka\/","og_site_name":"Julka i Szpulka - interaktywne ksi\u0105\u017cki detektywistyczne","twitter_card":"summary_large_image","twitter_misc":{"Est. reading time":"1 minute"},"schema":{"@context":"https:\/\/schema.org","@graph":[{"@type":"WebPage","@id":"https:\/\/julkaszpulka.pl\/en\/julka\/","url":"https:\/\/julkaszpulka.pl\/en\/julka\/","name":"Julka - Julka i Szpulka - interaktywne ksi\u0105\u017cki detektywistyczne","isPartOf":{"@id":"https:\/\/julkaszpulka.pl\/#website"},"datePublished":"2021-09-19T14:39:54+00:00","breadcrumb":{"@id":"https:\/\/julkaszpulka.pl\/en\/julka\/#breadcrumb"},"inLanguage":"en-US","potentialAction":[{"@type":"ReadAction","target":["https:\/\/julkaszpulka.pl\/en\/julka\/"]}]},{"@type":"BreadcrumbList","@id":"https:\/\/julkaszpulka.pl\/en\/julka\/#breadcrumb","itemListElement":[{"@type":"ListItem","position":1,"name":"Strona g\u0142\u00f3wna","item":"https:\/\/julkaszpulka.pl\/en\/"},{"@type":"ListItem","position":2,"name":"Julka"}]},{"@type":"WebSite","@id":"https:\/\/julkaszpulka.pl\/#website","url":"https:\/\/julkaszpulka.pl\/","name":"Julka i Szpulka - interaktywne ksi\u0105\u017cki detektywistyczne","description":"Wyj\u0105tkowa seria interaktywnych ksi\u0105\u017cek detektywistycznych, kt\u00f3re nie tylko si\u0119 czyta.","publisher":{"@id":"https:\/\/julkaszpulka.pl\/#organization"},"potentialAction":[{"@type":"SearchAction","target":{"@type":"EntryPoint","urlTemplate":"https:\/\/julkaszpulka.pl\/?s={search_term_string}"},"query-input":{"@type":"PropertyValueSpecification","valueRequired":true,"valueName":"search_term_string"}}],"inLanguage":"en-US"},{"@type":"Organization","@id":"https:\/\/julkaszpulka.pl\/#organization","name":"Julka i Szpulka - interaktywne ksi\u0105\u017cki detektywistyczne","url":"https:\/\/julkaszpulka.pl\/","logo":{"@type":"ImageObject","inLanguage":"en-US","@id":"https:\/\/julkaszpulka.pl\/#\/schema\/logo\/image\/","url":"https:\/\/julkaszpulka.pl\/wp-content\/uploads\/2017\/09\/julkaszpulka-logo.jpg","contentUrl":"https:\/\/julkaszpulka.pl\/wp-content\/uploads\/2017\/09\/julkaszpulka-logo.jpg","width":150,"height":100,"caption":"Julka i Szpulka - interaktywne ksi\u0105\u017cki detektywistyczne"},"image":{"@id":"https:\/\/julkaszpulka.pl\/#\/schema\/logo\/image\/"}}]}},"jetpack_sharing_enabled":true,"_links":{"self":[{"href":"https:\/\/julkaszpulka.pl\/en\/wp-json\/wp\/v2\/pages\/4138","targetHints":{"allow":["GET"]}}],"collection":[{"href":"https:\/\/julkaszpulka.pl\/en\/wp-json\/wp\/v2\/pages"}],"about":[{"href":"https:\/\/julkaszpulka.pl\/en\/wp-json\/wp\/v2\/types\/page"}],"author":[{"embeddable":true,"href":"https:\/\/julkaszpulka.pl\/en\/wp-json\/wp\/v2\/users\/1"}],"replies":[{"embeddable":true,"href":"https:\/\/julkaszpulka.pl\/en\/wp-json\/wp\/v2\/comments?post=4138"}],"version-history":[{"count":1,"href":"https:\/\/julkaszpulka.pl\/en\/wp-json\/wp\/v2\/pages\/4138\/revisions"}],"predecessor-version":[{"id":4143,"href":"https:\/\/julkaszpulka.pl\/en\/wp-json\/wp\/v2\/pages\/4138\/revisions\/4143"}],"wp:attachment":[{"href":"https:\/\/julkaszpulka.pl\/en\/wp-json\/wp\/v2\/media?parent=4138"}],"curies":[{"name":"wp","href":"https:\/\/api.w.org\/{rel}","templated":true}]}}