{"id":4820,"date":"2022-08-21T16:58:08","date_gmt":"2022-08-21T14:58:08","guid":{"rendered":"https:\/\/julkaszpulka.pl\/?post_type=product&#038;p=4820"},"modified":"2024-02-09T16:28:19","modified_gmt":"2024-02-09T15:28:19","slug":"pozytywna-dyscyplina-dla-dzieci-z-potrzebami","status":"publish","type":"product","link":"https:\/\/julkaszpulka.pl\/en\/sklep\/pozytywna-dyscyplina-dla-dzieci-z-potrzebami\/","title":{"rendered":"Pozytywna Dyscyplina dla dzieci z potrzebami"},"content":{"rendered":"<section class=\"l-section wpb_row us_custom_887a049b height_small\"><div class=\"l-section-h i-cf\"><div class=\"g-cols vc_row via_flex valign_top type_default stacking_default\"><div class=\"vc_col-sm-6 wpb_column vc_column_container\"><div class=\"vc_column-inner\"><div class=\"wpb_wrapper\"><div class=\"w-slider style_none fit_scaledown nav_none count_3\"><div class=\"w-slider-h\"><div class=\"royalSlider\"><div class=\"rsContent\"><a class=\"rsImg\" data-rsw=\"600\" data-rsh=\"600\" href=\"https:\/\/julkaszpulka.pl\/wp-content\/uploads\/2022\/08\/PD-z-potrzebami-600x600.jpg\"><span data-alt=\"\"><\/span><\/a><\/div><div class=\"rsContent\"><a class=\"rsImg\" data-rsw=\"600\" data-rsh=\"600\" href=\"https:\/\/julkaszpulka.pl\/wp-content\/uploads\/2022\/08\/17.jpg-600x600.webp\"><span data-alt=\"\"><\/span><\/a><\/div><div class=\"rsContent\"><a class=\"rsImg\" data-rsw=\"600\" data-rsh=\"600\" href=\"https:\/\/julkaszpulka.pl\/wp-content\/uploads\/2022\/08\/18.jpg-600x600.webp\"><span data-alt=\"\"><\/span><\/a><\/div><\/div><img decoding=\"async\" src=\"https:\/\/julkaszpulka.pl\/wp-content\/uploads\/2022\/08\/PD-z-potrzebami-600x600.jpg\" width=\"600\" height=\"600\" alt loading=\"lazy\"><\/div><div class=\"w-slider-json\" onclick='return {&quot;autoScaleSlider&quot;:true,&quot;addActiveClass&quot;:true,&quot;loop&quot;:true,&quot;fadeInLoadedSlide&quot;:false,&quot;slidesSpacing&quot;:0,&quot;imageScalePadding&quot;:0,&quot;numImagesToPreload&quot;:2,&quot;arrowsNav&quot;:true,&quot;arrowsNavAutoHide&quot;:false,&quot;transitionType&quot;:&quot;move&quot;,&quot;transitionSpeed&quot;:250,&quot;block&quot;:{&quot;moveEffect&quot;:&quot;none&quot;,&quot;speed&quot;:300},&quot;thumbs&quot;:{&quot;fitInViewport&quot;:false,&quot;firstMargin&quot;:false,&quot;spacing&quot;:4},&quot;controlNavigation&quot;:&quot;none&quot;,&quot;autoplay&quot;:{&quot;enabled&quot;:true,&quot;pauseOnHover&quot;:true,&quot;delay&quot;:3000},&quot;autoScaleSliderWidth&quot;:600,&quot;autoScaleSliderHeight&quot;:600}'><\/div><\/div><\/div><\/div><\/div><div class=\"vc_col-sm-6 wpb_column vc_column_container\"><div class=\"vc_column-inner\"><div class=\"wpb_wrapper\"><div class=\"wpb_text_column\"><div class=\"wpb_wrapper\"><p><span style=\"font-size: 14pt;\"><b>Cena: 64,00 z\u0142<\/b><\/span><\/p>\n<p><span style=\"font-size: 10pt;\">Najni\u017csza cena z ostatnich 30 dni: 64,00 z\u0142<\/span><\/p>\n<\/div><\/div><section class=\"l-section wpb_row height_auto width_full\"><div class=\"l-section-h i-cf\"><div class=\"g-cols vc_row via_flex valign_top type_default stacking_default\"><div class=\"vc_col-sm-12 wpb_column vc_column_container\"><div class=\"vc_column-inner\"><div class=\"wpb_wrapper\"><div class=\"w-hwrapper valign_top align_none\" style=\"--hwrapper-gap:0\"><div class=\"w-post-elm add_to_cart qty-btn-style_0 us_custom_70facfb4\" style=\"--qty-btn-size:1rem;\"><p class=\"stock out-of-stock\">Out of stock<\/p>\n<div class=\"woocommerce-notices-wrapper\"><\/div><\/div><\/div><div class=\"w-hwrapper valign_middle align_none\" style=\"--hwrapper-gap:0\"><div class=\"w-text us_custom_849aa607\"><span class=\"w-text-h\"><span class=\"w-text-value\">Udost\u0119pnij innym:<\/span><\/span><\/div><div class=\"w-sharing us_custom_4cfdaf65 has_text_color type_simple align_none color_default\"><div class=\"w-sharing-list\"><a class=\"w-sharing-item facebook\" href=\"https:\/\/www.facebook.com\/sharer\/sharer.php?u=https:\/\/julkaszpulka.pl\/en\/wp-json\/wp\/v2\/product\/4820&amp;quote=Pozytywna+Dyscyplina+dla+dzieci+z+potrzebami\" title=\"Share this\" aria-label=\"Share this\" onclick=\"window.open(this.href, &quot;facebook&quot;, &quot;toolbar=0,width=900,height=500&quot;); return false;\"><i class=\"fab fa-facebook\"><\/i><\/a><a class=\"w-sharing-item twitter\" href=\"https:\/\/twitter.com\/intent\/tweet?text=Pozytywna+Dyscyplina+dla+dzieci+z+potrzebami&amp;url=https:\/\/julkaszpulka.pl\/en\/wp-json\/wp\/v2\/product\/4820\" title=\"Share this\" aria-label=\"Share this\" onclick=\"window.open(this.href, &quot;twitter&quot;, &quot;toolbar=0,width=650,height=360&quot;); return false;\"><i class=\"fab fa-x-twitter\"><svg style=\"width:1em; margin-bottom:-.1em;\" xmlns=\"http:\/\/www.w3.org\/2000\/svg\" viewBox=\"0 0 512 512\" role=\"presentation\"><path fill=\"currentColor\" d=\"M389.2 48h70.6L305.6 224.2 487 464H345L233.7 318.6 106.5 464H35.8L200.7 275.5 26.8 48H172.4L272.9 180.9 389.2 48zM364.4 421.8h39.1L151.1 88h-42L364.4 421.8z\"\/><\/svg><\/i><\/a><a class=\"w-sharing-item linkedin\" href=\"https:\/\/www.linkedin.com\/shareArticle?mini=true&amp;url=https:\/\/julkaszpulka.pl\/en\/wp-json\/wp\/v2\/product\/4820\" title=\"Share this\" aria-label=\"Share this\" onclick=\"window.open(this.href, &quot;linkedin&quot;, &quot;toolbar=no,width=550,height=550&quot;); return false;\"><i class=\"fab fa-linkedin\"><\/i><\/a><a class=\"w-sharing-item pinterest\" href=\"https:\/\/www.pinterest.com\/pin\/create\/button\/?url=https:\/\/julkaszpulka.pl\/en\/wp-json\/wp\/v2\/product\/4820&amp;media=https:\/\/julkaszpulka.pl\/wp-content\/uploads\/2022\/08\/PD-z-potrzebami-1024x1024.jpg&amp;description=Pozytywna+Dyscyplina+dla+dzieci+z+potrzebami\" title=\"Pin this\" aria-label=\"Pin this\" onclick=\"window.open(this.href, &quot;pinterest&quot;, &quot;toolbar=no,width=700,height=300&quot;); return false;\"><i class=\"fab fa-pinterest\"><\/i><\/a><\/div><\/div><\/div><\/div><\/div><\/div><\/div><\/div><\/section>\n<div class=\"w-separator ukryte size_small\"><\/div><div class=\"wpb_text_column\"><div class=\"wpb_wrapper\"><p><strong>Darmowa wysy\u0142ka<\/strong> dla zam\u00f3wie\u0144 <strong>powy\u017cej 100 z\u0142<\/strong> tylko na terenie Polski.<\/p>\n<\/div><\/div><div class=\"w-separator ukryte size_small\"><\/div><div class=\"wpb_text_column\"><div class=\"wpb_wrapper\"><p>Ksi\u0105\u017cka po\u015bwi\u0119cona jest specyficznym wyzwaniom, jakie staj\u0105 przed rodzicami i nauczycielami dzieci o specjalnych potrzebach. Dzi\u0119ki zawartym w niej prostym radom, mog\u0105 coraz lepiej wspiera\u0107 je w rozwoju.<\/p>\n<p>W \u015brodku znajdziesz\u00a0konkretne porady, jak uwzgl\u0119dnia\u0107 specyficzne potrzeby dziecka, ucz\u0105c je jednocze\u015bnie podejmowania ambitnych dla niego wyzwa\u0144. Dowiesz si\u0119, jak pom\u00f3c dziecku w radzeniu sobie z gniewem, kt\u00f3rego nie potrafi wyrazi\u0107, zw\u0142aszcza kiedy ten gniew jest w pewnym stopniu uzasadniony. Odkryjesz, jak sprawi\u0107, by dziecko, kt\u00f3remu z du\u017cym trudem przychodz\u0105 najprostsze zdawa\u0142oby si\u0119 czynno\u015bci, mog\u0142o wnosi\u0107 znacz\u0105cy wk\u0142ad w \u017cycie rodziny i dzi\u0119ki temu czu\u0142o si\u0119 przynale\u017cne i szcz\u0119\u015bliwe.<\/p>\n<p>Na stronach tej ksi\u0105\u017cki znajdziesz praktyczne rozwi\u0105zania problem\u00f3w, takich jak:<\/p>\n<ul>\n<li>umiej\u0119tno\u015b\u0107 si\u0119gania wzrokiem poza medyczne diagnozy;<\/li>\n<li>wiara w potencja\u0142 dziecka niezale\u017cnie od poziomu jego rozwoju;<\/li>\n<li>wspieranie rozwoju spo\u0142ecznego i spotykaniu si\u0119 z r\u00f3wie\u015bnikami;<\/li>\n<li>radzenie sobie z frustracj\u0105, kt\u00f3ra nieuchronnie pojawia si\u0119, kiedy dziecko sprawia trudno\u015bci;<\/li>\n<li>rozwijanie u dziecka poczucia przynale\u017cno\u015bci i znaczenia;<\/li>\n<li>i wiele innych!<\/li>\n<\/ul>\n<\/div><\/div><div class=\"w-separator ukryte size_small\"><\/div><div class=\"wpb_text_column\"><div class=\"wpb_wrapper\"><p>Doskona\u0142ym uzupe\u0142nieniem ksi\u0105\u017cki i ogromn\u0105 pomoc\u0105 w wychowaniu Twojego dziecka b\u0119d\u0105 <strong>52 Karty Pozytywnej Dyscypliny<\/strong> <a href=\"\/sklep\/52-karty-narzedzi-pozytywnej-dyscypliny\/\">Wi\u0119cej\u2026<\/a><\/p>\n<\/div><\/div><div class=\"w-separator ukryte size_small\"><\/div><div class=\"wpb_text_column\"><div class=\"wpb_wrapper\"><p><span style=\"font-size: 14pt;\"><b>Cena: 64,00 z\u0142<\/b><\/span><\/p>\n<p><span style=\"font-size: 10pt;\">Najni\u017csza cena z ostatnich 30 dni: 64,00 z\u0142<\/span><\/p>\n<\/div><\/div><section class=\"l-section wpb_row height_auto width_full\"><div class=\"l-section-h i-cf\"><div class=\"g-cols vc_row via_flex valign_top type_default stacking_default\"><div class=\"vc_col-sm-12 wpb_column vc_column_container\"><div class=\"vc_column-inner\"><div class=\"wpb_wrapper\"><div class=\"w-hwrapper valign_top align_none\" style=\"--hwrapper-gap:0\"><div class=\"w-post-elm add_to_cart qty-btn-style_0 us_custom_70facfb4\" style=\"--qty-btn-size:1rem;\"><p class=\"stock out-of-stock\">Out of stock<\/p>\n<div class=\"woocommerce-notices-wrapper\"><\/div><\/div><\/div><div class=\"w-hwrapper valign_middle align_none\" style=\"--hwrapper-gap:0\"><div class=\"w-text us_custom_849aa607\"><span class=\"w-text-h\"><span class=\"w-text-value\">Udost\u0119pnij innym:<\/span><\/span><\/div><div class=\"w-sharing us_custom_4cfdaf65 has_text_color type_simple align_none color_default\"><div class=\"w-sharing-list\"><a class=\"w-sharing-item facebook\" href=\"https:\/\/www.facebook.com\/sharer\/sharer.php?u=https:\/\/julkaszpulka.pl\/en\/wp-json\/wp\/v2\/product\/4820&amp;quote=Pozytywna+Dyscyplina+dla+dzieci+z+potrzebami\" title=\"Share this\" aria-label=\"Share this\" onclick=\"window.open(this.href, &quot;facebook&quot;, &quot;toolbar=0,width=900,height=500&quot;); return false;\"><i class=\"fab fa-facebook\"><\/i><\/a><a class=\"w-sharing-item twitter\" href=\"https:\/\/twitter.com\/intent\/tweet?text=Pozytywna+Dyscyplina+dla+dzieci+z+potrzebami&amp;url=https:\/\/julkaszpulka.pl\/en\/wp-json\/wp\/v2\/product\/4820\" title=\"Share this\" aria-label=\"Share this\" onclick=\"window.open(this.href, &quot;twitter&quot;, &quot;toolbar=0,width=650,height=360&quot;); return false;\"><i class=\"fab fa-x-twitter\"><svg style=\"width:1em; margin-bottom:-.1em;\" xmlns=\"http:\/\/www.w3.org\/2000\/svg\" viewBox=\"0 0 512 512\" role=\"presentation\"><path fill=\"currentColor\" d=\"M389.2 48h70.6L305.6 224.2 487 464H345L233.7 318.6 106.5 464H35.8L200.7 275.5 26.8 48H172.4L272.9 180.9 389.2 48zM364.4 421.8h39.1L151.1 88h-42L364.4 421.8z\"\/><\/svg><\/i><\/a><a class=\"w-sharing-item linkedin\" href=\"https:\/\/www.linkedin.com\/shareArticle?mini=true&amp;url=https:\/\/julkaszpulka.pl\/en\/wp-json\/wp\/v2\/product\/4820\" title=\"Share this\" aria-label=\"Share this\" onclick=\"window.open(this.href, &quot;linkedin&quot;, &quot;toolbar=no,width=550,height=550&quot;); return false;\"><i class=\"fab fa-linkedin\"><\/i><\/a><a class=\"w-sharing-item pinterest\" href=\"https:\/\/www.pinterest.com\/pin\/create\/button\/?url=https:\/\/julkaszpulka.pl\/en\/wp-json\/wp\/v2\/product\/4820&amp;media=https:\/\/julkaszpulka.pl\/wp-content\/uploads\/2022\/08\/PD-z-potrzebami-1024x1024.jpg&amp;description=Pozytywna+Dyscyplina+dla+dzieci+z+potrzebami\" title=\"Pin this\" aria-label=\"Pin this\" onclick=\"window.open(this.href, &quot;pinterest&quot;, &quot;toolbar=no,width=700,height=300&quot;); return false;\"><i class=\"fab fa-pinterest\"><\/i><\/a><\/div><\/div><\/div><\/div><\/div><\/div><\/div><\/div><\/section>\n<\/div><\/div><\/div><div class=\"vc_col-sm-12 wpb_column vc_column_container\"><div class=\"vc_column-inner\"><div class=\"wpb_wrapper\"><div class=\"w-separator size_medium\"><\/div><\/div><\/div><\/div><div class=\"vc_col-sm-9 wpb_column vc_column_container\"><div class=\"vc_column-inner\"><div class=\"wpb_wrapper\"><div class=\"wpb_text_column\"><div class=\"wpb_wrapper\"><h3><span style=\"color: #f16e00;\"><strong>Dostawa:<\/strong><\/span><\/h3>\n<p>Dostawa przesy\u0142ek realizowana jest na terenie kraju za po\u015brednictwem us\u0142ugi Poczty Polskiej Kurier48 (12,50 PLN), kurierem DPD (14,50 PLN) lub za po\u015brednictwem paczkomat\u00f3w InPost (13,50 z\u0142).<\/p>\n<p>Darmowa wysy\u0142ka dla zam\u00f3wie\u0144 pow. 100 PLN. Tylko na terenie Polski.<\/p>\n<p>Prosimy o podanie dok\u0142adnych danych adresowych, wtedy Szpulka za po\u015brednictwem swoich d\u0142ugich nitek \u0142atwiej dostarczy przesy\u0142k\u0119. Dzi\u0119kujemy.<\/p>\n<\/div><\/div><\/div><\/div><\/div><\/div><\/div><\/section>\n","protected":false},"excerpt":{"rendered":"Cena: 64,00 z\u0142 Najni\u017csza cena z ostatnich 30 dni: 64,00 z\u0142 Out of stock Udost\u0119pnij innym: Darmowa wysy\u0142ka dla zam\u00f3wie\u0144 powy\u017cej 100 z\u0142 tylko na terenie Polski. Ksi\u0105\u017cka po\u015bwi\u0119cona jest specyficznym wyzwaniom, jakie staj\u0105 przed rodzicami i nauczycielami dzieci o specjalnych potrzebach. Dzi\u0119ki zawartym w niej prostym radom, mog\u0105 coraz lepiej wspiera\u0107 je w rozwoju....","protected":false},"featured_media":6272,"template":"","meta":{"_acf_changed":false},"product_brand":[],"product_cat":[100,105],"product_tag":[128],"class_list":{"0":"post-4820","1":"product","2":"type-product","3":"status-publish","4":"has-post-thumbnail","6":"product_cat-ksiazki","7":"product_cat-wsparcie-dla-rodzica","8":"product_tag-potrzebpd","10":"first","11":"outofstock","12":"taxable","13":"shipping-taxable","14":"purchasable","15":"product-type-simple"},"acf":[],"yoast_head":"<!-- This site is optimized with the Yoast SEO plugin v27.4 - https:\/\/yoast.com\/product\/yoast-seo-wordpress\/ -->\n<title>Pozytywna Dyscyplina dla dzieci z potrzebami - Julka i Szpulka - interaktywne ksi\u0105\u017cki detektywistyczne<\/title>\n<meta name=\"description\" content=\"Ksi\u0105\u017cka po\u015bwi\u0119cona jest specyficznym wyzwaniom, jakie staj\u0105 przed rodzicami i nauczycielami dzieci o specjalnych potrzebach.\" \/>\n<meta name=\"robots\" content=\"index, follow, max-snippet:-1, max-image-preview:large, max-video-preview:-1\" \/>\n<link rel=\"canonical\" href=\"https:\/\/julkaszpulka.pl\/sklep\/pozytywna-dyscyplina-dla-dzieci-z-potrzebami\/\" \/>\n<meta property=\"og:locale\" content=\"en_US\" \/>\n<meta property=\"og:type\" content=\"article\" \/>\n<meta property=\"og:title\" content=\"false\" \/>\n<meta property=\"og:description\" content=\"1\" \/>\n<meta property=\"og:url\" content=\"https:\/\/julkaszpulka.pl\/sklep\/pozytywna-dyscyplina-dla-dzieci-z-potrzebami\/\" \/>\n<meta property=\"og:site_name\" content=\"Julka i Szpulka - interaktywne ksi\u0105\u017cki detektywistyczne\" \/>\n<meta property=\"article:modified_time\" content=\"2024-02-09T15:28:19+00:00\" \/>\n<meta property=\"og:image\" content=\"https:\/\/julkaszpulka.pl\/wp-content\/uploads\/2022\/08\/PD-z-potrzebami.jpg\" \/>\n\t<meta property=\"og:image:width\" content=\"1080\" \/>\n\t<meta property=\"og:image:height\" content=\"1080\" \/>\n\t<meta property=\"og:image:type\" content=\"image\/jpeg\" \/>\n<meta name=\"twitter:card\" content=\"summary_large_image\" \/>\n<meta name=\"twitter:label1\" content=\"Est. reading time\" \/>\n\t<meta name=\"twitter:data1\" content=\"2 minutes\" \/>\n<script type=\"application\/ld+json\" class=\"yoast-schema-graph\">{\"@context\":\"https:\\\/\\\/schema.org\",\"@graph\":[{\"@type\":\"WebPage\",\"@id\":\"https:\\\/\\\/julkaszpulka.pl\\\/sklep\\\/pozytywna-dyscyplina-dla-dzieci-z-potrzebami\\\/\",\"url\":\"https:\\\/\\\/julkaszpulka.pl\\\/sklep\\\/pozytywna-dyscyplina-dla-dzieci-z-potrzebami\\\/\",\"name\":\"Pozytywna Dyscyplina dla dzieci z potrzebami - Julka i Szpulka - interaktywne ksi\u0105\u017cki detektywistyczne\",\"isPartOf\":{\"@id\":\"https:\\\/\\\/julkaszpulka.pl\\\/#website\"},\"primaryImageOfPage\":{\"@id\":\"https:\\\/\\\/julkaszpulka.pl\\\/sklep\\\/pozytywna-dyscyplina-dla-dzieci-z-potrzebami\\\/#primaryimage\"},\"image\":{\"@id\":\"https:\\\/\\\/julkaszpulka.pl\\\/sklep\\\/pozytywna-dyscyplina-dla-dzieci-z-potrzebami\\\/#primaryimage\"},\"thumbnailUrl\":\"https:\\\/\\\/julkaszpulka.pl\\\/wp-content\\\/uploads\\\/2022\\\/08\\\/PD-z-potrzebami.jpg\",\"datePublished\":\"2022-08-21T14:58:08+00:00\",\"dateModified\":\"2024-02-09T15:28:19+00:00\",\"description\":\"Ksi\u0105\u017cka po\u015bwi\u0119cona jest specyficznym wyzwaniom, jakie staj\u0105 przed rodzicami i nauczycielami dzieci o specjalnych potrzebach.\",\"breadcrumb\":{\"@id\":\"https:\\\/\\\/julkaszpulka.pl\\\/sklep\\\/pozytywna-dyscyplina-dla-dzieci-z-potrzebami\\\/#breadcrumb\"},\"inLanguage\":\"en-US\",\"potentialAction\":[{\"@type\":\"ReadAction\",\"target\":[\"https:\\\/\\\/julkaszpulka.pl\\\/sklep\\\/pozytywna-dyscyplina-dla-dzieci-z-potrzebami\\\/\"]}]},{\"@type\":\"ImageObject\",\"inLanguage\":\"en-US\",\"@id\":\"https:\\\/\\\/julkaszpulka.pl\\\/sklep\\\/pozytywna-dyscyplina-dla-dzieci-z-potrzebami\\\/#primaryimage\",\"url\":\"https:\\\/\\\/julkaszpulka.pl\\\/wp-content\\\/uploads\\\/2022\\\/08\\\/PD-z-potrzebami.jpg\",\"contentUrl\":\"https:\\\/\\\/julkaszpulka.pl\\\/wp-content\\\/uploads\\\/2022\\\/08\\\/PD-z-potrzebami.jpg\",\"width\":1080,\"height\":1080},{\"@type\":\"BreadcrumbList\",\"@id\":\"https:\\\/\\\/julkaszpulka.pl\\\/sklep\\\/pozytywna-dyscyplina-dla-dzieci-z-potrzebami\\\/#breadcrumb\",\"itemListElement\":[{\"@type\":\"ListItem\",\"position\":1,\"name\":\"Strona g\u0142\u00f3wna\",\"item\":\"https:\\\/\\\/julkaszpulka.pl\\\/en\\\/\"},{\"@type\":\"ListItem\",\"position\":2,\"name\":\"Sklep\",\"item\":\"https:\\\/\\\/julkaszpulka.pl\\\/sklep\\\/\"},{\"@type\":\"ListItem\",\"position\":3,\"name\":\"Pozytywna Dyscyplina dla dzieci z potrzebami\"}]},{\"@type\":\"WebSite\",\"@id\":\"https:\\\/\\\/julkaszpulka.pl\\\/#website\",\"url\":\"https:\\\/\\\/julkaszpulka.pl\\\/\",\"name\":\"Julka i Szpulka - interaktywne ksi\u0105\u017cki detektywistyczne\",\"description\":\"Wyj\u0105tkowa seria interaktywnych ksi\u0105\u017cek detektywistycznych, kt\u00f3re nie tylko si\u0119 czyta.\",\"publisher\":{\"@id\":\"https:\\\/\\\/julkaszpulka.pl\\\/#organization\"},\"potentialAction\":[{\"@type\":\"SearchAction\",\"target\":{\"@type\":\"EntryPoint\",\"urlTemplate\":\"https:\\\/\\\/julkaszpulka.pl\\\/?s={search_term_string}\"},\"query-input\":{\"@type\":\"PropertyValueSpecification\",\"valueRequired\":true,\"valueName\":\"search_term_string\"}}],\"inLanguage\":\"en-US\"},{\"@type\":\"Organization\",\"@id\":\"https:\\\/\\\/julkaszpulka.pl\\\/#organization\",\"name\":\"Julka i Szpulka - interaktywne ksi\u0105\u017cki detektywistyczne\",\"url\":\"https:\\\/\\\/julkaszpulka.pl\\\/\",\"logo\":{\"@type\":\"ImageObject\",\"inLanguage\":\"en-US\",\"@id\":\"https:\\\/\\\/julkaszpulka.pl\\\/#\\\/schema\\\/logo\\\/image\\\/\",\"url\":\"https:\\\/\\\/julkaszpulka.pl\\\/wp-content\\\/uploads\\\/2017\\\/09\\\/julkaszpulka-logo.jpg\",\"contentUrl\":\"https:\\\/\\\/julkaszpulka.pl\\\/wp-content\\\/uploads\\\/2017\\\/09\\\/julkaszpulka-logo.jpg\",\"width\":150,\"height\":100,\"caption\":\"Julka i Szpulka - interaktywne ksi\u0105\u017cki detektywistyczne\"},\"image\":{\"@id\":\"https:\\\/\\\/julkaszpulka.pl\\\/#\\\/schema\\\/logo\\\/image\\\/\"}}]}<\/script>\n<!-- \/ Yoast SEO plugin. -->","yoast_head_json":{"title":"Pozytywna Dyscyplina dla dzieci z potrzebami - Julka i Szpulka - interaktywne ksi\u0105\u017cki detektywistyczne","description":"Ksi\u0105\u017cka po\u015bwi\u0119cona jest specyficznym wyzwaniom, jakie staj\u0105 przed rodzicami i nauczycielami dzieci o specjalnych potrzebach.","robots":{"index":"index","follow":"follow","max-snippet":"max-snippet:-1","max-image-preview":"max-image-preview:large","max-video-preview":"max-video-preview:-1"},"canonical":"https:\/\/julkaszpulka.pl\/sklep\/pozytywna-dyscyplina-dla-dzieci-z-potrzebami\/","og_locale":"en_US","og_type":"article","og_title":"false","og_description":"1","og_url":"https:\/\/julkaszpulka.pl\/sklep\/pozytywna-dyscyplina-dla-dzieci-z-potrzebami\/","og_site_name":"Julka i Szpulka - interaktywne ksi\u0105\u017cki detektywistyczne","article_modified_time":"2024-02-09T15:28:19+00:00","og_image":[{"width":1080,"height":1080,"url":"https:\/\/julkaszpulka.pl\/wp-content\/uploads\/2022\/08\/PD-z-potrzebami.jpg","type":"image\/jpeg"}],"twitter_card":"summary_large_image","twitter_misc":{"Est. reading time":"2 minutes"},"schema":{"@context":"https:\/\/schema.org","@graph":[{"@type":"WebPage","@id":"https:\/\/julkaszpulka.pl\/sklep\/pozytywna-dyscyplina-dla-dzieci-z-potrzebami\/","url":"https:\/\/julkaszpulka.pl\/sklep\/pozytywna-dyscyplina-dla-dzieci-z-potrzebami\/","name":"Pozytywna Dyscyplina dla dzieci z potrzebami - Julka i Szpulka - interaktywne ksi\u0105\u017cki detektywistyczne","isPartOf":{"@id":"https:\/\/julkaszpulka.pl\/#website"},"primaryImageOfPage":{"@id":"https:\/\/julkaszpulka.pl\/sklep\/pozytywna-dyscyplina-dla-dzieci-z-potrzebami\/#primaryimage"},"image":{"@id":"https:\/\/julkaszpulka.pl\/sklep\/pozytywna-dyscyplina-dla-dzieci-z-potrzebami\/#primaryimage"},"thumbnailUrl":"https:\/\/julkaszpulka.pl\/wp-content\/uploads\/2022\/08\/PD-z-potrzebami.jpg","datePublished":"2022-08-21T14:58:08+00:00","dateModified":"2024-02-09T15:28:19+00:00","description":"Ksi\u0105\u017cka po\u015bwi\u0119cona jest specyficznym wyzwaniom, jakie staj\u0105 przed rodzicami i nauczycielami dzieci o specjalnych potrzebach.","breadcrumb":{"@id":"https:\/\/julkaszpulka.pl\/sklep\/pozytywna-dyscyplina-dla-dzieci-z-potrzebami\/#breadcrumb"},"inLanguage":"en-US","potentialAction":[{"@type":"ReadAction","target":["https:\/\/julkaszpulka.pl\/sklep\/pozytywna-dyscyplina-dla-dzieci-z-potrzebami\/"]}]},{"@type":"ImageObject","inLanguage":"en-US","@id":"https:\/\/julkaszpulka.pl\/sklep\/pozytywna-dyscyplina-dla-dzieci-z-potrzebami\/#primaryimage","url":"https:\/\/julkaszpulka.pl\/wp-content\/uploads\/2022\/08\/PD-z-potrzebami.jpg","contentUrl":"https:\/\/julkaszpulka.pl\/wp-content\/uploads\/2022\/08\/PD-z-potrzebami.jpg","width":1080,"height":1080},{"@type":"BreadcrumbList","@id":"https:\/\/julkaszpulka.pl\/sklep\/pozytywna-dyscyplina-dla-dzieci-z-potrzebami\/#breadcrumb","itemListElement":[{"@type":"ListItem","position":1,"name":"Strona g\u0142\u00f3wna","item":"https:\/\/julkaszpulka.pl\/en\/"},{"@type":"ListItem","position":2,"name":"Sklep","item":"https:\/\/julkaszpulka.pl\/sklep\/"},{"@type":"ListItem","position":3,"name":"Pozytywna Dyscyplina dla dzieci z potrzebami"}]},{"@type":"WebSite","@id":"https:\/\/julkaszpulka.pl\/#website","url":"https:\/\/julkaszpulka.pl\/","name":"Julka i Szpulka - interaktywne ksi\u0105\u017cki detektywistyczne","description":"Wyj\u0105tkowa seria interaktywnych ksi\u0105\u017cek detektywistycznych, kt\u00f3re nie tylko si\u0119 czyta.","publisher":{"@id":"https:\/\/julkaszpulka.pl\/#organization"},"potentialAction":[{"@type":"SearchAction","target":{"@type":"EntryPoint","urlTemplate":"https:\/\/julkaszpulka.pl\/?s={search_term_string}"},"query-input":{"@type":"PropertyValueSpecification","valueRequired":true,"valueName":"search_term_string"}}],"inLanguage":"en-US"},{"@type":"Organization","@id":"https:\/\/julkaszpulka.pl\/#organization","name":"Julka i Szpulka - interaktywne ksi\u0105\u017cki detektywistyczne","url":"https:\/\/julkaszpulka.pl\/","logo":{"@type":"ImageObject","inLanguage":"en-US","@id":"https:\/\/julkaszpulka.pl\/#\/schema\/logo\/image\/","url":"https:\/\/julkaszpulka.pl\/wp-content\/uploads\/2017\/09\/julkaszpulka-logo.jpg","contentUrl":"https:\/\/julkaszpulka.pl\/wp-content\/uploads\/2017\/09\/julkaszpulka-logo.jpg","width":150,"height":100,"caption":"Julka i Szpulka - interaktywne ksi\u0105\u017cki detektywistyczne"},"image":{"@id":"https:\/\/julkaszpulka.pl\/#\/schema\/logo\/image\/"}}]}},"jetpack_sharing_enabled":false,"_links":{"self":[{"href":"https:\/\/julkaszpulka.pl\/en\/wp-json\/wp\/v2\/product\/4820","targetHints":{"allow":["GET"]}}],"collection":[{"href":"https:\/\/julkaszpulka.pl\/en\/wp-json\/wp\/v2\/product"}],"about":[{"href":"https:\/\/julkaszpulka.pl\/en\/wp-json\/wp\/v2\/types\/product"}],"wp:featuredmedia":[{"embeddable":true,"href":"https:\/\/julkaszpulka.pl\/en\/wp-json\/wp\/v2\/media\/6272"}],"wp:attachment":[{"href":"https:\/\/julkaszpulka.pl\/en\/wp-json\/wp\/v2\/media?parent=4820"}],"wp:term":[{"taxonomy":"product_brand","embeddable":true,"href":"https:\/\/julkaszpulka.pl\/en\/wp-json\/wp\/v2\/product_brand?post=4820"},{"taxonomy":"product_cat","embeddable":true,"href":"https:\/\/julkaszpulka.pl\/en\/wp-json\/wp\/v2\/product_cat?post=4820"},{"taxonomy":"product_tag","embeddable":true,"href":"https:\/\/julkaszpulka.pl\/en\/wp-json\/wp\/v2\/product_tag?post=4820"}],"curies":[{"name":"wp","href":"https:\/\/api.w.org\/{rel}","templated":true}]}}