{"id":4825,"date":"2022-08-21T17:13:47","date_gmt":"2022-08-21T15:13:47","guid":{"rendered":"https:\/\/julkaszpulka.pl\/?post_type=product&#038;p=4825"},"modified":"2024-03-04T11:15:07","modified_gmt":"2024-03-04T10:15:07","slug":"jak-przestac-walczyc-z-dzieckiem","status":"publish","type":"product","link":"https:\/\/julkaszpulka.pl\/en\/sklep\/jak-przestac-walczyc-z-dzieckiem\/","title":{"rendered":"Jak przesta\u0107 walczy\u0107 z dzieckiem"},"content":{"rendered":"<section class=\"l-section wpb_row us_custom_887a049b height_small\"><div class=\"l-section-h i-cf\"><div class=\"g-cols vc_row via_flex valign_top type_default stacking_default\"><div class=\"vc_col-sm-6 wpb_column vc_column_container\"><div class=\"vc_column-inner\"><div class=\"wpb_wrapper\"><div class=\"w-slider style_none fit_scaledown nav_none count_3\"><div class=\"w-slider-h\"><div class=\"royalSlider\"><div class=\"rsContent\"><a class=\"rsImg\" data-rsw=\"600\" data-rsh=\"600\" href=\"https:\/\/julkaszpulka.pl\/wp-content\/uploads\/2022\/08\/PD-Jak-przestac-walczyc-600x600.jpg\"><span data-alt=\"\"><\/span><\/a><\/div><div class=\"rsContent\"><a class=\"rsImg\" data-rsw=\"600\" data-rsh=\"600\" href=\"https:\/\/julkaszpulka.pl\/wp-content\/uploads\/2022\/08\/8.jpg-600x600.webp\"><span data-alt=\"\"><\/span><\/a><\/div><div class=\"rsContent\"><a class=\"rsImg\" data-rsw=\"600\" data-rsh=\"600\" href=\"https:\/\/julkaszpulka.pl\/wp-content\/uploads\/2022\/08\/9.jpg-600x600.webp\"><span data-alt=\"\"><\/span><\/a><\/div><\/div><img decoding=\"async\" src=\"https:\/\/julkaszpulka.pl\/wp-content\/uploads\/2022\/08\/PD-Jak-przestac-walczyc-600x600.jpg\" width=\"600\" height=\"600\" alt loading=\"lazy\"><\/div><div class=\"w-slider-json\" onclick='return {&quot;autoScaleSlider&quot;:true,&quot;addActiveClass&quot;:true,&quot;loop&quot;:true,&quot;fadeInLoadedSlide&quot;:false,&quot;slidesSpacing&quot;:0,&quot;imageScalePadding&quot;:0,&quot;numImagesToPreload&quot;:2,&quot;arrowsNav&quot;:true,&quot;arrowsNavAutoHide&quot;:false,&quot;transitionType&quot;:&quot;move&quot;,&quot;transitionSpeed&quot;:250,&quot;block&quot;:{&quot;moveEffect&quot;:&quot;none&quot;,&quot;speed&quot;:300},&quot;thumbs&quot;:{&quot;fitInViewport&quot;:false,&quot;firstMargin&quot;:false,&quot;spacing&quot;:4},&quot;controlNavigation&quot;:&quot;none&quot;,&quot;autoplay&quot;:{&quot;enabled&quot;:true,&quot;pauseOnHover&quot;:true,&quot;delay&quot;:3000},&quot;autoScaleSliderWidth&quot;:600,&quot;autoScaleSliderHeight&quot;:600}'><\/div><\/div><\/div><\/div><\/div><div class=\"vc_col-sm-6 wpb_column vc_column_container\"><div class=\"vc_column-inner\"><div class=\"wpb_wrapper\"><div class=\"wpb_text_column\"><div class=\"wpb_wrapper\"><p><span style=\"font-size: 14pt;\"><b>Cena: 59,00 z\u0142<\/b><\/span><\/p>\n<p><span style=\"font-size: 10pt;\">Najni\u017csza cena z ostatnich 30 dni: 59,00 z\u0142<\/span><\/p>\n<\/div><\/div><section class=\"l-section wpb_row height_auto width_full\"><div class=\"l-section-h i-cf\"><div class=\"g-cols vc_row via_flex valign_top type_default stacking_default\"><div class=\"vc_col-sm-12 wpb_column vc_column_container\"><div class=\"vc_column-inner\"><div class=\"wpb_wrapper\"><div class=\"w-hwrapper valign_top align_none\" style=\"--hwrapper-gap:0\"><div class=\"w-post-elm add_to_cart qty-btn-style_0 us_custom_70facfb4\" style=\"--qty-btn-size:1rem;\"><p class=\"stock out-of-stock\">Out of stock<\/p>\n<div class=\"woocommerce-notices-wrapper\"><\/div><\/div><\/div><div class=\"w-hwrapper valign_middle align_none\" style=\"--hwrapper-gap:0\"><div class=\"w-text us_custom_849aa607\"><span class=\"w-text-h\"><span class=\"w-text-value\">Udost\u0119pnij innym:<\/span><\/span><\/div><div class=\"w-sharing us_custom_4cfdaf65 has_text_color type_simple align_none color_default\"><div class=\"w-sharing-list\"><a class=\"w-sharing-item facebook\" href=\"https:\/\/www.facebook.com\/sharer\/sharer.php?u=https:\/\/julkaszpulka.pl\/en\/wp-json\/wp\/v2\/product\/4825&amp;quote=Jak+przesta\u0107+walczy\u0107+z+dzieckiem\" title=\"Share this\" aria-label=\"Share this\" onclick=\"window.open(this.href, &quot;facebook&quot;, &quot;toolbar=0,width=900,height=500&quot;); return false;\"><i class=\"fab fa-facebook\"><\/i><\/a><a class=\"w-sharing-item twitter\" href=\"https:\/\/twitter.com\/intent\/tweet?text=Jak+przesta\u0107+walczy\u0107+z+dzieckiem&amp;url=https:\/\/julkaszpulka.pl\/en\/wp-json\/wp\/v2\/product\/4825\" title=\"Share this\" aria-label=\"Share this\" onclick=\"window.open(this.href, &quot;twitter&quot;, &quot;toolbar=0,width=650,height=360&quot;); return false;\"><i class=\"fab fa-x-twitter\"><svg style=\"width:1em; margin-bottom:-.1em;\" xmlns=\"http:\/\/www.w3.org\/2000\/svg\" viewBox=\"0 0 512 512\" role=\"presentation\"><path fill=\"currentColor\" d=\"M389.2 48h70.6L305.6 224.2 487 464H345L233.7 318.6 106.5 464H35.8L200.7 275.5 26.8 48H172.4L272.9 180.9 389.2 48zM364.4 421.8h39.1L151.1 88h-42L364.4 421.8z\"\/><\/svg><\/i><\/a><a class=\"w-sharing-item linkedin\" href=\"https:\/\/www.linkedin.com\/shareArticle?mini=true&amp;url=https:\/\/julkaszpulka.pl\/en\/wp-json\/wp\/v2\/product\/4825\" title=\"Share this\" aria-label=\"Share this\" onclick=\"window.open(this.href, &quot;linkedin&quot;, &quot;toolbar=no,width=550,height=550&quot;); return false;\"><i class=\"fab fa-linkedin\"><\/i><\/a><a class=\"w-sharing-item pinterest\" href=\"https:\/\/www.pinterest.com\/pin\/create\/button\/?url=https:\/\/julkaszpulka.pl\/en\/wp-json\/wp\/v2\/product\/4825&amp;media=https:\/\/julkaszpulka.pl\/wp-content\/uploads\/2022\/08\/PD-Jak-przestac-walczyc-1024x1024.jpg&amp;description=Jak+przesta\u0107+walczy\u0107+z+dzieckiem\" title=\"Pin this\" aria-label=\"Pin this\" onclick=\"window.open(this.href, &quot;pinterest&quot;, &quot;toolbar=no,width=700,height=300&quot;); return false;\"><i class=\"fab fa-pinterest\"><\/i><\/a><\/div><\/div><\/div><\/div><\/div><\/div><\/div><\/div><\/section>\n<div class=\"w-separator ukryte size_small\"><\/div><div class=\"wpb_text_column\"><div class=\"wpb_wrapper\"><p><strong>Darmowa wysy\u0142ka<\/strong> dla zam\u00f3wie\u0144 <strong>powy\u017cej 100 z\u0142<\/strong> tylko na terenie Polski.<\/p>\n<\/div><\/div><div class=\"w-separator ukryte size_small\"><\/div><div class=\"wpb_text_column\"><div class=\"wpb_wrapper\"><p>Odkryj moc, dzi\u0119ki kt\u00f3rej nie b\u0119dziesz walczy\u0107 z dzieckiem, czyli jedno z kluczowych narz\u0119dzi PD, jak\u0105 jest \u201ePozytywna Przerwa\u201d. POZYTYWNA, bo jest pe\u0142na szacunku i wsparcia, a PRZERWA pozwala na samoregulacj\u0119, wyciszenie, dzi\u0119ki temu zar\u00f3wno Ty, jak i dziecko b\u0119dziecie otwarci na poszukiwanie rozwi\u0105za\u0144 Waszych codziennych i niecodziennych problem\u00f3w.<\/p>\n<p>Je\u015bli odczuwasz, \u017ce Twoje relacje z dzie\u0107mi przypominaj\u0105 jak\u0105\u015b gr\u0119 lub nieustannie idziesz w zapasy, odbijasz pi\u0142eczki, boksujesz si\u0119 z dzie\u0107mi w codziennych zmaganiach, a mo\u017ce czujesz, \u017ce wychowanie to har\u00f3wka emocjonalna, kt\u00f3ra oddala Was od siebie, to ta ksi\u0105\u017cka jest dla Ciebie! B\u0119dzie Twoim czasem na POZYTYWN\u0104 PRZERW\u0118.<\/p>\n<p>Pozytywna przerwa to narz\u0119dzie, kt\u00f3re opiera si\u0119 na relacji i szacunku do dziecka i samego siebie. Koncepcja ta wykorzystuje teori\u0119 m\u00f3zgu oraz wsp\u00f3\u0142czesne badania z zakresu self-reg. Dzi\u0119ki temu przerwa na wyciszenie, zamiast by\u0107 kar\u0105, staje si\u0119 dla dziecka i opiekuna sposobem na wyciszenie i powr\u00f3t do r\u00f3wnowagi.<\/p>\n<p>Dzi\u0119ki tej ksi\u0105\u017cce poznasz r\u00f3\u017cnice mi\u0119dzy pozytywn\u0105 przerw\u0105 a powszechnie stosowanym czasem na \u201eoch\u0142oni\u0119cie\u201d, na \u201eprzemy\u015blenie zachowania\u201d lub udanie si\u0119 na tzw. \u201ekarny je\u017cyk\u201d, kt\u00f3re s\u0105 zwyk\u0142\u0105 kar\u0105, niewnosz\u0105c\u0105 niczego konstruktywnego.<\/p>\n<p>Dzi\u0119ki ksi\u0105\u017cce docenisz te\u017c czas na nud\u0119 i odpoczynek, kt\u00f3ry uczy sztuki samoregulacji i samodyscypliny, a tak\u017ce wzmacnia w dziecku wiar\u0119 w siebie i kszta\u0142tuje umiej\u0119tno\u015bci rozwi\u0105zywania problem\u00f3w.<\/p>\n<p>Ksi\u0105\u017cka wyposa\u017cy Ci\u0119 w praktyczn\u0105 wiedz\u0119 i narz\u0119dzia: b\u0119dziesz mie\u0107 plan na unikni\u0119cie walki o w\u0142adz\u0119, zrozumiesz zachowanie swojego dziecka i kryj\u0105ce si\u0119 za nim b\u0142\u0119dne strategie, co pozwoli Ci inaczej spojrze\u0107 na dziecko i problemy z jakimi si\u0119 boryka.<\/p>\n<\/div><\/div><div class=\"w-separator ukryte size_small\"><\/div><div class=\"wpb_text_column\"><div class=\"wpb_wrapper\"><h4><strong>Kim jest autorka?<\/strong><\/h4>\n<p>Jane Nelsen to doktor psychologii i pe\u0142en pokory praktyk. Od ponad 30 lat tworzy Pozytywn\u0105 Dyscyplin\u0119 i szkoli jej trener\u00f3w. Ma si\u00f3demk\u0119 dzieci, dwadzie\u015bcia dwoje wnucz\u0105t i siedmioro prawnucz\u0105t. Wie, czym s\u0105 poranne trudno\u015bci z wyj\u015bciem z domu, obra\u017canie si\u0119 i problemy z obowi\u0105zkami. Dzieli si\u0119 nie tylko swoim do\u015bwiadczeniem, ale przede wszystkim wiedz\u0105 oraz sprawdzonymi metodami, kt\u00f3re sprawi\u0105, \u017ce twoja codzienno\u015b\u0107 b\u0119dzie pe\u0142na frajdy.<\/p>\n<p>O wiele lepiej zrozumiesz siebie i swoje dziecko i chyba ju\u017c nigdy nie zadasz sobie pytania: \u201ei co ja jeszcze mog\u0119 zrobi\u0107?\u201d. Ju\u017c w trakcie lektury pierwszego rozdzia\u0142u przekonasz si\u0119, \u017ce zawarte w ksi\u0105\u017cce podej\u015bcie jest intuicyjne i jednocze\u015bnie racjonalne.<\/p>\n<\/div><\/div><div class=\"w-separator ukryte size_small\"><\/div><div class=\"wpb_text_column\"><div class=\"wpb_wrapper\"><p>Doskona\u0142ym uzupe\u0142nieniem ksi\u0105\u017cki i ogromn\u0105 pomoc\u0105 w wychowaniu Twojego dziecka b\u0119d\u0105 <strong>52 Karty Pozytywnej Dyscypliny<\/strong> <a href=\"\/sklep\/52-karty-narzedzi-pozytywnej-dyscypliny\/\">Wi\u0119cej\u2026<\/a><\/p>\n<\/div><\/div><div class=\"w-separator ukryte size_small\"><\/div><div class=\"wpb_text_column\"><div class=\"wpb_wrapper\"><p><span style=\"font-size: 14pt;\"><b>Cena: 59,00 z\u0142<\/b><\/span><\/p>\n<p><span style=\"font-size: 10pt;\">Najni\u017csza cena z ostatnich 30 dni: 59,00 z\u0142<\/span><\/p>\n<\/div><\/div><section class=\"l-section wpb_row height_auto width_full\"><div class=\"l-section-h i-cf\"><div class=\"g-cols vc_row via_flex valign_top type_default stacking_default\"><div class=\"vc_col-sm-12 wpb_column vc_column_container\"><div class=\"vc_column-inner\"><div class=\"wpb_wrapper\"><div class=\"w-hwrapper valign_top align_none\" style=\"--hwrapper-gap:0\"><div class=\"w-post-elm add_to_cart qty-btn-style_0 us_custom_70facfb4\" style=\"--qty-btn-size:1rem;\"><p class=\"stock out-of-stock\">Out of stock<\/p>\n<div class=\"woocommerce-notices-wrapper\"><\/div><\/div><\/div><div class=\"w-hwrapper valign_middle align_none\" style=\"--hwrapper-gap:0\"><div class=\"w-text us_custom_849aa607\"><span class=\"w-text-h\"><span class=\"w-text-value\">Udost\u0119pnij innym:<\/span><\/span><\/div><div class=\"w-sharing us_custom_4cfdaf65 has_text_color type_simple align_none color_default\"><div class=\"w-sharing-list\"><a class=\"w-sharing-item facebook\" href=\"https:\/\/www.facebook.com\/sharer\/sharer.php?u=https:\/\/julkaszpulka.pl\/en\/wp-json\/wp\/v2\/product\/4825&amp;quote=Jak+przesta\u0107+walczy\u0107+z+dzieckiem\" title=\"Share this\" aria-label=\"Share this\" onclick=\"window.open(this.href, &quot;facebook&quot;, &quot;toolbar=0,width=900,height=500&quot;); return false;\"><i class=\"fab fa-facebook\"><\/i><\/a><a class=\"w-sharing-item twitter\" href=\"https:\/\/twitter.com\/intent\/tweet?text=Jak+przesta\u0107+walczy\u0107+z+dzieckiem&amp;url=https:\/\/julkaszpulka.pl\/en\/wp-json\/wp\/v2\/product\/4825\" title=\"Share this\" aria-label=\"Share this\" onclick=\"window.open(this.href, &quot;twitter&quot;, &quot;toolbar=0,width=650,height=360&quot;); return false;\"><i class=\"fab fa-x-twitter\"><svg style=\"width:1em; margin-bottom:-.1em;\" xmlns=\"http:\/\/www.w3.org\/2000\/svg\" viewBox=\"0 0 512 512\" role=\"presentation\"><path fill=\"currentColor\" d=\"M389.2 48h70.6L305.6 224.2 487 464H345L233.7 318.6 106.5 464H35.8L200.7 275.5 26.8 48H172.4L272.9 180.9 389.2 48zM364.4 421.8h39.1L151.1 88h-42L364.4 421.8z\"\/><\/svg><\/i><\/a><a class=\"w-sharing-item linkedin\" href=\"https:\/\/www.linkedin.com\/shareArticle?mini=true&amp;url=https:\/\/julkaszpulka.pl\/en\/wp-json\/wp\/v2\/product\/4825\" title=\"Share this\" aria-label=\"Share this\" onclick=\"window.open(this.href, &quot;linkedin&quot;, &quot;toolbar=no,width=550,height=550&quot;); return false;\"><i class=\"fab fa-linkedin\"><\/i><\/a><a class=\"w-sharing-item pinterest\" href=\"https:\/\/www.pinterest.com\/pin\/create\/button\/?url=https:\/\/julkaszpulka.pl\/en\/wp-json\/wp\/v2\/product\/4825&amp;media=https:\/\/julkaszpulka.pl\/wp-content\/uploads\/2022\/08\/PD-Jak-przestac-walczyc-1024x1024.jpg&amp;description=Jak+przesta\u0107+walczy\u0107+z+dzieckiem\" title=\"Pin this\" aria-label=\"Pin this\" onclick=\"window.open(this.href, &quot;pinterest&quot;, &quot;toolbar=no,width=700,height=300&quot;); return false;\"><i class=\"fab fa-pinterest\"><\/i><\/a><\/div><\/div><\/div><\/div><\/div><\/div><\/div><\/div><\/section>\n<\/div><\/div><\/div><div class=\"vc_col-sm-12 wpb_column vc_column_container\"><div class=\"vc_column-inner\"><div class=\"wpb_wrapper\"><div class=\"w-separator size_medium\"><\/div><\/div><\/div><\/div><div class=\"vc_col-sm-9 wpb_column vc_column_container\"><div class=\"vc_column-inner\"><div class=\"wpb_wrapper\"><div class=\"wpb_text_column\"><div class=\"wpb_wrapper\"><h3><span style=\"color: #f16e00;\"><strong>Dostawa:<\/strong><\/span><\/h3>\n<p>Dostawa przesy\u0142ek realizowana jest na terenie kraju za po\u015brednictwem us\u0142ugi Poczty Polskiej Kurier48 (12,50 PLN), kurierem DPD (14,50 PLN) lub za po\u015brednictwem paczkomat\u00f3w InPost (13,50 z\u0142).<\/p>\n<p>Darmowa wysy\u0142ka dla zam\u00f3wie\u0144 pow. 100 PLN. Tylko na terenie Polski.<\/p>\n<p>Wysy\u0142amy te\u017c do kraj\u00f3w UE oraz Szwajcarii i Norwegii.<\/p>\n<p>Prosimy o podanie dok\u0142adnych danych adresowych, wtedy Szpulka za po\u015brednictwem swoich d\u0142ugich nitek \u0142atwiej dostarczy przesy\u0142k\u0119. Dzi\u0119kujemy.<\/p>\n<\/div><\/div><div class=\"w-image align_left\"><a title=\"Zestawy i Promocje\" href=\"https:\/\/julkaszpulka.pl\/zestawy-i-promocje\/\" aria-label=\"Title\" class=\"w-image-h\"><img loading=\"lazy\" decoding=\"async\" class=\"g-placeholder\" src=\"https:\/\/julkaszpulka.pl\/wp-content\/plugins\/us-core\/assets\/images\/placeholder.svg\" width=\"400\" height=\"400\" alt><\/a><\/div><\/div><\/div><\/div><div class=\"vc_col-sm-3 wpb_column vc_column_container\"><div class=\"vc_column-inner\"><div class=\"wpb_wrapper\"><\/div><\/div><\/div><\/div><\/div><\/section>\n","protected":false},"excerpt":{"rendered":"Cena: 59,00 z\u0142 Najni\u017csza cena z ostatnich 30 dni: 59,00 z\u0142 Out of stock Udost\u0119pnij innym: Darmowa wysy\u0142ka dla zam\u00f3wie\u0144 powy\u017cej 100 z\u0142 tylko na terenie Polski. Odkryj moc, dzi\u0119ki kt\u00f3rej nie b\u0119dziesz walczy\u0107 z dzieckiem, czyli jedno z kluczowych narz\u0119dzi PD, jak\u0105 jest \u201ePozytywna Przerwa\u201d. POZYTYWNA, bo jest pe\u0142na szacunku i wsparcia, a PRZERWA...","protected":false},"featured_media":6284,"template":"","meta":{"_acf_changed":false},"product_brand":[],"product_cat":[100,105],"product_tag":[130,143,144,146,142,140,145],"class_list":{"0":"post-4825","1":"product","2":"type-product","3":"status-publish","4":"has-post-thumbnail","6":"product_cat-ksiazki","7":"product_cat-wsparcie-dla-rodzica","8":"product_tag-jpwzd-ksiazkapd","9":"product_tag-macierzynstwo","10":"product_tag-pomoc-dla-rodzica","11":"product_tag-pozytywna-dyscyplina","12":"product_tag-rodzicielstwo","13":"product_tag-rodzicielstwo-bliskosci","14":"product_tag-wychowanie-dziecka","16":"first","17":"outofstock","18":"taxable","19":"shipping-taxable","20":"purchasable","21":"product-type-simple"},"acf":[],"yoast_head":"<!-- This site is optimized with the Yoast SEO plugin v27.4 - https:\/\/yoast.com\/product\/yoast-seo-wordpress\/ -->\n<title>Jak przesta\u0107 walczy\u0107 z dzieckiem - Julka i Szpulka - interaktywne ksi\u0105\u017cki detektywistyczne<\/title>\n<meta name=\"robots\" content=\"index, follow, max-snippet:-1, max-image-preview:large, max-video-preview:-1\" \/>\n<link rel=\"canonical\" href=\"https:\/\/julkaszpulka.pl\/sklep\/jak-przestac-walczyc-z-dzieckiem\/\" \/>\n<meta property=\"og:locale\" content=\"en_US\" \/>\n<meta property=\"og:type\" content=\"article\" \/>\n<meta property=\"og:title\" content=\"false\" \/>\n<meta property=\"og:description\" content=\"1\" \/>\n<meta property=\"og:url\" content=\"https:\/\/julkaszpulka.pl\/sklep\/jak-przestac-walczyc-z-dzieckiem\/\" \/>\n<meta property=\"og:site_name\" content=\"Julka i Szpulka - interaktywne ksi\u0105\u017cki detektywistyczne\" \/>\n<meta property=\"article:modified_time\" content=\"2024-03-04T10:15:07+00:00\" \/>\n<meta property=\"og:image\" content=\"https:\/\/julkaszpulka.pl\/wp-content\/uploads\/2022\/08\/PD-Jak-przestac-walczyc.jpg\" \/>\n\t<meta property=\"og:image:width\" content=\"1080\" \/>\n\t<meta property=\"og:image:height\" content=\"1080\" \/>\n\t<meta property=\"og:image:type\" content=\"image\/jpeg\" \/>\n<meta name=\"twitter:card\" content=\"summary_large_image\" \/>\n<meta name=\"twitter:label1\" content=\"Est. reading time\" \/>\n\t<meta name=\"twitter:data1\" content=\"3 minutes\" \/>\n<script type=\"application\/ld+json\" class=\"yoast-schema-graph\">{\"@context\":\"https:\\\/\\\/schema.org\",\"@graph\":[{\"@type\":\"WebPage\",\"@id\":\"https:\\\/\\\/julkaszpulka.pl\\\/sklep\\\/jak-przestac-walczyc-z-dzieckiem\\\/\",\"url\":\"https:\\\/\\\/julkaszpulka.pl\\\/sklep\\\/jak-przestac-walczyc-z-dzieckiem\\\/\",\"name\":\"Jak przesta\u0107 walczy\u0107 z dzieckiem - Julka i Szpulka - interaktywne ksi\u0105\u017cki detektywistyczne\",\"isPartOf\":{\"@id\":\"https:\\\/\\\/julkaszpulka.pl\\\/#website\"},\"primaryImageOfPage\":{\"@id\":\"https:\\\/\\\/julkaszpulka.pl\\\/sklep\\\/jak-przestac-walczyc-z-dzieckiem\\\/#primaryimage\"},\"image\":{\"@id\":\"https:\\\/\\\/julkaszpulka.pl\\\/sklep\\\/jak-przestac-walczyc-z-dzieckiem\\\/#primaryimage\"},\"thumbnailUrl\":\"https:\\\/\\\/julkaszpulka.pl\\\/wp-content\\\/uploads\\\/2022\\\/08\\\/PD-Jak-przestac-walczyc.jpg\",\"datePublished\":\"2022-08-21T15:13:47+00:00\",\"dateModified\":\"2024-03-04T10:15:07+00:00\",\"breadcrumb\":{\"@id\":\"https:\\\/\\\/julkaszpulka.pl\\\/sklep\\\/jak-przestac-walczyc-z-dzieckiem\\\/#breadcrumb\"},\"inLanguage\":\"en-US\",\"potentialAction\":[{\"@type\":\"ReadAction\",\"target\":[\"https:\\\/\\\/julkaszpulka.pl\\\/sklep\\\/jak-przestac-walczyc-z-dzieckiem\\\/\"]}]},{\"@type\":\"ImageObject\",\"inLanguage\":\"en-US\",\"@id\":\"https:\\\/\\\/julkaszpulka.pl\\\/sklep\\\/jak-przestac-walczyc-z-dzieckiem\\\/#primaryimage\",\"url\":\"https:\\\/\\\/julkaszpulka.pl\\\/wp-content\\\/uploads\\\/2022\\\/08\\\/PD-Jak-przestac-walczyc.jpg\",\"contentUrl\":\"https:\\\/\\\/julkaszpulka.pl\\\/wp-content\\\/uploads\\\/2022\\\/08\\\/PD-Jak-przestac-walczyc.jpg\",\"width\":1080,\"height\":1080},{\"@type\":\"BreadcrumbList\",\"@id\":\"https:\\\/\\\/julkaszpulka.pl\\\/sklep\\\/jak-przestac-walczyc-z-dzieckiem\\\/#breadcrumb\",\"itemListElement\":[{\"@type\":\"ListItem\",\"position\":1,\"name\":\"Strona g\u0142\u00f3wna\",\"item\":\"https:\\\/\\\/julkaszpulka.pl\\\/en\\\/\"},{\"@type\":\"ListItem\",\"position\":2,\"name\":\"Sklep\",\"item\":\"https:\\\/\\\/julkaszpulka.pl\\\/sklep\\\/\"},{\"@type\":\"ListItem\",\"position\":3,\"name\":\"Jak przesta\u0107 walczy\u0107 z dzieckiem\"}]},{\"@type\":\"WebSite\",\"@id\":\"https:\\\/\\\/julkaszpulka.pl\\\/#website\",\"url\":\"https:\\\/\\\/julkaszpulka.pl\\\/\",\"name\":\"Julka i Szpulka - interaktywne ksi\u0105\u017cki detektywistyczne\",\"description\":\"Wyj\u0105tkowa seria interaktywnych ksi\u0105\u017cek detektywistycznych, kt\u00f3re nie tylko si\u0119 czyta.\",\"publisher\":{\"@id\":\"https:\\\/\\\/julkaszpulka.pl\\\/#organization\"},\"potentialAction\":[{\"@type\":\"SearchAction\",\"target\":{\"@type\":\"EntryPoint\",\"urlTemplate\":\"https:\\\/\\\/julkaszpulka.pl\\\/?s={search_term_string}\"},\"query-input\":{\"@type\":\"PropertyValueSpecification\",\"valueRequired\":true,\"valueName\":\"search_term_string\"}}],\"inLanguage\":\"en-US\"},{\"@type\":\"Organization\",\"@id\":\"https:\\\/\\\/julkaszpulka.pl\\\/#organization\",\"name\":\"Julka i Szpulka - interaktywne ksi\u0105\u017cki detektywistyczne\",\"url\":\"https:\\\/\\\/julkaszpulka.pl\\\/\",\"logo\":{\"@type\":\"ImageObject\",\"inLanguage\":\"en-US\",\"@id\":\"https:\\\/\\\/julkaszpulka.pl\\\/#\\\/schema\\\/logo\\\/image\\\/\",\"url\":\"https:\\\/\\\/julkaszpulka.pl\\\/wp-content\\\/uploads\\\/2017\\\/09\\\/julkaszpulka-logo.jpg\",\"contentUrl\":\"https:\\\/\\\/julkaszpulka.pl\\\/wp-content\\\/uploads\\\/2017\\\/09\\\/julkaszpulka-logo.jpg\",\"width\":150,\"height\":100,\"caption\":\"Julka i Szpulka - interaktywne ksi\u0105\u017cki detektywistyczne\"},\"image\":{\"@id\":\"https:\\\/\\\/julkaszpulka.pl\\\/#\\\/schema\\\/logo\\\/image\\\/\"}}]}<\/script>\n<!-- \/ Yoast SEO plugin. -->","yoast_head_json":{"title":"Jak przesta\u0107 walczy\u0107 z dzieckiem - Julka i Szpulka - interaktywne ksi\u0105\u017cki detektywistyczne","robots":{"index":"index","follow":"follow","max-snippet":"max-snippet:-1","max-image-preview":"max-image-preview:large","max-video-preview":"max-video-preview:-1"},"canonical":"https:\/\/julkaszpulka.pl\/sklep\/jak-przestac-walczyc-z-dzieckiem\/","og_locale":"en_US","og_type":"article","og_title":"false","og_description":"1","og_url":"https:\/\/julkaszpulka.pl\/sklep\/jak-przestac-walczyc-z-dzieckiem\/","og_site_name":"Julka i Szpulka - interaktywne ksi\u0105\u017cki detektywistyczne","article_modified_time":"2024-03-04T10:15:07+00:00","og_image":[{"width":1080,"height":1080,"url":"https:\/\/julkaszpulka.pl\/wp-content\/uploads\/2022\/08\/PD-Jak-przestac-walczyc.jpg","type":"image\/jpeg"}],"twitter_card":"summary_large_image","twitter_misc":{"Est. reading time":"3 minutes"},"schema":{"@context":"https:\/\/schema.org","@graph":[{"@type":"WebPage","@id":"https:\/\/julkaszpulka.pl\/sklep\/jak-przestac-walczyc-z-dzieckiem\/","url":"https:\/\/julkaszpulka.pl\/sklep\/jak-przestac-walczyc-z-dzieckiem\/","name":"Jak przesta\u0107 walczy\u0107 z dzieckiem - Julka i Szpulka - interaktywne ksi\u0105\u017cki detektywistyczne","isPartOf":{"@id":"https:\/\/julkaszpulka.pl\/#website"},"primaryImageOfPage":{"@id":"https:\/\/julkaszpulka.pl\/sklep\/jak-przestac-walczyc-z-dzieckiem\/#primaryimage"},"image":{"@id":"https:\/\/julkaszpulka.pl\/sklep\/jak-przestac-walczyc-z-dzieckiem\/#primaryimage"},"thumbnailUrl":"https:\/\/julkaszpulka.pl\/wp-content\/uploads\/2022\/08\/PD-Jak-przestac-walczyc.jpg","datePublished":"2022-08-21T15:13:47+00:00","dateModified":"2024-03-04T10:15:07+00:00","breadcrumb":{"@id":"https:\/\/julkaszpulka.pl\/sklep\/jak-przestac-walczyc-z-dzieckiem\/#breadcrumb"},"inLanguage":"en-US","potentialAction":[{"@type":"ReadAction","target":["https:\/\/julkaszpulka.pl\/sklep\/jak-przestac-walczyc-z-dzieckiem\/"]}]},{"@type":"ImageObject","inLanguage":"en-US","@id":"https:\/\/julkaszpulka.pl\/sklep\/jak-przestac-walczyc-z-dzieckiem\/#primaryimage","url":"https:\/\/julkaszpulka.pl\/wp-content\/uploads\/2022\/08\/PD-Jak-przestac-walczyc.jpg","contentUrl":"https:\/\/julkaszpulka.pl\/wp-content\/uploads\/2022\/08\/PD-Jak-przestac-walczyc.jpg","width":1080,"height":1080},{"@type":"BreadcrumbList","@id":"https:\/\/julkaszpulka.pl\/sklep\/jak-przestac-walczyc-z-dzieckiem\/#breadcrumb","itemListElement":[{"@type":"ListItem","position":1,"name":"Strona g\u0142\u00f3wna","item":"https:\/\/julkaszpulka.pl\/en\/"},{"@type":"ListItem","position":2,"name":"Sklep","item":"https:\/\/julkaszpulka.pl\/sklep\/"},{"@type":"ListItem","position":3,"name":"Jak przesta\u0107 walczy\u0107 z dzieckiem"}]},{"@type":"WebSite","@id":"https:\/\/julkaszpulka.pl\/#website","url":"https:\/\/julkaszpulka.pl\/","name":"Julka i Szpulka - interaktywne ksi\u0105\u017cki detektywistyczne","description":"Wyj\u0105tkowa seria interaktywnych ksi\u0105\u017cek detektywistycznych, kt\u00f3re nie tylko si\u0119 czyta.","publisher":{"@id":"https:\/\/julkaszpulka.pl\/#organization"},"potentialAction":[{"@type":"SearchAction","target":{"@type":"EntryPoint","urlTemplate":"https:\/\/julkaszpulka.pl\/?s={search_term_string}"},"query-input":{"@type":"PropertyValueSpecification","valueRequired":true,"valueName":"search_term_string"}}],"inLanguage":"en-US"},{"@type":"Organization","@id":"https:\/\/julkaszpulka.pl\/#organization","name":"Julka i Szpulka - interaktywne ksi\u0105\u017cki detektywistyczne","url":"https:\/\/julkaszpulka.pl\/","logo":{"@type":"ImageObject","inLanguage":"en-US","@id":"https:\/\/julkaszpulka.pl\/#\/schema\/logo\/image\/","url":"https:\/\/julkaszpulka.pl\/wp-content\/uploads\/2017\/09\/julkaszpulka-logo.jpg","contentUrl":"https:\/\/julkaszpulka.pl\/wp-content\/uploads\/2017\/09\/julkaszpulka-logo.jpg","width":150,"height":100,"caption":"Julka i Szpulka - interaktywne ksi\u0105\u017cki detektywistyczne"},"image":{"@id":"https:\/\/julkaszpulka.pl\/#\/schema\/logo\/image\/"}}]}},"jetpack_sharing_enabled":false,"_links":{"self":[{"href":"https:\/\/julkaszpulka.pl\/en\/wp-json\/wp\/v2\/product\/4825","targetHints":{"allow":["GET"]}}],"collection":[{"href":"https:\/\/julkaszpulka.pl\/en\/wp-json\/wp\/v2\/product"}],"about":[{"href":"https:\/\/julkaszpulka.pl\/en\/wp-json\/wp\/v2\/types\/product"}],"wp:featuredmedia":[{"embeddable":true,"href":"https:\/\/julkaszpulka.pl\/en\/wp-json\/wp\/v2\/media\/6284"}],"wp:attachment":[{"href":"https:\/\/julkaszpulka.pl\/en\/wp-json\/wp\/v2\/media?parent=4825"}],"wp:term":[{"taxonomy":"product_brand","embeddable":true,"href":"https:\/\/julkaszpulka.pl\/en\/wp-json\/wp\/v2\/product_brand?post=4825"},{"taxonomy":"product_cat","embeddable":true,"href":"https:\/\/julkaszpulka.pl\/en\/wp-json\/wp\/v2\/product_cat?post=4825"},{"taxonomy":"product_tag","embeddable":true,"href":"https:\/\/julkaszpulka.pl\/en\/wp-json\/wp\/v2\/product_tag?post=4825"}],"curies":[{"name":"wp","href":"https:\/\/api.w.org\/{rel}","templated":true}]}}